{"id":3137,"date":"2025-10-30T11:11:03","date_gmt":"2025-10-30T10:11:03","guid":{"rendered":"https:\/\/laresidencedesindes.com\/les-chambres-1\/warli\/"},"modified":"2026-02-04T11:11:45","modified_gmt":"2026-02-04T10:11:45","slug":"warli","status":"publish","type":"page","link":"https:\/\/laresidencedesindes.com\/en\/les-chambres-1\/warli\/","title":{"rendered":"Warli"},"content":{"rendered":"<div class=\"wpb-content-wrapper\"><p>[vc_row css=&#8221;.vc_custom_1580829288850{margin-top: -60px !important;margin-bottom: -70px !important;}&#8221;][vc_column][vc_row_inner][vc_column_inner width=&#8221;1\/6&#8243;][\/vc_column_inner][vc_column_inner width=&#8221;2\/3&#8243;][vc_column_text css=&#8221;&#8221;][\/vc_column_text][vc_btn title=&#8221;Availability and tariff&#8221; color=&#8221;warning&#8221; align=&#8221;center&#8221; i_icon_fontawesome=&#8221;fas fa-calendar&#8221; css=&#8221;.vc_custom_1675346956744{margin-top: -30px !important;margin-bottom: 5px !important;}&#8221; add_icon=&#8221;true&#8221; link=&#8221;url:https%3A%2F%2Fvia.eviivo.com%2FResidencedesIndes||target:%20_blank|&#8221;][\/vc_column_inner][vc_column_inner width=&#8221;1\/6&#8243;][\/vc_column_inner][\/vc_row_inner][vc_column_text css=&#8221;&#8221;]A 37\u202fm\u00b2 suite located in the attic on the 3rd floor, composed of:<\/p>\n<ul>\n<li>A bedroom with a double bed 160\u202fcm wide, a living area with a two\u2011seater sofa and a flat\u2011screen TV, covering 15\u202fm\u00b2 (7\u202fm\u00b2 with a ceiling height above 1.8\u202fm).<\/li>\n<li>A bedroom with two single beds, each 90\u202fcm wide, and a living area of 19\u202fm\u00b2 (8\u202fm\u00b2 with a ceiling height above 1.8\u202fm).<\/li>\n<li>A 2\u202fm\u00b2 bathroom with a walk\u2011in shower, washbasin, and toilet. The two bedrooms are separated by a shared office space.<\/li>\n<\/ul>\n<p>Its d\u00e9cor follows the theme already present in the cabinet of curiosities dedicated to tribal art. The suite takes its name from the Indian Warli tribe, celebrated for its mural paintings, three examples of which adorn the room.<\/p>\n<p>It is ideal for a family of four at a much lower cost than the other suite, \u201cKama.\u201d For two guests, you may choose either the room with the large double bed or the one with two single beds, at the Residence\u2019s best rate.<\/p>\n<p>If your group exceeds two people, the additional bedroom can be rented with a simple surcharge of \u20ac40 per extra person.<\/p>\n<p><strong>Please note<\/strong>: Only 17\u202fm\u00b2 of this suite offers a ceiling height above 1.8\u202fm, within a total floor area of 37\u202fm\u00b2.[\/vc_column_text][vc_row_inner][vc_column_inner width=&#8221;1\/4&#8243;][vc_btn title=&#8221;Discover the room <i> Les Indes <\/i>&#8221; color=&#8221;warning&#8221; align=&#8221;center&#8221; link=&#8221;url:%2Fen%2Fles-chambres-1%2Fles-indes-1%2F&#8221;][\/vc_column_inner][vc_column_inner width=&#8221;1\/4&#8243;][vc_btn title=&#8221;Discover the room <i> Orient <\/i>&#8221; color=&#8221;warning&#8221; align=&#8221;center&#8221; link=&#8221;url:%2Fen%2Fles-chambres-1%2Forient-1%2F&#8221;][\/vc_column_inner][vc_column_inner width=&#8221;1\/4&#8243;][vc_btn title=&#8221;Discover the room <i> Bombay <\/i>&#8221; color=&#8221;warning&#8221; align=&#8221;center&#8221; link=&#8221;url:%2Fen%2Fles-chambres-1%2Fbombay-1%2F&#8221;][\/vc_column_inner][vc_column_inner width=&#8221;1\/4&#8243;][vc_btn title=&#8221;Discover the suite <i> Kama <\/i>&#8221; color=&#8221;warning&#8221; align=&#8221;center&#8221; css=&#8221;&#8221; link=&#8221;url:https%3A%2F%2Flaresidencedesindes.com%2Fen%2Fles-chambres-1%2Fkama%2F&#8221;][\/vc_column_inner][\/vc_row_inner][\/vc_column][\/vc_row]<\/p>\n<\/div>","protected":false},"excerpt":{"rendered":"<p>[vc_row css=&#8221;.vc_custom_1580829288850{margin-top: -60px !important;margin-bottom: -70px !important;}&#8221;][vc_column][vc_row_inner][vc_column_inner width=&#8221;1\/6&#8243;][\/vc_column_inner][vc_column_inner width=&#8221;2\/3&#8243;][vc_column_text css=&#8221;&#8221;][\/vc_column_text][vc_btn title=&#8221;Availability and tariff&#8221; color=&#8221;warning&#8221; align=&#8221;center&#8221; i_icon_fontawesome=&#8221;fas fa-calendar&#8221; css=&#8221;.vc_custom_1675346956744{margin-top: -30px !important;margin-bottom: 5px !important;}&#8221; add_icon=&#8221;true&#8221; link=&#8221;url:https%3A%2F%2Fvia.eviivo.com%2FResidencedesIndes||target:%20_blank|&#8221;][\/vc_column_inner][vc_column_inner width=&#8221;1\/6&#8243;][\/vc_column_inner][\/vc_row_inner][vc_column_text css=&#8221;&#8221;]A 37\u202fm\u00b2 suite located in the attic on the 3rd floor, composed of: A bedroom with a double bed 160\u202fcm wide, a living area with a two\u2011seater sofa and a flat\u2011screen&hellip;<\/p>\n","protected":false},"author":1,"featured_media":0,"parent":1903,"menu_order":0,"comment_status":"closed","ping_status":"closed","template":"","meta":{"footnotes":""},"class_list":["post-3137","page","type-page","status-publish","hentry","description-off"],"yoast_head":"<!-- This site is optimized with the Yoast SEO plugin v24.8.1 - https:\/\/yoast.com\/wordpress\/plugins\/seo\/ -->\n<title>Warli - La r\u00e9sidence des Indes<\/title>\n<meta name=\"robots\" content=\"index, follow, max-snippet:-1, max-image-preview:large, max-video-preview:-1\" \/>\n<link rel=\"canonical\" href=\"https:\/\/laresidencedesindes.com\/en\/les-chambres-1\/warli\/\" \/>\n<meta property=\"og:locale\" content=\"en_US\" \/>\n<meta property=\"og:type\" content=\"article\" \/>\n<meta property=\"og:title\" content=\"Warli - La r\u00e9sidence des Indes\" \/>\n<meta property=\"og:description\" content=\"[vc_row css=&#8221;.vc_custom_1580829288850{margin-top: -60px !important;margin-bottom: -70px !important;}&#8221;][vc_column][vc_row_inner][vc_column_inner width=&#8221;1\/6&#8243;][\/vc_column_inner][vc_column_inner width=&#8221;2\/3&#8243;][vc_column_text css=&#8221;&#8221;][\/vc_column_text][vc_btn title=&#8221;Availability and tariff&#8221; color=&#8221;warning&#8221; align=&#8221;center&#8221; i_icon_fontawesome=&#8221;fas fa-calendar&#8221; css=&#8221;.vc_custom_1675346956744{margin-top: -30px !important;margin-bottom: 5px !important;}&#8221; add_icon=&#8221;true&#8221; link=&#8221;url:https%3A%2F%2Fvia.eviivo.com%2FResidencedesIndes||target:%20_blank|&#8221;][\/vc_column_inner][vc_column_inner width=&#8221;1\/6&#8243;][\/vc_column_inner][\/vc_row_inner][vc_column_text css=&#8221;&#8221;]A 37\u202fm\u00b2 suite located in the attic on the 3rd floor, composed of: A bedroom with a double bed 160\u202fcm wide, a living area with a two\u2011seater sofa and a flat\u2011screen&hellip;\" \/>\n<meta property=\"og:url\" content=\"https:\/\/laresidencedesindes.com\/en\/les-chambres-1\/warli\/\" \/>\n<meta property=\"og:site_name\" content=\"La r\u00e9sidence des Indes\" \/>\n<meta property=\"article:modified_time\" content=\"2026-02-04T10:11:45+00:00\" \/>\n<meta name=\"twitter:card\" content=\"summary_large_image\" \/>\n<meta name=\"twitter:label1\" content=\"Est. reading time\" \/>\n\t<meta name=\"twitter:data1\" content=\"2 minutes\" \/>\n<script type=\"application\/ld+json\" class=\"yoast-schema-graph\">{\"@context\":\"https:\/\/schema.org\",\"@graph\":[{\"@type\":\"WebPage\",\"@id\":\"https:\/\/laresidencedesindes.com\/en\/les-chambres-1\/warli\/\",\"url\":\"https:\/\/laresidencedesindes.com\/en\/les-chambres-1\/warli\/\",\"name\":\"Warli - La r\u00e9sidence des Indes\",\"isPartOf\":{\"@id\":\"https:\/\/laresidencedesindes.com\/#website\"},\"datePublished\":\"2025-10-30T10:11:03+00:00\",\"dateModified\":\"2026-02-04T10:11:45+00:00\",\"breadcrumb\":{\"@id\":\"https:\/\/laresidencedesindes.com\/en\/les-chambres-1\/warli\/#breadcrumb\"},\"inLanguage\":\"en-US\",\"potentialAction\":[{\"@type\":\"ReadAction\",\"target\":[\"https:\/\/laresidencedesindes.com\/en\/les-chambres-1\/warli\/\"]}]},{\"@type\":\"BreadcrumbList\",\"@id\":\"https:\/\/laresidencedesindes.com\/en\/les-chambres-1\/warli\/#breadcrumb\",\"itemListElement\":[{\"@type\":\"ListItem\",\"position\":1,\"name\":\"Accueil\",\"item\":\"https:\/\/laresidencedesindes.com\/en\/\"},{\"@type\":\"ListItem\",\"position\":2,\"name\":\"Les chambres 1\",\"item\":\"https:\/\/laresidencedesindes.com\/en\/les-chambres-1\/\"},{\"@type\":\"ListItem\",\"position\":3,\"name\":\"Warli\"}]},{\"@type\":\"WebSite\",\"@id\":\"https:\/\/laresidencedesindes.com\/#website\",\"url\":\"https:\/\/laresidencedesindes.com\/\",\"name\":\"La r\u00e9sidence des Indes\",\"description\":\"Chambres d&#039;h\u00f4tes \u00e0 la Rochelle\",\"potentialAction\":[{\"@type\":\"SearchAction\",\"target\":{\"@type\":\"EntryPoint\",\"urlTemplate\":\"https:\/\/laresidencedesindes.com\/?s={search_term_string}\"},\"query-input\":{\"@type\":\"PropertyValueSpecification\",\"valueRequired\":true,\"valueName\":\"search_term_string\"}}],\"inLanguage\":\"en-US\"}]}<\/script>\n<!-- \/ Yoast SEO plugin. -->","yoast_head_json":{"title":"Warli - La r\u00e9sidence des Indes","robots":{"index":"index","follow":"follow","max-snippet":"max-snippet:-1","max-image-preview":"max-image-preview:large","max-video-preview":"max-video-preview:-1"},"canonical":"https:\/\/laresidencedesindes.com\/en\/les-chambres-1\/warli\/","og_locale":"en_US","og_type":"article","og_title":"Warli - La r\u00e9sidence des Indes","og_description":"[vc_row css=&#8221;.vc_custom_1580829288850{margin-top: -60px !important;margin-bottom: -70px !important;}&#8221;][vc_column][vc_row_inner][vc_column_inner width=&#8221;1\/6&#8243;][\/vc_column_inner][vc_column_inner width=&#8221;2\/3&#8243;][vc_column_text css=&#8221;&#8221;][\/vc_column_text][vc_btn title=&#8221;Availability and tariff&#8221; color=&#8221;warning&#8221; align=&#8221;center&#8221; i_icon_fontawesome=&#8221;fas fa-calendar&#8221; css=&#8221;.vc_custom_1675346956744{margin-top: -30px !important;margin-bottom: 5px !important;}&#8221; add_icon=&#8221;true&#8221; link=&#8221;url:https%3A%2F%2Fvia.eviivo.com%2FResidencedesIndes||target:%20_blank|&#8221;][\/vc_column_inner][vc_column_inner width=&#8221;1\/6&#8243;][\/vc_column_inner][\/vc_row_inner][vc_column_text css=&#8221;&#8221;]A 37\u202fm\u00b2 suite located in the attic on the 3rd floor, composed of: A bedroom with a double bed 160\u202fcm wide, a living area with a two\u2011seater sofa and a flat\u2011screen&hellip;","og_url":"https:\/\/laresidencedesindes.com\/en\/les-chambres-1\/warli\/","og_site_name":"La r\u00e9sidence des Indes","article_modified_time":"2026-02-04T10:11:45+00:00","twitter_card":"summary_large_image","twitter_misc":{"Est. reading time":"2 minutes"},"schema":{"@context":"https:\/\/schema.org","@graph":[{"@type":"WebPage","@id":"https:\/\/laresidencedesindes.com\/en\/les-chambres-1\/warli\/","url":"https:\/\/laresidencedesindes.com\/en\/les-chambres-1\/warli\/","name":"Warli - La r\u00e9sidence des Indes","isPartOf":{"@id":"https:\/\/laresidencedesindes.com\/#website"},"datePublished":"2025-10-30T10:11:03+00:00","dateModified":"2026-02-04T10:11:45+00:00","breadcrumb":{"@id":"https:\/\/laresidencedesindes.com\/en\/les-chambres-1\/warli\/#breadcrumb"},"inLanguage":"en-US","potentialAction":[{"@type":"ReadAction","target":["https:\/\/laresidencedesindes.com\/en\/les-chambres-1\/warli\/"]}]},{"@type":"BreadcrumbList","@id":"https:\/\/laresidencedesindes.com\/en\/les-chambres-1\/warli\/#breadcrumb","itemListElement":[{"@type":"ListItem","position":1,"name":"Accueil","item":"https:\/\/laresidencedesindes.com\/en\/"},{"@type":"ListItem","position":2,"name":"Les chambres 1","item":"https:\/\/laresidencedesindes.com\/en\/les-chambres-1\/"},{"@type":"ListItem","position":3,"name":"Warli"}]},{"@type":"WebSite","@id":"https:\/\/laresidencedesindes.com\/#website","url":"https:\/\/laresidencedesindes.com\/","name":"La r\u00e9sidence des Indes","description":"Chambres d&#039;h\u00f4tes \u00e0 la Rochelle","potentialAction":[{"@type":"SearchAction","target":{"@type":"EntryPoint","urlTemplate":"https:\/\/laresidencedesindes.com\/?s={search_term_string}"},"query-input":{"@type":"PropertyValueSpecification","valueRequired":true,"valueName":"search_term_string"}}],"inLanguage":"en-US"}]}},"_links":{"self":[{"href":"https:\/\/laresidencedesindes.com\/en\/wp-json\/wp\/v2\/pages\/3137","targetHints":{"allow":["GET"]}}],"collection":[{"href":"https:\/\/laresidencedesindes.com\/en\/wp-json\/wp\/v2\/pages"}],"about":[{"href":"https:\/\/laresidencedesindes.com\/en\/wp-json\/wp\/v2\/types\/page"}],"author":[{"embeddable":true,"href":"https:\/\/laresidencedesindes.com\/en\/wp-json\/wp\/v2\/users\/1"}],"replies":[{"embeddable":true,"href":"https:\/\/laresidencedesindes.com\/en\/wp-json\/wp\/v2\/comments?post=3137"}],"version-history":[{"count":5,"href":"https:\/\/laresidencedesindes.com\/en\/wp-json\/wp\/v2\/pages\/3137\/revisions"}],"predecessor-version":[{"id":3159,"href":"https:\/\/laresidencedesindes.com\/en\/wp-json\/wp\/v2\/pages\/3137\/revisions\/3159"}],"up":[{"embeddable":true,"href":"https:\/\/laresidencedesindes.com\/en\/wp-json\/wp\/v2\/pages\/1903"}],"wp:attachment":[{"href":"https:\/\/laresidencedesindes.com\/en\/wp-json\/wp\/v2\/media?parent=3137"}],"curies":[{"name":"wp","href":"https:\/\/api.w.org\/{rel}","templated":true}]}}