{"id":2913,"date":"2019-04-23T11:40:31","date_gmt":"2019-04-23T09:40:31","guid":{"rendered":"https:\/\/laresidencedesindes.com\/salons-de-reception\/le-jardin\/"},"modified":"2024-11-05T11:23:52","modified_gmt":"2024-11-05T10:23:52","slug":"le-jardin","status":"publish","type":"page","link":"https:\/\/laresidencedesindes.com\/en\/salons-de-reception\/le-jardin\/","title":{"rendered":"Le jardin"},"content":{"rendered":"<div class=\"wpb-content-wrapper\"><p>[vc_row css=&#8221;.vc_custom_1579876377103{margin-top: -50px !important;margin-bottom: -70px !important;}&#8221;][vc_column][vc_row_inner][vc_column_inner width=&#8221;1\/6&#8243;][\/vc_column_inner][vc_column_inner width=&#8221;2\/3&#8243;][vc_column_text css=&#8221;.vc_custom_1647617114996{margin-bottom: 10px !important;}&#8221;][\/vc_column_text][vc_btn title=&#8221;Book&#8221; color=&#8221;warning&#8221; align=&#8221;center&#8221; i_icon_fontawesome=&#8221;fas fa-calendar&#8221; css=&#8221;&#8221; add_icon=&#8221;true&#8221; link=&#8221;url:%2Fen%2Fcontactreservation-1%2F&#8221;][\/vc_column_inner][vc_column_inner width=&#8221;1\/6&#8243;][\/vc_column_inner][\/vc_row_inner][vc_row_inner][vc_column_inner][vc_empty_space height=&#8221;10&#8243;][vc_column_text css=&#8221;.vc_custom_1730801510957{margin-top: -20px !important;}&#8221;]74 rampart lane discreetly opens onto the garden and the classical rear front of the mansion.<\/p>\n<p>The garden may host up to 80 standing or seated 60 persons, with externally procured seats and tables.<\/p>\n<p>It may be used in different configurations for a cocktail, buffet or performance. In the latter configuration, the terrace can serve as a stage and the lawn for the audience. At night,its lighting gives it an eerie atmosphere.[\/vc_column_text][\/vc_column_inner][\/vc_row_inner][vc_row_inner disable_element=&#8221;yes&#8221;][vc_column_inner width=&#8221;1\/3&#8243;][vc_btn title=&#8221;D\u00e9couvrir <i>Le grand salon<\/i>&#8221; color=&#8221;warning&#8221; align=&#8221;center&#8221; link=&#8221;url:%2Fgrand-salon%2F|||&#8221;][\/vc_column_inner][vc_column_inner width=&#8221;1\/3&#8243;][vc_btn title=&#8221;D\u00e9couvrir <i>Le petit salon<\/i>&#8221; color=&#8221;warning&#8221; align=&#8221;center&#8221; link=&#8221;url:%2Fpetit-salon%2F&#8221;][\/vc_column_inner][vc_column_inner width=&#8221;1\/3&#8243;][vc_btn title=&#8221;D\u00e9couvrir <i>Le patio<\/i>&#8221; color=&#8221;warning&#8221; align=&#8221;center&#8221; link=&#8221;url:%2Fle-patio%2F&#8221;][\/vc_column_inner][\/vc_row_inner][vc_row_inner][vc_column_inner width=&#8221;1\/4&#8243;][vc_btn title=&#8221;Discover <i>The large reception hall<\/i>&#8221; color=&#8221;warning&#8221; align=&#8221;center&#8221; css=&#8221;&#8221; link=&#8221;url:%2Fen%2Fsalons-de-reception%2Fgrand-salon%2F&#8221;][\/vc_column_inner][vc_column_inner width=&#8221;1\/4&#8243;][vc_btn title=&#8221;Discover <i>The small reception hall<\/i>&#8221; color=&#8221;warning&#8221; align=&#8221;center&#8221; css=&#8221;&#8221; link=&#8221;url:%2Fen%2Fsalons-de-reception%2Fpetit-salon%2F&#8221;][\/vc_column_inner][vc_column_inner width=&#8221;1\/4&#8243;][vc_btn title=&#8221;Discover <i>The cabinet of curiosities<\/i>&#8221; color=&#8221;warning&#8221; align=&#8221;center&#8221; css=&#8221;&#8221; link=&#8221;url:%2Fen%2Fsalons-de-reception%2Fcabinet-de-curiosites%2F&#8221;][\/vc_column_inner][vc_column_inner width=&#8221;1\/4&#8243;][vc_btn title=&#8221;Discover <i>The patio<\/i>&#8221; color=&#8221;warning&#8221; align=&#8221;center&#8221; css=&#8221;&#8221; link=&#8221;url:%2Fen%2Fsalons-de-reception%2Fle-patio%2F|title:Le%20jardin&#8221;][\/vc_column_inner][\/vc_row_inner][\/vc_column][\/vc_row]<\/p>\n<\/div>","protected":false},"excerpt":{"rendered":"<p>[vc_row css=&#8221;.vc_custom_1579876377103{margin-top: -50px !important;margin-bottom: -70px !important;}&#8221;][vc_column][vc_row_inner][vc_column_inner width=&#8221;1\/6&#8243;][\/vc_column_inner][vc_column_inner width=&#8221;2\/3&#8243;][vc_column_text css=&#8221;.vc_custom_1647617114996{margin-bottom: 10px !important;}&#8221;][\/vc_column_text][vc_btn title=&#8221;Book&#8221; color=&#8221;warning&#8221; align=&#8221;center&#8221; i_icon_fontawesome=&#8221;fas fa-calendar&#8221; css=&#8221;&#8221; add_icon=&#8221;true&#8221; link=&#8221;url:%2Fen%2Fcontactreservation-1%2F&#8221;][\/vc_column_inner][vc_column_inner width=&#8221;1\/6&#8243;][\/vc_column_inner][\/vc_row_inner][vc_row_inner][vc_column_inner][vc_empty_space height=&#8221;10&#8243;][vc_column_text css=&#8221;.vc_custom_1730801510957{margin-top: -20px !important;}&#8221;]74 rampart lane discreetly opens onto the garden and the classical rear front of the mansion. The garden may host up to 80 standing or seated 60 persons, with externally procured seats&hellip;<\/p>\n","protected":false},"author":1,"featured_media":0,"parent":1927,"menu_order":0,"comment_status":"closed","ping_status":"closed","template":"","meta":{"footnotes":""},"class_list":["post-2913","page","type-page","status-publish","hentry","description-off"],"yoast_head":"<!-- This site is optimized with the Yoast SEO plugin v24.8.1 - https:\/\/yoast.com\/wordpress\/plugins\/seo\/ -->\n<title>Le jardin - La r\u00e9sidence des Indes<\/title>\n<meta name=\"robots\" content=\"index, follow, max-snippet:-1, max-image-preview:large, max-video-preview:-1\" \/>\n<link rel=\"canonical\" href=\"https:\/\/laresidencedesindes.com\/en\/salons-de-reception\/le-jardin\/\" \/>\n<meta property=\"og:locale\" content=\"en_US\" \/>\n<meta property=\"og:type\" content=\"article\" \/>\n<meta property=\"og:title\" content=\"Le jardin - La r\u00e9sidence des Indes\" \/>\n<meta property=\"og:description\" content=\"[vc_row css=&#8221;.vc_custom_1579876377103{margin-top: -50px !important;margin-bottom: -70px !important;}&#8221;][vc_column][vc_row_inner][vc_column_inner width=&#8221;1\/6&#8243;][\/vc_column_inner][vc_column_inner width=&#8221;2\/3&#8243;][vc_column_text css=&#8221;.vc_custom_1647617114996{margin-bottom: 10px !important;}&#8221;][\/vc_column_text][vc_btn title=&#8221;Book&#8221; color=&#8221;warning&#8221; align=&#8221;center&#8221; i_icon_fontawesome=&#8221;fas fa-calendar&#8221; css=&#8221;&#8221; add_icon=&#8221;true&#8221; link=&#8221;url:%2Fen%2Fcontactreservation-1%2F&#8221;][\/vc_column_inner][vc_column_inner width=&#8221;1\/6&#8243;][\/vc_column_inner][\/vc_row_inner][vc_row_inner][vc_column_inner][vc_empty_space height=&#8221;10&#8243;][vc_column_text css=&#8221;.vc_custom_1730801510957{margin-top: -20px !important;}&#8221;]74 rampart lane discreetly opens onto the garden and the classical rear front of the mansion. The garden may host up to 80 standing or seated 60 persons, with externally procured seats&hellip;\" \/>\n<meta property=\"og:url\" content=\"https:\/\/laresidencedesindes.com\/en\/salons-de-reception\/le-jardin\/\" \/>\n<meta property=\"og:site_name\" content=\"La r\u00e9sidence des Indes\" \/>\n<meta property=\"article:modified_time\" content=\"2024-11-05T10:23:52+00:00\" \/>\n<meta name=\"twitter:card\" content=\"summary_large_image\" \/>\n<meta name=\"twitter:label1\" content=\"Est. reading time\" \/>\n\t<meta name=\"twitter:data1\" content=\"1 minute\" \/>\n<script type=\"application\/ld+json\" class=\"yoast-schema-graph\">{\"@context\":\"https:\/\/schema.org\",\"@graph\":[{\"@type\":\"WebPage\",\"@id\":\"https:\/\/laresidencedesindes.com\/en\/salons-de-reception\/le-jardin\/\",\"url\":\"https:\/\/laresidencedesindes.com\/en\/salons-de-reception\/le-jardin\/\",\"name\":\"Le jardin - La r\u00e9sidence des Indes\",\"isPartOf\":{\"@id\":\"https:\/\/laresidencedesindes.com\/#website\"},\"datePublished\":\"2019-04-23T09:40:31+00:00\",\"dateModified\":\"2024-11-05T10:23:52+00:00\",\"breadcrumb\":{\"@id\":\"https:\/\/laresidencedesindes.com\/en\/salons-de-reception\/le-jardin\/#breadcrumb\"},\"inLanguage\":\"en-US\",\"potentialAction\":[{\"@type\":\"ReadAction\",\"target\":[\"https:\/\/laresidencedesindes.com\/en\/salons-de-reception\/le-jardin\/\"]}]},{\"@type\":\"BreadcrumbList\",\"@id\":\"https:\/\/laresidencedesindes.com\/en\/salons-de-reception\/le-jardin\/#breadcrumb\",\"itemListElement\":[{\"@type\":\"ListItem\",\"position\":1,\"name\":\"Accueil\",\"item\":\"https:\/\/laresidencedesindes.com\/en\/\"},{\"@type\":\"ListItem\",\"position\":2,\"name\":\"Salons de r\u00e9ception\",\"item\":\"https:\/\/laresidencedesindes.com\/en\/salons-de-reception\/\"},{\"@type\":\"ListItem\",\"position\":3,\"name\":\"Le jardin\"}]},{\"@type\":\"WebSite\",\"@id\":\"https:\/\/laresidencedesindes.com\/#website\",\"url\":\"https:\/\/laresidencedesindes.com\/\",\"name\":\"La r\u00e9sidence des Indes\",\"description\":\"Chambres d&#039;h\u00f4tes \u00e0 la Rochelle\",\"potentialAction\":[{\"@type\":\"SearchAction\",\"target\":{\"@type\":\"EntryPoint\",\"urlTemplate\":\"https:\/\/laresidencedesindes.com\/?s={search_term_string}\"},\"query-input\":{\"@type\":\"PropertyValueSpecification\",\"valueRequired\":true,\"valueName\":\"search_term_string\"}}],\"inLanguage\":\"en-US\"}]}<\/script>\n<!-- \/ Yoast SEO plugin. -->","yoast_head_json":{"title":"Le jardin - La r\u00e9sidence des Indes","robots":{"index":"index","follow":"follow","max-snippet":"max-snippet:-1","max-image-preview":"max-image-preview:large","max-video-preview":"max-video-preview:-1"},"canonical":"https:\/\/laresidencedesindes.com\/en\/salons-de-reception\/le-jardin\/","og_locale":"en_US","og_type":"article","og_title":"Le jardin - La r\u00e9sidence des Indes","og_description":"[vc_row css=&#8221;.vc_custom_1579876377103{margin-top: -50px !important;margin-bottom: -70px !important;}&#8221;][vc_column][vc_row_inner][vc_column_inner width=&#8221;1\/6&#8243;][\/vc_column_inner][vc_column_inner width=&#8221;2\/3&#8243;][vc_column_text css=&#8221;.vc_custom_1647617114996{margin-bottom: 10px !important;}&#8221;][\/vc_column_text][vc_btn title=&#8221;Book&#8221; color=&#8221;warning&#8221; align=&#8221;center&#8221; i_icon_fontawesome=&#8221;fas fa-calendar&#8221; css=&#8221;&#8221; add_icon=&#8221;true&#8221; link=&#8221;url:%2Fen%2Fcontactreservation-1%2F&#8221;][\/vc_column_inner][vc_column_inner width=&#8221;1\/6&#8243;][\/vc_column_inner][\/vc_row_inner][vc_row_inner][vc_column_inner][vc_empty_space height=&#8221;10&#8243;][vc_column_text css=&#8221;.vc_custom_1730801510957{margin-top: -20px !important;}&#8221;]74 rampart lane discreetly opens onto the garden and the classical rear front of the mansion. The garden may host up to 80 standing or seated 60 persons, with externally procured seats&hellip;","og_url":"https:\/\/laresidencedesindes.com\/en\/salons-de-reception\/le-jardin\/","og_site_name":"La r\u00e9sidence des Indes","article_modified_time":"2024-11-05T10:23:52+00:00","twitter_card":"summary_large_image","twitter_misc":{"Est. reading time":"1 minute"},"schema":{"@context":"https:\/\/schema.org","@graph":[{"@type":"WebPage","@id":"https:\/\/laresidencedesindes.com\/en\/salons-de-reception\/le-jardin\/","url":"https:\/\/laresidencedesindes.com\/en\/salons-de-reception\/le-jardin\/","name":"Le jardin - La r\u00e9sidence des Indes","isPartOf":{"@id":"https:\/\/laresidencedesindes.com\/#website"},"datePublished":"2019-04-23T09:40:31+00:00","dateModified":"2024-11-05T10:23:52+00:00","breadcrumb":{"@id":"https:\/\/laresidencedesindes.com\/en\/salons-de-reception\/le-jardin\/#breadcrumb"},"inLanguage":"en-US","potentialAction":[{"@type":"ReadAction","target":["https:\/\/laresidencedesindes.com\/en\/salons-de-reception\/le-jardin\/"]}]},{"@type":"BreadcrumbList","@id":"https:\/\/laresidencedesindes.com\/en\/salons-de-reception\/le-jardin\/#breadcrumb","itemListElement":[{"@type":"ListItem","position":1,"name":"Accueil","item":"https:\/\/laresidencedesindes.com\/en\/"},{"@type":"ListItem","position":2,"name":"Salons de r\u00e9ception","item":"https:\/\/laresidencedesindes.com\/en\/salons-de-reception\/"},{"@type":"ListItem","position":3,"name":"Le jardin"}]},{"@type":"WebSite","@id":"https:\/\/laresidencedesindes.com\/#website","url":"https:\/\/laresidencedesindes.com\/","name":"La r\u00e9sidence des Indes","description":"Chambres d&#039;h\u00f4tes \u00e0 la Rochelle","potentialAction":[{"@type":"SearchAction","target":{"@type":"EntryPoint","urlTemplate":"https:\/\/laresidencedesindes.com\/?s={search_term_string}"},"query-input":{"@type":"PropertyValueSpecification","valueRequired":true,"valueName":"search_term_string"}}],"inLanguage":"en-US"}]}},"_links":{"self":[{"href":"https:\/\/laresidencedesindes.com\/en\/wp-json\/wp\/v2\/pages\/2913","targetHints":{"allow":["GET"]}}],"collection":[{"href":"https:\/\/laresidencedesindes.com\/en\/wp-json\/wp\/v2\/pages"}],"about":[{"href":"https:\/\/laresidencedesindes.com\/en\/wp-json\/wp\/v2\/types\/page"}],"author":[{"embeddable":true,"href":"https:\/\/laresidencedesindes.com\/en\/wp-json\/wp\/v2\/users\/1"}],"replies":[{"embeddable":true,"href":"https:\/\/laresidencedesindes.com\/en\/wp-json\/wp\/v2\/comments?post=2913"}],"version-history":[{"count":6,"href":"https:\/\/laresidencedesindes.com\/en\/wp-json\/wp\/v2\/pages\/2913\/revisions"}],"predecessor-version":[{"id":2916,"href":"https:\/\/laresidencedesindes.com\/en\/wp-json\/wp\/v2\/pages\/2913\/revisions\/2916"}],"up":[{"embeddable":true,"href":"https:\/\/laresidencedesindes.com\/en\/wp-json\/wp\/v2\/pages\/1927"}],"wp:attachment":[{"href":"https:\/\/laresidencedesindes.com\/en\/wp-json\/wp\/v2\/media?parent=2913"}],"curies":[{"name":"wp","href":"https:\/\/api.w.org\/{rel}","templated":true}]}}