{"id":271,"date":"2017-07-26T11:35:24","date_gmt":"2017-07-26T09:35:24","guid":{"rendered":"http:\/\/laresidencedesindes.com\/?page_id=271\/"},"modified":"2020-02-13T13:19:41","modified_gmt":"2020-02-13T12:19:41","slug":"legal","status":"publish","type":"page","link":"https:\/\/laresidencedesindes.com\/en\/legal\/","title":{"rendered":"Legal"},"content":{"rendered":"<div class=\"wpb-content-wrapper\"><p>[vc_row css=&#8221;.vc_custom_1581596379349{margin-top: -30px !important;margin-bottom: -70px !important;}&#8221;][vc_column][vc_column_text]En vous connectant \u00e0 ce site, vous acc\u00e9dez \u00e0 un contenu prot\u00e9g\u00e9 par la loi, notamment par les dispositions du Code de la propri\u00e9t\u00e9 intellectuelle. L&#8217;\u00e9diteur n&#8217;autorise qu&#8217;un usage strictement personnel des donn\u00e9es, informations ou contenus auxquels vous acc\u00e9dez. L&#8217;utilisation ou la reproduction des images, photographies ou illustrations de ce site est strictement interdite sans l&#8217;accord de leurs auteurs. Toute infraction sera passible de poursuites judiciaires. En poursuivant votre visite de notre site vous acceptez de respecter les restrictions ci-dessous.<\/p>\n<h4><strong>1. Pr\u00e9sentation du site :<\/strong><\/h4>\n<p>Conform\u00e9ment aux dispositions des articles 6-III et 19 de la Loi n\u00b0 2004-575 du 21 juin 2004 pour la Confiance dans l&#8217;\u00e9conomie num\u00e9rique, dite L.C.E.N., nous portons \u00e0 la connaissance des utilisateurs et visiteurs du site : www.laresidencedesindes.com les informations suivantes :<br \/>\nInformations l\u00e9gales :<br \/>\nStatut du propri\u00e9taire :<br \/>\nSoci\u00e9t\u00e9 Pr\u00e9fixe : SARL<br \/>\nNom de la Soci\u00e9t\u00e9 : Ind\u2019Europe SARL<br \/>\nAdresse : 4 rue R\u00e9aumur, 17000, La Rochelle<br \/>\nT\u00e9l : +33 (0)5 46 41 94 21<br \/>\nAu Capital de : 11016,68 \u20ac<br \/>\nSIRET : 352 295 281 000 47<br \/>\nR.C.S. : 352 295 281 RCS La Rochelle<br \/>\nNum\u00e9ro TVA intracommunautaire : FR 45 352 295 281<br \/>\nAdresse de courrier \u00e9lectronique : contact@laresidencedesindes.com<br \/>\nLe Cr\u00e9ateur du site est : <a href=\"http:\/\/www.cassandre.org\" target=\"_blank\" rel=\"noopener\">Cassandre Communication<\/a><br \/>\nLes webmasters sont Beroze et Michel Sabatier<\/p>\n<h4>2. Conditions g\u00e9n\u00e9rales d\u2019utilisation du site et des services propos\u00e9s :<\/h4>\n<p>L\u2019utilisation du site <a href=\"http:\/\/residencedesindes.com\">www.laresidencedesindes.com<\/a> implique l\u2019acceptation pleine et enti\u00e8re des conditions g\u00e9n\u00e9rales d\u2019utilisation d\u00e9crites ci-apr\u00e8s. Ces conditions d\u2019utilisation sont susceptibles d\u2019\u00eatre modifi\u00e9es ou compl\u00e9t\u00e9es \u00e0 tout moment, sans pr\u00e9avis, aussi les utilisateurs du site <a href=\"http:\/\/residencedesindes.com\">www.laresidencedesindes.com<\/a> sont invit\u00e9s \u00e0 les consulter de mani\u00e8re r\u00e9guli\u00e8re. <a href=\"http:\/\/residencedesindes.com\">www.laresidencedesindes.com<\/a> est par principe accessible aux utilisateurs 24\/24h, 7\/7j, sauf interruption, programm\u00e9e ou non, pour les besoins de sa maintenance ou en cas de force majeure. En cas d\u2019impossibilit\u00e9 d\u2019acc\u00e8s au service, <a href=\"http:\/\/residencedesindes.com\">www.laresidencedesindes.com<\/a> s\u2019engage \u00e0 faire son maximum afin de r\u00e9tablir l\u2019acc\u00e8s au service et s\u2019efforcera alors de communiquer pr\u00e9alablement aux utilisateurs les dates et heures de l\u2019intervention. N\u2019\u00e9tant soumis qu\u2019\u00e0 une obligation de moyen, www.laresidencedesindes.com ne saurait \u00eatre tenu pour responsable de tout dommage, quelle qu\u2019en soit la nature, r\u00e9sultant d\u2019une indisponibilit\u00e9 du service.<\/p>\n<p>Le site <a href=\"http:\/\/residencedesindes.com\">www.laresidencedesindes.com<\/a> est mis \u00e0 jour r\u00e9guli\u00e8rement par le propri\u00e9taire du site. De la m\u00eame fa\u00e7on, les mentions l\u00e9gales peuvent \u00eatre modifi\u00e9es \u00e0 tout moment, sans pr\u00e9avis et s\u2019imposent \u00e0 l\u2019utilisateur sans r\u00e9serve. L\u2019utilisateur est r\u00e9put\u00e9 les accepter sans r\u00e9serve et s\u2019y r\u00e9f\u00e9rer r\u00e9guli\u00e8rement pour prendre connaissance des modifications. Le site <a href=\"http:\/\/residencedesindes.com\">www.laresidencedesindes.com<\/a> se r\u00e9serve aussi le droit de c\u00e9der, transf\u00e9rer, ce sans pr\u00e9avis les droits et\/ou obligations des pr\u00e9sentes CGV et mentions l\u00e9gales. En continuant \u00e0 utiliser les services du site <a href=\"http:\/\/residencedesindes.com\">www.laresidencedesindes.com<\/a> , l\u2019utilisateur reconna\u00eet accepter les modifications des conditions g\u00e9n\u00e9rales qui seraient intervenues.<\/p>\n<h4>3. Description des services fournis :<\/h4>\n<p>Le site <a href=\"http:\/\/residencedesindes.com\">www.laresidencedesindes.com<\/a> a pour objet de fournir une information concernant l\u2019ensemble des activit\u00e9s de la soci\u00e9t\u00e9. Le propri\u00e9taire du site s\u2019efforce de fournir sur le site <a href=\"http:\/\/residencedesindes.com\">www.laresidencedesindes.com<\/a> des informations aussi pr\u00e9cises que possible. Toutefois, il ne pourra \u00eatre tenu responsable des omissions, inexactitudes et carences dans la mise \u00e0 jour, qu\u2019elles soient de son fait ou du fait des tiers partenaires qui lui fournissent ces informations. Toutes les informations propos\u00e9es sur le site <a href=\"http:\/\/residencedesindes.com\">www.laresidencedesindes.com <\/a>sont donn\u00e9es \u00e0 titre indicatif, sont non exhaustives et sont susceptibles d\u2019\u00e9voluer. Elles sont donn\u00e9es sous r\u00e9serve de modifications ayant \u00e9t\u00e9 apport\u00e9es depuis leur mise en ligne.<\/p>\n<h4>4. Limites de responsabilit\u00e9 :<\/h4>\n<p>Le site <a href=\"http:\/\/residencedesindes.com\">www.laresidencedesindes.com<\/a> ne saurait \u00eatre tenu responsable des erreurs typographiques ou inexactitudes apparaissant sur le service, ou de quelque dommage subi r\u00e9sultant de son utilisation. L\u2019utilisateur reste responsable de son \u00e9quipement et de son utilisation, de m\u00eame il supporte seul les co\u00fbts directs ou indirects suite \u00e0 sa connexion \u00e0 Internet.<\/p>\n<p>L\u2019utilisateur du site <a href=\"http:\/\/residencedesindes.com\">www.laresidencedesindes.com<\/a> s\u2019engage \u00e0 acc\u00e9der \u00e0 celui-ci en utilisant un mat\u00e9riel r\u00e9cent, ne contenant pas de virus et avec un navigateur de derni\u00e8re g\u00e9n\u00e9ration mise \u00e0 jour.<\/p>\n<p>L\u2019utilisateur d\u00e9gage la responsabilit\u00e9 de <a href=\"http:\/\/residencedesindes.com\">www.laresidencedesindes.com<\/a> pour tout pr\u00e9judice qu\u2019il pourrait subir ou faire subir, directement ou indirectement, du fait des services propos\u00e9s. Seule la responsabilit\u00e9 de l\u2019utilisateur est engag\u00e9e par l\u2019utilisation du service propos\u00e9 et celui-ci d\u00e9gage express\u00e9ment le site <a href=\"http:\/\/residencedesindes.com\">www.laresidencedesindes.com<\/a> de toute responsabilit\u00e9 vis \u00e0 vis de tiers. Il est ici rappel\u00e9 que les d\u00e9veloppeurs du site <a href=\"http:\/\/residencedesindes.com\">www.laresidencedesindes.com<\/a> gardent trace de l&#8217;adresse mail, et de l&#8217;adresse IP de l&#8217;utilisateur. En cons\u00e9quence, il doit \u00eatre conscient qu&#8217;en cas d&#8217;injonction de l\u2019autorit\u00e9 judiciaire, il peut \u00eatre retrouv\u00e9 et poursuivi.<\/p>\n<h4>5. Propri\u00e9t\u00e9 intellectuelle et contrefa\u00e7ons :<\/h4>\n<p>Le propri\u00e9taire du site est propri\u00e9taire des droits de propri\u00e9t\u00e9 intellectuelle et d\u00e9tient les droits d\u2019usage sur tous les \u00e9l\u00e9ments accessibles sur le site, notamment les textes, images, graphismes, logo\u2026 Toute reproduction, repr\u00e9sentation, modification, publication, adaptation totale ou partielle des \u00e9l\u00e9ments du site, quel que soit le moyen ou le proc\u00e9d\u00e9 utilis\u00e9, est interdite, sauf autorisation \u00e9crite pr\u00e9alable \u00e0 l\u2019adresse de courriel : <a href=\"mailto:contact@laresidencedesindes.com\">contact@laresidencedesindes.com<\/a>. Toute exploitation non autoris\u00e9e du site ou de l\u2019un quelconque des \u00e9l\u00e9ments qu\u2019il contient sera consid\u00e9r\u00e9e comme constitutive d\u2019une contrefa\u00e7on et poursuivie conform\u00e9ment aux dispositions des articles L.335-2 et suivants du Code de la Propri\u00e9t\u00e9 Intellectuelle.<\/p>\n<h4>6. Liens hypertextes et cookies :<\/h4>\n<p>Le site <a href=\"http:\/\/residencedesindes.com\">www.laresidencedesindes.com<\/a> contient un certain nombre de liens hypertextes vers d\u2019autres sites (partenaires, informations\u2026) mis en place avec l\u2019autorisation du propri\u00e9taire du site. Cependant, le propri\u00e9taire du site n\u2019a pas la possibilit\u00e9 de v\u00e9rifier le contenu des sites ainsi visit\u00e9s et d\u00e9cline donc toute responsabilit\u00e9 de ce fait quand aux risques \u00e9ventuels de contenus illicites.<\/p>\n<p>L\u2019utilisateur est inform\u00e9 que lors de ses visites sur le site www.laresidencedesindes.com, un ou plusieurs cookies sont susceptibles de s\u2019installer automatiquement sur son ordinateur. Un cookie est un fichier de petite taille qui ne permet pas l\u2019identification de l\u2019utilisateur, mais qui enregistre des informations relatives \u00e0 la navigation d\u2019un ordinateur sur un site. Les donn\u00e9es ainsi obtenues visent \u00e0 faciliter la navigation ult\u00e9rieure sur le site et ont \u00e9galement vocation \u00e0 permettre diverses mesures de fr\u00e9quentation.<\/p>\n<p>Le param\u00e9trage du logiciel de navigation permet d\u2019informer de la pr\u00e9sence de cookie et \u00e9ventuellement, de refuser de la mani\u00e8re d\u00e9crite \u00e0 l\u2019adresse suivante : www.cnil.fr. Le refus d\u2019installation d\u2019un cookie peut entra\u00eener l\u2019impossibilit\u00e9 d\u2019acc\u00e9der \u00e0 certains services. L\u2019utilisateur peut toutefois configurer son ordinateur de la mani\u00e8re suivante pour refuser l\u2019installation des cookies : Sous Internet Explorer : onglet outil \/ options internet. Cliquez sur \u00ab Confidentialit\u00e9 \u00bb et choisissez \u00ab Bloquer tous les cookies \u00bb. Validez sur \u00ab Ok \u00bb.<\/p>\n<h4>7. Droit applicable et attribution de juridiction :<\/h4>\n<p>Tout litige en relation avec l\u2019utilisation du site <a href=\"http:\/\/residencedesindes.com\">www.laresidencedesindes.com<\/a> est soumis au droit fran\u00e7ais. L\u2019utilisateur ainsi que <a href=\"http:\/\/residencedesindes.com\">www.laresidencedesindes.com<\/a> acceptent de se soumettre \u00e0 la comp\u00e9tence exclusive des tribunaux Fran\u00e7ais en cas de litige.<\/p>\n<h4>8. Protection des biens et des personnes &#8211; gestion des donn\u00e9es personnelles :<\/h4>\n<p>Utilisateur : Internaute se connectant, utilisant le site susnomm\u00e9 : <a href=\"http:\/\/residencedesindes.com\">www.laresidencedesindes.com<br \/>\n<\/a>En France, les donn\u00e9es personnelles sont notamment prot\u00e9g\u00e9es par la loi n\u00b0 78-87 du 6 janvier 1978, la loi n\u00b0 2004-801 du 6 ao\u00fbt 2004, l&#8217;article L. 226-13 du Code p\u00e9nal et la Directive Europ\u00e9enne du 24 octobre 1995.<\/p>\n<p>Sur le site <a href=\"http:\/\/residencedesindes.com\">www.laresidencedesindes.com<\/a>, son propri\u00e9taire ne collecte des informations personnelles relatives \u00e0 l&#8217;utilisateur que pour le besoin de certains services propos\u00e9s par le site. L&#8217;utilisateur fournit ces informations en toute connaissance de cause, notamment lorsqu&#8217;il proc\u00e8de par lui-m\u00eame \u00e0 leur saisie. Il est alors pr\u00e9cis\u00e9 \u00e0 l&#8217;utilisateur du site www.laresidencedesindes.com l\u2019obligation ou non de fournir ces informations. Conform\u00e9ment aux dispositions des articles 38 et suivants de la loi 78-17 du 6 janvier 1978 relative \u00e0 l\u2019informatique, aux fichiers et aux libert\u00e9s, tout utilisateur dispose d\u2019un droit d\u2019acc\u00e8s, de rectification, de suppression et d\u2019opposition aux donn\u00e9es personnelles le concernant. Pour l\u2019exercer, adressez votre demande \u00e0 <a href=\"http:\/\/residencedesindes.com\">www.laresidencedesindes.com<\/a> par email ou en effectuant votre demande \u00e9crite et sign\u00e9e, accompagn\u00e9e d\u2019une copie du titre d\u2019identit\u00e9, avec signature du titulaire de la pi\u00e8ce, en pr\u00e9cisant l\u2019adresse \u00e0 laquelle la r\u00e9ponse doit \u00eatre envoy\u00e9e.<\/p>\n<p>Aucune information personnelle de l&#8217;utilisateur du site <a href=\"http:\/\/residencedesindes.com\">www.laresidencedesindes.com<\/a> n&#8217;est publi\u00e9e, \u00e9chang\u00e9e, transf\u00e9r\u00e9e, c\u00e9d\u00e9e ou vendue sur un support quelconque \u00e0 des tiers \u00e0 l&#8217;insu de l&#8217;utilisateur. Seule l&#8217;hypoth\u00e8se du rachat du site <a href=\"http:\/\/residencedesindes.com\">www.laresidencedesindes.com<\/a> aux propri\u00e9taires du site et de ses droits permettrait la transmission des dites informations \u00e0 l&#8217;\u00e9ventuel acqu\u00e9reur qui serait \u00e0 son tour tenu de la m\u00eame obligation de conservation et de modification des donn\u00e9es vis \u00e0 vis de l&#8217;utilisateur du site <a href=\"http:\/\/residencedesindes.com\">www.laresidencedesindes.com<\/a>.<\/p>\n<p>Les bases de donn\u00e9es sont prot\u00e9g\u00e9es par les dispositions de la loi du 1er juillet 1998 transposant la directive 96\/9 du 11 mars 1996 relative \u00e0 la protection juridique des bases de donn\u00e9es.<\/p>\n<h4>9.\u00a0Cr\u00e9dits Photo :<\/h4>\n<p>\u00a9 Franck Debard, C.A.D[\/vc_column_text][\/vc_column][\/vc_row]<\/p>\n<\/div>","protected":false},"excerpt":{"rendered":"<p>[vc_row css=&#8221;.vc_custom_1581596379349{margin-top: -30px !important;margin-bottom: -70px !important;}&#8221;][vc_column][vc_column_text]En vous connectant \u00e0 ce site, vous acc\u00e9dez \u00e0 un contenu prot\u00e9g\u00e9 par la loi, notamment par les dispositions du Code de la propri\u00e9t\u00e9 intellectuelle. L&#8217;\u00e9diteur n&#8217;autorise qu&#8217;un usage strictement personnel des donn\u00e9es, informations ou contenus auxquels vous acc\u00e9dez. L&#8217;utilisation ou la reproduction des images, photographies ou illustrations de ce&hellip;<\/p>\n","protected":false},"author":1,"featured_media":0,"parent":0,"menu_order":0,"comment_status":"closed","ping_status":"closed","template":"","meta":{"footnotes":""},"class_list":["post-271","page","type-page","status-publish","hentry","description-off"],"yoast_head":"<!-- This site is optimized with the Yoast SEO plugin v24.8.1 - https:\/\/yoast.com\/wordpress\/plugins\/seo\/ -->\n<title>Legal - La r\u00e9sidence des Indes<\/title>\n<meta name=\"robots\" content=\"index, follow, max-snippet:-1, max-image-preview:large, max-video-preview:-1\" \/>\n<link rel=\"canonical\" href=\"https:\/\/laresidencedesindes.com\/en\/legal\/\" \/>\n<meta property=\"og:locale\" content=\"en_US\" \/>\n<meta property=\"og:type\" content=\"article\" \/>\n<meta property=\"og:title\" content=\"Legal - La r\u00e9sidence des Indes\" \/>\n<meta property=\"og:description\" content=\"[vc_row css=&#8221;.vc_custom_1581596379349{margin-top: -30px !important;margin-bottom: -70px !important;}&#8221;][vc_column][vc_column_text]En vous connectant \u00e0 ce site, vous acc\u00e9dez \u00e0 un contenu prot\u00e9g\u00e9 par la loi, notamment par les dispositions du Code de la propri\u00e9t\u00e9 intellectuelle. L&#8217;\u00e9diteur n&#8217;autorise qu&#8217;un usage strictement personnel des donn\u00e9es, informations ou contenus auxquels vous acc\u00e9dez. L&#8217;utilisation ou la reproduction des images, photographies ou illustrations de ce&hellip;\" \/>\n<meta property=\"og:url\" content=\"https:\/\/laresidencedesindes.com\/en\/legal\/\" \/>\n<meta property=\"og:site_name\" content=\"La r\u00e9sidence des Indes\" \/>\n<meta property=\"article:modified_time\" content=\"2020-02-13T12:19:41+00:00\" \/>\n<meta name=\"twitter:card\" content=\"summary_large_image\" \/>\n<meta name=\"twitter:label1\" content=\"Est. reading time\" \/>\n\t<meta name=\"twitter:data1\" content=\"8 minutes\" \/>\n<script type=\"application\/ld+json\" class=\"yoast-schema-graph\">{\"@context\":\"https:\/\/schema.org\",\"@graph\":[{\"@type\":\"WebPage\",\"@id\":\"https:\/\/laresidencedesindes.com\/en\/legal\/\",\"url\":\"https:\/\/laresidencedesindes.com\/en\/legal\/\",\"name\":\"Legal - La r\u00e9sidence des Indes\",\"isPartOf\":{\"@id\":\"https:\/\/laresidencedesindes.com\/#website\"},\"datePublished\":\"2017-07-26T09:35:24+00:00\",\"dateModified\":\"2020-02-13T12:19:41+00:00\",\"breadcrumb\":{\"@id\":\"https:\/\/laresidencedesindes.com\/en\/legal\/#breadcrumb\"},\"inLanguage\":\"en-US\",\"potentialAction\":[{\"@type\":\"ReadAction\",\"target\":[\"https:\/\/laresidencedesindes.com\/en\/legal\/\"]}]},{\"@type\":\"BreadcrumbList\",\"@id\":\"https:\/\/laresidencedesindes.com\/en\/legal\/#breadcrumb\",\"itemListElement\":[{\"@type\":\"ListItem\",\"position\":1,\"name\":\"Accueil\",\"item\":\"https:\/\/laresidencedesindes.com\/en\/\"},{\"@type\":\"ListItem\",\"position\":2,\"name\":\"Legal\"}]},{\"@type\":\"WebSite\",\"@id\":\"https:\/\/laresidencedesindes.com\/#website\",\"url\":\"https:\/\/laresidencedesindes.com\/\",\"name\":\"La r\u00e9sidence des Indes\",\"description\":\"Chambres d&#039;h\u00f4tes \u00e0 la Rochelle\",\"potentialAction\":[{\"@type\":\"SearchAction\",\"target\":{\"@type\":\"EntryPoint\",\"urlTemplate\":\"https:\/\/laresidencedesindes.com\/?s={search_term_string}\"},\"query-input\":{\"@type\":\"PropertyValueSpecification\",\"valueRequired\":true,\"valueName\":\"search_term_string\"}}],\"inLanguage\":\"en-US\"}]}<\/script>\n<!-- \/ Yoast SEO plugin. -->","yoast_head_json":{"title":"Legal - La r\u00e9sidence des Indes","robots":{"index":"index","follow":"follow","max-snippet":"max-snippet:-1","max-image-preview":"max-image-preview:large","max-video-preview":"max-video-preview:-1"},"canonical":"https:\/\/laresidencedesindes.com\/en\/legal\/","og_locale":"en_US","og_type":"article","og_title":"Legal - La r\u00e9sidence des Indes","og_description":"[vc_row css=&#8221;.vc_custom_1581596379349{margin-top: -30px !important;margin-bottom: -70px !important;}&#8221;][vc_column][vc_column_text]En vous connectant \u00e0 ce site, vous acc\u00e9dez \u00e0 un contenu prot\u00e9g\u00e9 par la loi, notamment par les dispositions du Code de la propri\u00e9t\u00e9 intellectuelle. L&#8217;\u00e9diteur n&#8217;autorise qu&#8217;un usage strictement personnel des donn\u00e9es, informations ou contenus auxquels vous acc\u00e9dez. L&#8217;utilisation ou la reproduction des images, photographies ou illustrations de ce&hellip;","og_url":"https:\/\/laresidencedesindes.com\/en\/legal\/","og_site_name":"La r\u00e9sidence des Indes","article_modified_time":"2020-02-13T12:19:41+00:00","twitter_card":"summary_large_image","twitter_misc":{"Est. reading time":"8 minutes"},"schema":{"@context":"https:\/\/schema.org","@graph":[{"@type":"WebPage","@id":"https:\/\/laresidencedesindes.com\/en\/legal\/","url":"https:\/\/laresidencedesindes.com\/en\/legal\/","name":"Legal - La r\u00e9sidence des Indes","isPartOf":{"@id":"https:\/\/laresidencedesindes.com\/#website"},"datePublished":"2017-07-26T09:35:24+00:00","dateModified":"2020-02-13T12:19:41+00:00","breadcrumb":{"@id":"https:\/\/laresidencedesindes.com\/en\/legal\/#breadcrumb"},"inLanguage":"en-US","potentialAction":[{"@type":"ReadAction","target":["https:\/\/laresidencedesindes.com\/en\/legal\/"]}]},{"@type":"BreadcrumbList","@id":"https:\/\/laresidencedesindes.com\/en\/legal\/#breadcrumb","itemListElement":[{"@type":"ListItem","position":1,"name":"Accueil","item":"https:\/\/laresidencedesindes.com\/en\/"},{"@type":"ListItem","position":2,"name":"Legal"}]},{"@type":"WebSite","@id":"https:\/\/laresidencedesindes.com\/#website","url":"https:\/\/laresidencedesindes.com\/","name":"La r\u00e9sidence des Indes","description":"Chambres d&#039;h\u00f4tes \u00e0 la Rochelle","potentialAction":[{"@type":"SearchAction","target":{"@type":"EntryPoint","urlTemplate":"https:\/\/laresidencedesindes.com\/?s={search_term_string}"},"query-input":{"@type":"PropertyValueSpecification","valueRequired":true,"valueName":"search_term_string"}}],"inLanguage":"en-US"}]}},"_links":{"self":[{"href":"https:\/\/laresidencedesindes.com\/en\/wp-json\/wp\/v2\/pages\/271","targetHints":{"allow":["GET"]}}],"collection":[{"href":"https:\/\/laresidencedesindes.com\/en\/wp-json\/wp\/v2\/pages"}],"about":[{"href":"https:\/\/laresidencedesindes.com\/en\/wp-json\/wp\/v2\/types\/page"}],"author":[{"embeddable":true,"href":"https:\/\/laresidencedesindes.com\/en\/wp-json\/wp\/v2\/users\/1"}],"replies":[{"embeddable":true,"href":"https:\/\/laresidencedesindes.com\/en\/wp-json\/wp\/v2\/comments?post=271"}],"version-history":[{"count":10,"href":"https:\/\/laresidencedesindes.com\/en\/wp-json\/wp\/v2\/pages\/271\/revisions"}],"predecessor-version":[{"id":2065,"href":"https:\/\/laresidencedesindes.com\/en\/wp-json\/wp\/v2\/pages\/271\/revisions\/2065"}],"wp:attachment":[{"href":"https:\/\/laresidencedesindes.com\/en\/wp-json\/wp\/v2\/media?parent=271"}],"curies":[{"name":"wp","href":"https:\/\/api.w.org\/{rel}","templated":true}]}}