{"id":2264,"date":"2020-08-31T17:48:57","date_gmt":"2020-08-31T15:48:57","guid":{"rendered":"http:\/\/laresidencedesindes.com\/?page_id=2264"},"modified":"2026-04-01T14:42:50","modified_gmt":"2026-04-01T12:42:50","slug":"museum","status":"publish","type":"page","link":"https:\/\/laresidencedesindes.com\/en\/museum\/","title":{"rendered":"Museum"},"content":{"rendered":"<div class=\"wpb-content-wrapper\"><p>[vc_row css=&#8221;.vc_custom_1598888807760{margin-top: -50px !important;margin-bottom: -70px !important;}&#8221;][vc_column][vc_row_inner][vc_column_inner width=&#8221;1\/6&#8243;][\/vc_column_inner][vc_column_inner width=&#8221;2\/3&#8243;][vc_column_text][\/vc_column_text][\/vc_column_inner][vc_column_inner width=&#8221;1\/6&#8243;][\/vc_column_inner][\/vc_row_inner][vc_row_inner][vc_column_inner][vc_column_text css=&#8221;.vc_custom_1775047366547{margin-top: -20px !important;}&#8221;]The museum of the Residence des Indes offers to discover the interior of a typical merchant mansion of La Rochelle in the 18th century, its \u00ab Golden century \u00bb, which has been fully restored with furniture and art objects of the period, as well as art objects originating from the Orient that well-to-do people would then be very fond of : chinaware, chinese lacquer, Indian printed fabric, etc.<\/p>\n<p>Any order at the tea room will entitle you to a free visit. Guided visits are also available on appointment for a group of 8 persons minimum at 15\u20ac\/p. To set up an appointment, write to us at: <a href=\"mailto:contact@laresidencedesindes.com\">contact@laresidencedesindes.com<\/a><\/p>\n<p>Other exhibited precious art objects originate from various oriental cultures, such as Burma, Siam (modern Thailand), Japan and India.<\/p>\n<p>Complete your round tour of the World in the former dining hall, which has been converted into a cabinet of tribal curiosities, in the 18th century spirit, originating from Africa, pre-colombian America, India and the Pacific.<\/p>\n<p>Finally, discover the cultural renaissance of La Rochelle in the 1960-90\u2019s, of which La Rochelle citizens still benefit today.<\/p>\n<p>Each objet bears a legend. Each family of objects is documented. This information is made available through panels and\/or QR codes that be scanned on your mobile phone.<\/p>\n<p>Guided visits are available for groups of 8 persons minimum at 15\u20ac\/p on appointment.\u00a0For enquiries, send an email at <a href=\"mailto:contact@laresidencedesindes.com\">contact@laresidencedesindes.com<\/a> or call at +33 (0)5 46 41 94 21<\/p>\n<p>Regular cultural events are organized as &#8220;Escales au Salon&#8221; (&#8220;calls at the hall&#8221;): conferences that narrate the history of the Residence, of its art collections or that of La Rochelle with the Orient, tea tasting sessions, concerts, reading workshops, yoga or meditation courses, etc. any event that benefits from the special flavour of few participants in a cosy vintage hall.<\/p>\n<p>Dates of events are available on our Facebook page: <a href=\"https:\/\/www.facebook.com\/laresidencedesindes\" target=\"_blank\" rel=\"noopener\">@laresidencedesindes<\/a> or on our website: <a href=\"http:\/\/www.laresidencedesindes.com\">www.laresidencedesindes.com<\/a>[\/vc_column_text][\/vc_column_inner][\/vc_row_inner][\/vc_column][\/vc_row][vc_row disable_element=&#8221;yes&#8221;][vc_column][vc_row_inner disable_element=&#8221;yes&#8221;][vc_column_inner width=&#8221;1\/4&#8243;][\/vc_column_inner][vc_column_inner width=&#8221;1\/4&#8243;][vc_btn title=&#8221;D\u00e9couvrir <i>Le grand salon<\/i>&#8221; color=&#8221;warning&#8221; align=&#8221;center&#8221; link=&#8221;url:%2Fgrand-salon%2F|||&#8221;][\/vc_column_inner][vc_column_inner width=&#8221;1\/4&#8243;][vc_btn title=&#8221;D\u00e9couvrir <i>Le petit salon<\/i>&#8221; color=&#8221;warning&#8221; align=&#8221;center&#8221; link=&#8221;url:%2Fpetit-salon%2F|||&#8221;][\/vc_column_inner][vc_column_inner width=&#8221;1\/4&#8243;][vc_video link=&#8221;https:\/\/youtu.be\/OMnby9In92Q&#8221; el_width=&#8221;70&#8243; align=&#8221;center&#8221;][\/vc_column_inner][\/vc_row_inner][\/vc_column][\/vc_row]<\/p>\n<\/div>","protected":false},"excerpt":{"rendered":"<p>[vc_row css=&#8221;.vc_custom_1598888807760{margin-top: -50px !important;margin-bottom: -70px !important;}&#8221;][vc_column][vc_row_inner][vc_column_inner width=&#8221;1\/6&#8243;][\/vc_column_inner][vc_column_inner width=&#8221;2\/3&#8243;][vc_column_text][\/vc_column_text][\/vc_column_inner][vc_column_inner width=&#8221;1\/6&#8243;][\/vc_column_inner][\/vc_row_inner][vc_row_inner][vc_column_inner][vc_column_text css=&#8221;.vc_custom_1775047366547{margin-top: -20px !important;}&#8221;]The museum of the Residence des Indes offers to discover the interior of a typical merchant mansion of La Rochelle in the 18th century, its \u00ab Golden century \u00bb, which has been fully restored with furniture and art objects of the period, as well&hellip;<\/p>\n","protected":false},"author":1,"featured_media":0,"parent":0,"menu_order":0,"comment_status":"closed","ping_status":"closed","template":"","meta":{"footnotes":""},"class_list":["post-2264","page","type-page","status-publish","hentry","description-off"],"yoast_head":"<!-- This site is optimized with the Yoast SEO plugin v24.8.1 - https:\/\/yoast.com\/wordpress\/plugins\/seo\/ -->\n<title>Museum - La r\u00e9sidence des Indes<\/title>\n<meta name=\"robots\" content=\"index, follow, max-snippet:-1, max-image-preview:large, max-video-preview:-1\" \/>\n<link rel=\"canonical\" href=\"https:\/\/laresidencedesindes.com\/en\/museum\/\" \/>\n<meta property=\"og:locale\" content=\"en_US\" \/>\n<meta property=\"og:type\" content=\"article\" \/>\n<meta property=\"og:title\" content=\"Museum - La r\u00e9sidence des Indes\" \/>\n<meta property=\"og:description\" content=\"[vc_row css=&#8221;.vc_custom_1598888807760{margin-top: -50px !important;margin-bottom: -70px !important;}&#8221;][vc_column][vc_row_inner][vc_column_inner width=&#8221;1\/6&#8243;][\/vc_column_inner][vc_column_inner width=&#8221;2\/3&#8243;][vc_column_text][\/vc_column_text][\/vc_column_inner][vc_column_inner width=&#8221;1\/6&#8243;][\/vc_column_inner][\/vc_row_inner][vc_row_inner][vc_column_inner][vc_column_text css=&#8221;.vc_custom_1775047366547{margin-top: -20px !important;}&#8221;]The museum of the Residence des Indes offers to discover the interior of a typical merchant mansion of La Rochelle in the 18th century, its \u00ab Golden century \u00bb, which has been fully restored with furniture and art objects of the period, as well&hellip;\" \/>\n<meta property=\"og:url\" content=\"https:\/\/laresidencedesindes.com\/en\/museum\/\" \/>\n<meta property=\"og:site_name\" content=\"La r\u00e9sidence des Indes\" \/>\n<meta property=\"article:modified_time\" content=\"2026-04-01T12:42:50+00:00\" \/>\n<meta name=\"twitter:card\" content=\"summary_large_image\" \/>\n<meta name=\"twitter:label1\" content=\"Est. reading time\" \/>\n\t<meta name=\"twitter:data1\" content=\"2 minutes\" \/>\n<script type=\"application\/ld+json\" class=\"yoast-schema-graph\">{\"@context\":\"https:\/\/schema.org\",\"@graph\":[{\"@type\":\"WebPage\",\"@id\":\"https:\/\/laresidencedesindes.com\/en\/museum\/\",\"url\":\"https:\/\/laresidencedesindes.com\/en\/museum\/\",\"name\":\"Museum - La r\u00e9sidence des Indes\",\"isPartOf\":{\"@id\":\"https:\/\/laresidencedesindes.com\/#website\"},\"datePublished\":\"2020-08-31T15:48:57+00:00\",\"dateModified\":\"2026-04-01T12:42:50+00:00\",\"breadcrumb\":{\"@id\":\"https:\/\/laresidencedesindes.com\/en\/museum\/#breadcrumb\"},\"inLanguage\":\"en-US\",\"potentialAction\":[{\"@type\":\"ReadAction\",\"target\":[\"https:\/\/laresidencedesindes.com\/en\/museum\/\"]}]},{\"@type\":\"BreadcrumbList\",\"@id\":\"https:\/\/laresidencedesindes.com\/en\/museum\/#breadcrumb\",\"itemListElement\":[{\"@type\":\"ListItem\",\"position\":1,\"name\":\"Accueil\",\"item\":\"https:\/\/laresidencedesindes.com\/en\/\"},{\"@type\":\"ListItem\",\"position\":2,\"name\":\"Museum\"}]},{\"@type\":\"WebSite\",\"@id\":\"https:\/\/laresidencedesindes.com\/#website\",\"url\":\"https:\/\/laresidencedesindes.com\/\",\"name\":\"La r\u00e9sidence des Indes\",\"description\":\"Chambres d&#039;h\u00f4tes \u00e0 la Rochelle\",\"potentialAction\":[{\"@type\":\"SearchAction\",\"target\":{\"@type\":\"EntryPoint\",\"urlTemplate\":\"https:\/\/laresidencedesindes.com\/?s={search_term_string}\"},\"query-input\":{\"@type\":\"PropertyValueSpecification\",\"valueRequired\":true,\"valueName\":\"search_term_string\"}}],\"inLanguage\":\"en-US\"}]}<\/script>\n<!-- \/ Yoast SEO plugin. -->","yoast_head_json":{"title":"Museum - La r\u00e9sidence des Indes","robots":{"index":"index","follow":"follow","max-snippet":"max-snippet:-1","max-image-preview":"max-image-preview:large","max-video-preview":"max-video-preview:-1"},"canonical":"https:\/\/laresidencedesindes.com\/en\/museum\/","og_locale":"en_US","og_type":"article","og_title":"Museum - La r\u00e9sidence des Indes","og_description":"[vc_row css=&#8221;.vc_custom_1598888807760{margin-top: -50px !important;margin-bottom: -70px !important;}&#8221;][vc_column][vc_row_inner][vc_column_inner width=&#8221;1\/6&#8243;][\/vc_column_inner][vc_column_inner width=&#8221;2\/3&#8243;][vc_column_text][\/vc_column_text][\/vc_column_inner][vc_column_inner width=&#8221;1\/6&#8243;][\/vc_column_inner][\/vc_row_inner][vc_row_inner][vc_column_inner][vc_column_text css=&#8221;.vc_custom_1775047366547{margin-top: -20px !important;}&#8221;]The museum of the Residence des Indes offers to discover the interior of a typical merchant mansion of La Rochelle in the 18th century, its \u00ab Golden century \u00bb, which has been fully restored with furniture and art objects of the period, as well&hellip;","og_url":"https:\/\/laresidencedesindes.com\/en\/museum\/","og_site_name":"La r\u00e9sidence des Indes","article_modified_time":"2026-04-01T12:42:50+00:00","twitter_card":"summary_large_image","twitter_misc":{"Est. reading time":"2 minutes"},"schema":{"@context":"https:\/\/schema.org","@graph":[{"@type":"WebPage","@id":"https:\/\/laresidencedesindes.com\/en\/museum\/","url":"https:\/\/laresidencedesindes.com\/en\/museum\/","name":"Museum - La r\u00e9sidence des Indes","isPartOf":{"@id":"https:\/\/laresidencedesindes.com\/#website"},"datePublished":"2020-08-31T15:48:57+00:00","dateModified":"2026-04-01T12:42:50+00:00","breadcrumb":{"@id":"https:\/\/laresidencedesindes.com\/en\/museum\/#breadcrumb"},"inLanguage":"en-US","potentialAction":[{"@type":"ReadAction","target":["https:\/\/laresidencedesindes.com\/en\/museum\/"]}]},{"@type":"BreadcrumbList","@id":"https:\/\/laresidencedesindes.com\/en\/museum\/#breadcrumb","itemListElement":[{"@type":"ListItem","position":1,"name":"Accueil","item":"https:\/\/laresidencedesindes.com\/en\/"},{"@type":"ListItem","position":2,"name":"Museum"}]},{"@type":"WebSite","@id":"https:\/\/laresidencedesindes.com\/#website","url":"https:\/\/laresidencedesindes.com\/","name":"La r\u00e9sidence des Indes","description":"Chambres d&#039;h\u00f4tes \u00e0 la Rochelle","potentialAction":[{"@type":"SearchAction","target":{"@type":"EntryPoint","urlTemplate":"https:\/\/laresidencedesindes.com\/?s={search_term_string}"},"query-input":{"@type":"PropertyValueSpecification","valueRequired":true,"valueName":"search_term_string"}}],"inLanguage":"en-US"}]}},"_links":{"self":[{"href":"https:\/\/laresidencedesindes.com\/en\/wp-json\/wp\/v2\/pages\/2264","targetHints":{"allow":["GET"]}}],"collection":[{"href":"https:\/\/laresidencedesindes.com\/en\/wp-json\/wp\/v2\/pages"}],"about":[{"href":"https:\/\/laresidencedesindes.com\/en\/wp-json\/wp\/v2\/types\/page"}],"author":[{"embeddable":true,"href":"https:\/\/laresidencedesindes.com\/en\/wp-json\/wp\/v2\/users\/1"}],"replies":[{"embeddable":true,"href":"https:\/\/laresidencedesindes.com\/en\/wp-json\/wp\/v2\/comments?post=2264"}],"version-history":[{"count":11,"href":"https:\/\/laresidencedesindes.com\/en\/wp-json\/wp\/v2\/pages\/2264\/revisions"}],"predecessor-version":[{"id":3192,"href":"https:\/\/laresidencedesindes.com\/en\/wp-json\/wp\/v2\/pages\/2264\/revisions\/3192"}],"wp:attachment":[{"href":"https:\/\/laresidencedesindes.com\/en\/wp-json\/wp\/v2\/media?parent=2264"}],"curies":[{"name":"wp","href":"https:\/\/api.w.org\/{rel}","templated":true}]}}