{"id":210,"date":"2017-07-26T09:41:47","date_gmt":"2017-07-26T07:41:47","guid":{"rendered":"http:\/\/laresidencedesindes.com\/?page_id=210\/"},"modified":"2020-02-11T18:18:03","modified_gmt":"2020-02-11T17:18:03","slug":"home","status":"publish","type":"page","link":"https:\/\/laresidencedesindes.com\/en\/home\/","title":{"rendered":"Home"},"content":{"rendered":"<div class=\"wpb-content-wrapper\"><p>[vc_row bg_type=&#8221;bg_color&#8221; bg_override=&#8221;full&#8221; css=&#8221;.vc_custom_1504169316484{margin-top: -70px !important;}&#8221; bg_color_value=&#8221;#d64023&#8243; el_class=&#8221;txtblanc&#8221;][vc_column width=&#8221;1\/4&#8243;][vc_single_image image=&#8221;882&#8243; img_size=&#8221;full&#8221; alignment=&#8221;center&#8221;][\/vc_column][vc_column width=&#8221;1\/2&#8243;][vc_column_text]Relive the 18th century oriental history of La Rochelle, in the very mansion of merchant Weiss, the local representative of the Compagnie des Indes et de la Chine, who bought it in 1768.<\/p>\n<p>Spend the night in a Japanese and Chinese decor, unless you prefer the Indian touch.[\/vc_column_text][vc_btn title=&#8221;Discover <i>La R\u00e9sidence<\/i>&#8221; color=&#8221;warning&#8221; align=&#8221;left&#8221; link=&#8221;url:%2Fen%2Fla-residence%2F|||&#8221;][\/vc_column][vc_column width=&#8221;1\/4&#8243;][vc_row_inner][vc_column_inner width=&#8221;1\/2&#8243;][vc_single_image image=&#8221;999&#8243; alignment=&#8221;center&#8221;][\/vc_column_inner][vc_column_inner width=&#8221;1\/2&#8243;][vc_single_image image=&#8221;1103&#8243; alignment=&#8221;center&#8221;][\/vc_column_inner][\/vc_row_inner][vc_row_inner][vc_column_inner][vc_single_image image=&#8221;1166&#8243; alignment=&#8221;center&#8221;][\/vc_column_inner][\/vc_row_inner][\/vc_column][\/vc_row][vc_row bg_type=&#8221;image&#8221; parallax_style=&#8221;vcpb-default&#8221; bg_image_new=&#8221;id^919|url^http:\/\/laresidencedesindes.com\/wp-content\/uploads\/2017\/07\/bdac1.jpg|caption^null|alt^null|title^bdac1|description^null&#8221; bg_image_repeat=&#8221;repeat-y&#8221; bg_override=&#8221;full&#8221;][vc_column]<div class=\"dt-fancy-separator h3-size title-color\" style=\"width: 100%;\"><div class=\"dt-fancy-title\"><span class=\"separator-holder separator-left\"><\/span>B&amp;B Rooms<span class=\"separator-holder separator-right\"><\/span><\/div><\/div>[vc_empty_space][vc_row_inner][vc_column_inner width=&#8221;1\/3&#8243;]<div class=\"ult-new-ib ult-ib-effect-style14  ult-ib-resp ult-ib2-min-height \" data-min-width=\"768\" data-max-width=\"900\" style=\"background:#dd9933; opacity:0; \" data-opacity=\"0.8\" data-hover-opacity=\"0.3\"  data-min-height=\"300\" ><img decoding=\"async\" class=\"ult-new-ib-img\" style=\"opacity:0.8;\" alt=\"null\" src=\"https:\/\/laresidencedesindes.com\/wp-content\/uploads\/2017\/07\/chambres-Orient-2-F.jpg\"  data-min-height=\"300\"   \/><div id=\"interactive-banner-wrap-9882\" class=\"ult-new-ib-desc\" style=\"\"><h2 class=\"ult-new-ib-title ult-responsive\"  data-ultimate-target='#interactive-banner-wrap-9882 .ult-new-ib-title'  data-responsive-json-new='{\"font-size\":\"desktop:28px;\",\"line-height\":\"\"}'  style=\"font-weight:normal;\">Orient<\/h2><div class=\"ult-new-ib-content ult-responsive\"  data-ultimate-target='#interactive-banner-wrap-9882 .ult-new-ib-content'  data-responsive-json-new='{\"font-size\":\"\",\"line-height\":\"\"}'  style=\"font-weight:normal;\"><p>A bedroom of 20 sqm for two people, with a Far-Eastern decor, opening onto the garden.<\/p><\/div><\/div><a class=\"ult-new-ib-link\" href=\"\/en\/bedrooms\/orient\/\"  ><\/a><\/div>[\/vc_column_inner][vc_column_inner width=&#8221;1\/3&#8243;]<div class=\"ult-new-ib ult-ib-effect-style14  ult-ib-resp ult-ib2-min-height \" data-min-width=\"768\" data-max-width=\"900\" style=\"background:#dd9933; opacity:0; \" data-opacity=\"0.8\" data-hover-opacity=\"0.3\"  data-min-height=\"300\" ><img decoding=\"async\" class=\"ult-new-ib-img\" style=\"opacity:0.8;\" alt=\"null\" src=\"https:\/\/laresidencedesindes.com\/wp-content\/uploads\/2017\/07\/Chambre-les-Indes-4-F.jpg\"  data-min-height=\"300\"   \/><div id=\"interactive-banner-wrap-2778\" class=\"ult-new-ib-desc\" style=\"\"><h2 class=\"ult-new-ib-title ult-responsive\"  data-ultimate-target='#interactive-banner-wrap-2778 .ult-new-ib-title'  data-responsive-json-new='{\"font-size\":\"desktop:28px;\",\"line-height\":\"\"}'  style=\"font-weight:normal;\">Les Indes (The Eastern Indies)<\/h2><div class=\"ult-new-ib-content ult-responsive\"  data-ultimate-target='#interactive-banner-wrap-2778 .ult-new-ib-content'  data-responsive-json-new='{\"font-size\":\"\",\"line-height\":\"\"}'  style=\"font-weight:normal;\"><p>An \u00ab Indian \u00bb suite of 34 sqm for two people, opening onto the garden.<\/p><\/div><\/div><a class=\"ult-new-ib-link\" href=\"\/en\/bedrooms\/les-indes-the-eastern-indies\/\"  ><\/a><\/div>[\/vc_column_inner][vc_column_inner width=&#8221;1\/3&#8243;]<div class=\"ult-new-ib ult-ib-effect-style14  ult-ib-resp ult-ib2-min-height \" data-min-width=\"768\" data-max-width=\"900\" style=\"background:#dd9933; opacity:0; \" data-opacity=\"0.8\" data-hover-opacity=\"0.3\"  data-min-height=\"300\" ><img decoding=\"async\" class=\"ult-new-ib-img\" style=\"opacity:0.8;\" alt=\"null\" src=\"https:\/\/laresidencedesindes.com\/wp-content\/uploads\/2018\/08\/Bombay-1.jpg\"  data-min-height=\"300\"   \/><div id=\"interactive-banner-wrap-7029\" class=\"ult-new-ib-desc\" style=\"\"><h2 class=\"ult-new-ib-title ult-responsive\"  data-ultimate-target='#interactive-banner-wrap-7029 .ult-new-ib-title'  data-responsive-json-new='{\"font-size\":\"desktop:28px;\",\"line-height\":\"\"}'  style=\"font-weight:normal;\">Bombay<\/h2><div class=\"ult-new-ib-content ult-responsive\"  data-ultimate-target='#interactive-banner-wrap-7029 .ult-new-ib-content'  data-responsive-json-new='{\"font-size\":\"\",\"line-height\":\"\"}'  style=\"font-weight:normal;\"><p>A large Indian room of 24 m\u00b2 for two people<\/p><\/div><\/div><a class=\"ult-new-ib-link\" href=\"\/en\/rooms\/bombay\/\"  ><\/a><\/div>[\/vc_column_inner][\/vc_row_inner][\/vc_column][\/vc_row][vc_row][vc_column]<section class=\"testimonial-item testimonial-item-slider\"><div class=\"testimonials slider-content owl-carousel dt-owl-carousel-init\" data-autoslide=\"5000\">\n<article>\n\t<div class=\"testimonial-content\">\n\t\t\n<p>Amfitrions en extrem amables i de gran ajuda per organitzar les activitats de l\u2019estada. Grans coneixedors de la hist\u00f2ria de La Rochelle, us en poden explicar mil i una anecdotes. La casa t\u00e9s un jard\u00ed delici\u00f3s i uns salons exquisitament decorats amb una impressionant col\u00b7lecci\u00f3 d\u2019antiguitats de l\u2019Asia, l\u2019 Am\u00e8rica i l\u2019 \u00c0frica de les que Michel t\u2019en pot fet el relat. Entorn excepcional i ubicaci\u00f3 perfecta. Per repetir.<\/p>\n\t<\/div>\n\t<div class=\"testimonial-vcard\">\n\t\t<div class=\"testimonial-thumbnail\">\n\t\t\t<span class=\"alignleft no-avatar\"><svg version=\"1.1\" id=\"Layer_1\" xmlns=\"http:\/\/www.w3.org\/2000\/svg\" xmlns:xlink=\"http:\/\/www.w3.org\/1999\/xlink\" x=\"0px\" y=\"0px\"\n\t viewBox=\"0 0 16 16\" style=\"enable-background:new 0 0 16 16;\" xml:space=\"preserve\"><path d=\"M8,8c2.2,0,4-1.8,4-4s-1.8-4-4-4S4,1.8,4,4S5.8,8,8,8z M8,10c-2.7,0-8,1.3-8,4v1c0,0.5,0.4,1,1,1h14c0.5,0,1-0.5,1-1v-1\n\tC16,11.3,10.7,10,8,10z\"\/><\/svg><\/span>\t\t<\/div>\n\t\t<div class=\"testimonial-desc\">\n\t\t\t<span class=\"text-primary\">Victor<\/span>\t\t<\/div>\n\t<\/div>\n<\/article>\n<article>\n\t<div class=\"testimonial-content\">\n\t\t\n<p>La cama era genial y la ubicacion es cercana al centro de la ciudad. Los propietarios son encantadores y el hostel es muy familiar. Super recomendable! Pocas habitaciones y muy calmado y tranquilo.<\/p>\n\t<\/div>\n\t<div class=\"testimonial-vcard\">\n\t\t<div class=\"testimonial-thumbnail\">\n\t\t\t<span class=\"alignleft no-avatar\"><svg version=\"1.1\" id=\"Layer_1\" xmlns=\"http:\/\/www.w3.org\/2000\/svg\" xmlns:xlink=\"http:\/\/www.w3.org\/1999\/xlink\" x=\"0px\" y=\"0px\"\n\t viewBox=\"0 0 16 16\" style=\"enable-background:new 0 0 16 16;\" xml:space=\"preserve\"><path d=\"M8,8c2.2,0,4-1.8,4-4s-1.8-4-4-4S4,1.8,4,4S5.8,8,8,8z M8,10c-2.7,0-8,1.3-8,4v1c0,0.5,0.4,1,1,1h14c0.5,0,1-0.5,1-1v-1\n\tC16,11.3,10.7,10,8,10z\"\/><\/svg><\/span>\t\t<\/div>\n\t\t<div class=\"testimonial-desc\">\n\t\t\t<span class=\"text-primary\">Sixxte<\/span>\t\t<\/div>\n\t<\/div>\n<\/article>\n<article>\n\t<div class=\"testimonial-content\">\n\t\t\n<p>Prachtige B&amp;B en bijzondere ervaring, een topper!<br>Kamers en huis zijn perfect, alsook ontbijt, ontvangst, \u2026 noem maar op. Maar wat er uitspringt zijn de gastvrouw- en heer zelf. Zeer warme mensen die alles doen om het naar je zin te maken. En je krijgt er een interessante rondleiding bovenop door het huis dat eigenlijk een klein museum is. Een heel fijne ervaring!<\/p>\n\t<\/div>\n\t<div class=\"testimonial-vcard\">\n\t\t<div class=\"testimonial-thumbnail\">\n\t\t\t<span class=\"alignleft no-avatar\"><svg version=\"1.1\" id=\"Layer_1\" xmlns=\"http:\/\/www.w3.org\/2000\/svg\" xmlns:xlink=\"http:\/\/www.w3.org\/1999\/xlink\" x=\"0px\" y=\"0px\"\n\t viewBox=\"0 0 16 16\" style=\"enable-background:new 0 0 16 16;\" xml:space=\"preserve\"><path d=\"M8,8c2.2,0,4-1.8,4-4s-1.8-4-4-4S4,1.8,4,4S5.8,8,8,8z M8,10c-2.7,0-8,1.3-8,4v1c0,0.5,0.4,1,1,1h14c0.5,0,1-0.5,1-1v-1\n\tC16,11.3,10.7,10,8,10z\"\/><\/svg><\/span>\t\t<\/div>\n\t\t<div class=\"testimonial-desc\">\n\t\t\t<span class=\"text-primary\">Mario<\/span>\t\t<\/div>\n\t<\/div>\n<\/article>\n<article>\n\t<div class=\"testimonial-content\">\n\t\t\n<p>\u73fe\u5730\u3067\u306e\u5929\u6c17\u306f\u3042\u307e\u308a\u3088\u304f\u3042\u308a\u307e\u305b\u3093\u3067\u3057\u305f\u304c\u3001\u5bbf\u306eMichel\u3068Beroze\u306e\u304a\u3082\u3066\u306a\u3057\u306e\u304a\u304b\u3052\u3067\u3068\u3066\u3082\u3088\u3044\u65c5\u306b\u306a\u308a\u307e\u3057\u305f\uff01<\/p>\n\t<\/div>\n\t<div class=\"testimonial-vcard\">\n\t\t<div class=\"testimonial-thumbnail\">\n\t\t\t<span class=\"alignleft no-avatar\"><svg version=\"1.1\" id=\"Layer_1\" xmlns=\"http:\/\/www.w3.org\/2000\/svg\" xmlns:xlink=\"http:\/\/www.w3.org\/1999\/xlink\" x=\"0px\" y=\"0px\"\n\t viewBox=\"0 0 16 16\" style=\"enable-background:new 0 0 16 16;\" xml:space=\"preserve\"><path d=\"M8,8c2.2,0,4-1.8,4-4s-1.8-4-4-4S4,1.8,4,4S5.8,8,8,8z M8,10c-2.7,0-8,1.3-8,4v1c0,0.5,0.4,1,1,1h14c0.5,0,1-0.5,1-1v-1\n\tC16,11.3,10.7,10,8,10z\"\/><\/svg><\/span>\t\t<\/div>\n\t\t<div class=\"testimonial-desc\">\n\t\t\t<span class=\"text-primary\">Masako<\/span>\t\t<\/div>\n\t<\/div>\n<\/article>\n<article>\n\t<div class=\"testimonial-content\">\n\t\t\n<p>If you are looking for a super relaxing break you will be very well cared for here. The hosts are the kindest, sweetest people who really can&#8217;t do enough for you. They will remain true friends. The bedrooms are beautifully appointed &#8211; thoughtfully furnished and very clean. Breakfast is a feast of local fayre &#8211; to be savoured and enjoyed. Location is 5 minutes walk from the town centre. Our little holiday in this very unique setting was absolutely perfect.<\/p>\n\t<\/div>\n\t<div class=\"testimonial-vcard\">\n\t\t<div class=\"testimonial-thumbnail\">\n\t\t\t<span class=\"alignleft no-avatar\"><svg version=\"1.1\" id=\"Layer_1\" xmlns=\"http:\/\/www.w3.org\/2000\/svg\" xmlns:xlink=\"http:\/\/www.w3.org\/1999\/xlink\" x=\"0px\" y=\"0px\"\n\t viewBox=\"0 0 16 16\" style=\"enable-background:new 0 0 16 16;\" xml:space=\"preserve\"><path d=\"M8,8c2.2,0,4-1.8,4-4s-1.8-4-4-4S4,1.8,4,4S5.8,8,8,8z M8,10c-2.7,0-8,1.3-8,4v1c0,0.5,0.4,1,1,1h14c0.5,0,1-0.5,1-1v-1\n\tC16,11.3,10.7,10,8,10z\"\/><\/svg><\/span>\t\t<\/div>\n\t\t<div class=\"testimonial-desc\">\n\t\t\t<span class=\"text-primary\">Kate from UK<\/span>\t\t<\/div>\n\t<\/div>\n<\/article>\n<article>\n\t<div class=\"testimonial-content\">\n\t\t\n<p>If you are looking for a super relaxing break you will be very well cared for here. The hosts are the kindest, sweetest people who really can&#8217;t do enough for you. They will remain true friends. The bedrooms are beautifully appointed &#8211; thoughtfully furnished and very clean. Breakfast is a feast of local fayre &#8211; to be savoured and enjoyed. Location is 5 minutes walk from the town centre. Our little holiday in this very unique setting was absolutely perfect.<\/p>\n\t<\/div>\n\t<div class=\"testimonial-vcard\">\n\t\t<div class=\"testimonial-thumbnail\">\n\t\t\t<span class=\"alignleft no-avatar\"><svg version=\"1.1\" id=\"Layer_1\" xmlns=\"http:\/\/www.w3.org\/2000\/svg\" xmlns:xlink=\"http:\/\/www.w3.org\/1999\/xlink\" x=\"0px\" y=\"0px\"\n\t viewBox=\"0 0 16 16\" style=\"enable-background:new 0 0 16 16;\" xml:space=\"preserve\"><path d=\"M8,8c2.2,0,4-1.8,4-4s-1.8-4-4-4S4,1.8,4,4S5.8,8,8,8z M8,10c-2.7,0-8,1.3-8,4v1c0,0.5,0.4,1,1,1h14c0.5,0,1-0.5,1-1v-1\n\tC16,11.3,10.7,10,8,10z\"\/><\/svg><\/span>\t\t<\/div>\n\t\t<div class=\"testimonial-desc\">\n\t\t\t<span class=\"text-primary\">Jenny from UK<\/span>\t\t<\/div>\n\t<\/div>\n<\/article>\n<article>\n\t<div class=\"testimonial-content\">\n\t\t<p>A wonderful place to live. Nice room and wonderful hosts. Hope we can come again once. Thank you for a wonderful stay.<\/p>\n\t<\/div>\n\t<div class=\"testimonial-vcard\">\n\t\t<div class=\"testimonial-thumbnail\">\n\t\t\t<span class=\"alignleft no-avatar\"><svg version=\"1.1\" id=\"Layer_1\" xmlns=\"http:\/\/www.w3.org\/2000\/svg\" xmlns:xlink=\"http:\/\/www.w3.org\/1999\/xlink\" x=\"0px\" y=\"0px\"\n\t viewBox=\"0 0 16 16\" style=\"enable-background:new 0 0 16 16;\" xml:space=\"preserve\"><path d=\"M8,8c2.2,0,4-1.8,4-4s-1.8-4-4-4S4,1.8,4,4S5.8,8,8,8z M8,10c-2.7,0-8,1.3-8,4v1c0,0.5,0.4,1,1,1h14c0.5,0,1-0.5,1-1v-1\n\tC16,11.3,10.7,10,8,10z\"\/><\/svg><\/span>\t\t<\/div>\n\t\t<div class=\"testimonial-desc\">\n\t\t\t<span class=\"text-primary\">Frank &#038; Brith from Norway<\/span>\t\t<\/div>\n\t<\/div>\n<\/article>\n<article>\n\t<div class=\"testimonial-content\">\n\t\t<p>Thank you so much for your hospitality, your history lessons, your stories. What a wonderful house and magnificent hosts. We enjoyed all of it!<\/p>\n\t<\/div>\n\t<div class=\"testimonial-vcard\">\n\t\t<div class=\"testimonial-thumbnail\">\n\t\t\t<span class=\"alignleft no-avatar\"><svg version=\"1.1\" id=\"Layer_1\" xmlns=\"http:\/\/www.w3.org\/2000\/svg\" xmlns:xlink=\"http:\/\/www.w3.org\/1999\/xlink\" x=\"0px\" y=\"0px\"\n\t viewBox=\"0 0 16 16\" style=\"enable-background:new 0 0 16 16;\" xml:space=\"preserve\"><path d=\"M8,8c2.2,0,4-1.8,4-4s-1.8-4-4-4S4,1.8,4,4S5.8,8,8,8z M8,10c-2.7,0-8,1.3-8,4v1c0,0.5,0.4,1,1,1h14c0.5,0,1-0.5,1-1v-1\n\tC16,11.3,10.7,10,8,10z\"\/><\/svg><\/span>\t\t<\/div>\n\t\t<div class=\"testimonial-desc\">\n\t\t\t<span class=\"text-primary\">Dolf &#038; Monique, Zaltbommel, Netherlands<\/span>\t\t<\/div>\n\t<\/div>\n<\/article>\n<article>\n\t<div class=\"testimonial-content\">\n\t\t<p>Honestly, we&#8217;ve never been treated with such kindness by absolute strangers. A beautiful rustic property in a gorgeously charming part of town, this place is outstanding. Me and my partner enjoyed unbelievable levels of hospitality and kindness. I&#8217;m amazed by the beauty of the architecture of this hotel and all the artefacts blessing us in each part of the hotel. A beautiful garden visible from the window. A truly outstanding experience, my partner and I have decided to make it a yearly getaway.<\/p>\n\t<\/div>\n\t<div class=\"testimonial-vcard\">\n\t\t<div class=\"testimonial-thumbnail\">\n\t\t\t<span class=\"alignleft no-avatar\"><svg version=\"1.1\" id=\"Layer_1\" xmlns=\"http:\/\/www.w3.org\/2000\/svg\" xmlns:xlink=\"http:\/\/www.w3.org\/1999\/xlink\" x=\"0px\" y=\"0px\"\n\t viewBox=\"0 0 16 16\" style=\"enable-background:new 0 0 16 16;\" xml:space=\"preserve\"><path d=\"M8,8c2.2,0,4-1.8,4-4s-1.8-4-4-4S4,1.8,4,4S5.8,8,8,8z M8,10c-2.7,0-8,1.3-8,4v1c0,0.5,0.4,1,1,1h14c0.5,0,1-0.5,1-1v-1\n\tC16,11.3,10.7,10,8,10z\"\/><\/svg><\/span>\t\t<\/div>\n\t\t<div class=\"testimonial-desc\">\n\t\t\t<span class=\"text-primary\">Hayley &#038; Nick from London<\/span>\t\t<\/div>\n\t<\/div>\n<\/article>\n<\/div>\n<\/section>[\/vc_column][\/vc_row]<\/p>\n<\/div>","protected":false},"excerpt":{"rendered":"<p>[vc_row bg_type=&#8221;bg_color&#8221; bg_override=&#8221;full&#8221; css=&#8221;.vc_custom_1504169316484{margin-top: -70px !important;}&#8221; bg_color_value=&#8221;#d64023&#8243; el_class=&#8221;txtblanc&#8221;][vc_column width=&#8221;1\/4&#8243;][vc_single_image image=&#8221;882&#8243; img_size=&#8221;full&#8221; alignment=&#8221;center&#8221;][\/vc_column][vc_column width=&#8221;1\/2&#8243;][vc_column_text]Relive the 18th century oriental history of La Rochelle, in the very mansion of merchant Weiss, the local representative of the Compagnie des Indes et de la Chine, who bought it in 1768. Spend the night in a Japanese and Chinese decor, unless&hellip;<\/p>\n","protected":false},"author":1,"featured_media":0,"parent":0,"menu_order":0,"comment_status":"closed","ping_status":"closed","template":"","meta":{"footnotes":""},"class_list":["post-210","page","type-page","status-publish","hentry","description-off"],"yoast_head":"<!-- This site is optimized with the Yoast SEO plugin v24.8.1 - https:\/\/yoast.com\/wordpress\/plugins\/seo\/ -->\n<title>La R\u00e9sidence des Indes | Bed and Breakfast La Rochelle<\/title>\n<meta name=\"robots\" content=\"index, follow, max-snippet:-1, max-image-preview:large, max-video-preview:-1\" \/>\n<link rel=\"canonical\" href=\"https:\/\/laresidencedesindes.com\/en\/home\/\" \/>\n<meta property=\"og:locale\" content=\"en_US\" \/>\n<meta property=\"og:type\" content=\"article\" \/>\n<meta property=\"og:title\" content=\"La R\u00e9sidence des Indes | Bed and Breakfast La Rochelle\" \/>\n<meta property=\"og:description\" content=\"[vc_row bg_type=&#8221;bg_color&#8221; bg_override=&#8221;full&#8221; css=&#8221;.vc_custom_1504169316484{margin-top: -70px !important;}&#8221; bg_color_value=&#8221;#d64023&#8243; el_class=&#8221;txtblanc&#8221;][vc_column width=&#8221;1\/4&#8243;][vc_single_image image=&#8221;882&#8243; img_size=&#8221;full&#8221; alignment=&#8221;center&#8221;][\/vc_column][vc_column width=&#8221;1\/2&#8243;][vc_column_text]Relive the 18th century oriental history of La Rochelle, in the very mansion of merchant Weiss, the local representative of the Compagnie des Indes et de la Chine, who bought it in 1768. Spend the night in a Japanese and Chinese decor, unless&hellip;\" \/>\n<meta property=\"og:url\" content=\"https:\/\/laresidencedesindes.com\/en\/home\/\" \/>\n<meta property=\"og:site_name\" content=\"La r\u00e9sidence des Indes\" \/>\n<meta property=\"article:modified_time\" content=\"2020-02-11T17:18:03+00:00\" \/>\n<meta name=\"twitter:card\" content=\"summary_large_image\" \/>\n<meta name=\"twitter:label1\" content=\"Est. reading time\" \/>\n\t<meta name=\"twitter:data1\" content=\"2 minutes\" \/>\n<script type=\"application\/ld+json\" class=\"yoast-schema-graph\">{\"@context\":\"https:\/\/schema.org\",\"@graph\":[{\"@type\":\"WebPage\",\"@id\":\"https:\/\/laresidencedesindes.com\/en\/home\/\",\"url\":\"https:\/\/laresidencedesindes.com\/en\/home\/\",\"name\":\"La R\u00e9sidence des Indes | Bed and Breakfast La Rochelle\",\"isPartOf\":{\"@id\":\"https:\/\/laresidencedesindes.com\/#website\"},\"datePublished\":\"2017-07-26T07:41:47+00:00\",\"dateModified\":\"2020-02-11T17:18:03+00:00\",\"breadcrumb\":{\"@id\":\"https:\/\/laresidencedesindes.com\/en\/home\/#breadcrumb\"},\"inLanguage\":\"en-US\",\"potentialAction\":[{\"@type\":\"ReadAction\",\"target\":[\"https:\/\/laresidencedesindes.com\/en\/home\/\"]}]},{\"@type\":\"BreadcrumbList\",\"@id\":\"https:\/\/laresidencedesindes.com\/en\/home\/#breadcrumb\",\"itemListElement\":[{\"@type\":\"ListItem\",\"position\":1,\"name\":\"Accueil\",\"item\":\"https:\/\/laresidencedesindes.com\/en\/\"},{\"@type\":\"ListItem\",\"position\":2,\"name\":\"Home\"}]},{\"@type\":\"WebSite\",\"@id\":\"https:\/\/laresidencedesindes.com\/#website\",\"url\":\"https:\/\/laresidencedesindes.com\/\",\"name\":\"La r\u00e9sidence des Indes\",\"description\":\"Chambres d&#039;h\u00f4tes \u00e0 la Rochelle\",\"potentialAction\":[{\"@type\":\"SearchAction\",\"target\":{\"@type\":\"EntryPoint\",\"urlTemplate\":\"https:\/\/laresidencedesindes.com\/?s={search_term_string}\"},\"query-input\":{\"@type\":\"PropertyValueSpecification\",\"valueRequired\":true,\"valueName\":\"search_term_string\"}}],\"inLanguage\":\"en-US\"}]}<\/script>\n<!-- \/ Yoast SEO plugin. -->","yoast_head_json":{"title":"La R\u00e9sidence des Indes | Bed and Breakfast La Rochelle","robots":{"index":"index","follow":"follow","max-snippet":"max-snippet:-1","max-image-preview":"max-image-preview:large","max-video-preview":"max-video-preview:-1"},"canonical":"https:\/\/laresidencedesindes.com\/en\/home\/","og_locale":"en_US","og_type":"article","og_title":"La R\u00e9sidence des Indes | Bed and Breakfast La Rochelle","og_description":"[vc_row bg_type=&#8221;bg_color&#8221; bg_override=&#8221;full&#8221; css=&#8221;.vc_custom_1504169316484{margin-top: -70px !important;}&#8221; bg_color_value=&#8221;#d64023&#8243; el_class=&#8221;txtblanc&#8221;][vc_column width=&#8221;1\/4&#8243;][vc_single_image image=&#8221;882&#8243; img_size=&#8221;full&#8221; alignment=&#8221;center&#8221;][\/vc_column][vc_column width=&#8221;1\/2&#8243;][vc_column_text]Relive the 18th century oriental history of La Rochelle, in the very mansion of merchant Weiss, the local representative of the Compagnie des Indes et de la Chine, who bought it in 1768. Spend the night in a Japanese and Chinese decor, unless&hellip;","og_url":"https:\/\/laresidencedesindes.com\/en\/home\/","og_site_name":"La r\u00e9sidence des Indes","article_modified_time":"2020-02-11T17:18:03+00:00","twitter_card":"summary_large_image","twitter_misc":{"Est. reading time":"2 minutes"},"schema":{"@context":"https:\/\/schema.org","@graph":[{"@type":"WebPage","@id":"https:\/\/laresidencedesindes.com\/en\/home\/","url":"https:\/\/laresidencedesindes.com\/en\/home\/","name":"La R\u00e9sidence des Indes | Bed and Breakfast La Rochelle","isPartOf":{"@id":"https:\/\/laresidencedesindes.com\/#website"},"datePublished":"2017-07-26T07:41:47+00:00","dateModified":"2020-02-11T17:18:03+00:00","breadcrumb":{"@id":"https:\/\/laresidencedesindes.com\/en\/home\/#breadcrumb"},"inLanguage":"en-US","potentialAction":[{"@type":"ReadAction","target":["https:\/\/laresidencedesindes.com\/en\/home\/"]}]},{"@type":"BreadcrumbList","@id":"https:\/\/laresidencedesindes.com\/en\/home\/#breadcrumb","itemListElement":[{"@type":"ListItem","position":1,"name":"Accueil","item":"https:\/\/laresidencedesindes.com\/en\/"},{"@type":"ListItem","position":2,"name":"Home"}]},{"@type":"WebSite","@id":"https:\/\/laresidencedesindes.com\/#website","url":"https:\/\/laresidencedesindes.com\/","name":"La r\u00e9sidence des Indes","description":"Chambres d&#039;h\u00f4tes \u00e0 la Rochelle","potentialAction":[{"@type":"SearchAction","target":{"@type":"EntryPoint","urlTemplate":"https:\/\/laresidencedesindes.com\/?s={search_term_string}"},"query-input":{"@type":"PropertyValueSpecification","valueRequired":true,"valueName":"search_term_string"}}],"inLanguage":"en-US"}]}},"_links":{"self":[{"href":"https:\/\/laresidencedesindes.com\/en\/wp-json\/wp\/v2\/pages\/210","targetHints":{"allow":["GET"]}}],"collection":[{"href":"https:\/\/laresidencedesindes.com\/en\/wp-json\/wp\/v2\/pages"}],"about":[{"href":"https:\/\/laresidencedesindes.com\/en\/wp-json\/wp\/v2\/types\/page"}],"author":[{"embeddable":true,"href":"https:\/\/laresidencedesindes.com\/en\/wp-json\/wp\/v2\/users\/1"}],"replies":[{"embeddable":true,"href":"https:\/\/laresidencedesindes.com\/en\/wp-json\/wp\/v2\/comments?post=210"}],"version-history":[{"count":45,"href":"https:\/\/laresidencedesindes.com\/en\/wp-json\/wp\/v2\/pages\/210\/revisions"}],"predecessor-version":[{"id":1920,"href":"https:\/\/laresidencedesindes.com\/en\/wp-json\/wp\/v2\/pages\/210\/revisions\/1920"}],"wp:attachment":[{"href":"https:\/\/laresidencedesindes.com\/en\/wp-json\/wp\/v2\/media?parent=210"}],"curies":[{"name":"wp","href":"https:\/\/api.w.org\/{rel}","templated":true}]}}