{"id":2003,"date":"2020-02-13T10:22:50","date_gmt":"2020-02-13T09:22:50","guid":{"rendered":"http:\/\/laresidencedesindes.com\/?page_id=2003"},"modified":"2024-04-17T09:18:14","modified_gmt":"2024-04-17T07:18:14","slug":"access-1","status":"publish","type":"page","link":"https:\/\/laresidencedesindes.com\/en\/access-1\/","title":{"rendered":"Access 1"},"content":{"rendered":"<div class=\"wpb-content-wrapper\"><p>[vc_row full_width=&#8221;stretch_row_content_no_spaces&#8221; css=&#8221;.vc_custom_1501086228617{margin-top: -70px !important;}&#8221;][vc_column][vc_column_text]<style type=\"text\/css\" id=\"gmpMapStyles_2_88437\">\r\n\t#google_map_easy_2_88437 {\r\n        width: 100%;\r\n        height: 300px;\r\n\t\t\t\t\t\t    }\r\n\t#gmapControlsNum_2_88437 {\r\n\t\twidth:100%\t}\r\n\t.gmpMapDetailsContainer#gmpMapDetailsContainer_2_88437 {\r\n\t\theight:300px;\r\n\t}\r\n\t.gmp_MapPreview#google_map_easy_2_88437 {\r\n\t\t\/*position:absolute;*\/\r\n\t\twidth: 100%;\r\n\t}\r\n\t#mapConElem_2_88437{\r\n\t\twidth: 100%\t}\r\n    .gm-style .gm-style-iw-c{\r\n        padding: 12px!important;\r\n    }\r\n\t    <\/style>\r\n <div class=\"gmp_map_opts\" id=\"mapConElem_2_88437\" data-id=\"2\" data-view-id=\"2_88437\" > <div class=\"gmpMapDetailsContainer\" id=\"gmpMapDetailsContainer_2_88437\"> <i class=\"gmpKMLLayersPreloader fa fa-spinner fa-spin\" aria-hidden=\"true\" style=\"display: none;\"><\/i> <div class=\"gmp_MapPreview \" id=\"google_map_easy_2_88437\"><\/div> <\/div> <div class=\"gmpMapMarkerFilters\" id=\"gmpMapMarkerFilters_2_88437\"> <\/div> <div class=\"gmpMapProControlsCon\" id=\"gmpMapProControlsCon_2_88437\"> <a title=\"WordPress Google Maps\" style=\"display:none;\" href=\"https:\/\/supsystic.com\/plugins\/google-maps-plugin\/?utm_medium=love_link_hide\" target=\"_blank\">WordPress Google Maps<\/a><div style=\"clear: both;\"><\/div> <\/div> <div class=\"gmpMapProDirectionsCon\" id=\"gmpMapProDirectionsCon_2_88437\" > <\/div> <div class=\"gmpMapProKmlFilterCon\" id=\"gmpMapProKmlFilterCon_2_88437\" > <\/div> <div class=\"gmpSocialSharingShell gmpSocialSharingShell_2_88437\"> <\/div> <div style=\"clear: both;\"><\/div> <\/div> [\/vc_column_text][\/vc_column][\/vc_row][vc_row css=&#8221;.vc_custom_1581585651982{margin-bottom: -70px !important;}&#8221;][vc_column]<div class=\"dt-fancy-separator h4-size title-color\" style=\"width: 100%;\"><div class=\"dt-fancy-title\"><span class=\"separator-holder separator-left\"><\/span>B&amp;B rooms: 4 rue R\u00e9aumur<span class=\"separator-holder separator-right\"><\/span><\/div><\/div><div class=\"dt-fancy-separator h4-size title-color\" style=\"width: 100%;\"><div class=\"dt-fancy-title\"><span class=\"separator-holder separator-left\"><\/span>Museum and reception halls: 74 chemin du rempart<span class=\"separator-holder separator-right\"><\/span><\/div><\/div>[vc_empty_space height=&#8221;28px&#8221;][vc_tta_accordion][vc_tta_section i_icon_fontawesome=&#8221;fa fa-car&#8221; add_icon=&#8221;true&#8221; title=&#8221;BY CAR&#8221; tab_id=&#8221;1503415748230-95b85712-43ba&#8221;][vc_column_text css=&#8221;&#8221;]GPS coordinates: Latitude: 46.14215 \/ Longitude: 1.134542<br \/>\n<strong>From the North<\/strong><\/p>\n<ul>\n<li><strong>From Nantes:<\/strong> 1h40 par l\u2019A83.<br \/>\nFollow the A83 highway towards the D137\/E3 road. At Sainte-Hermine, take exit 7 and leave the A83.<br \/>\nFollow the D137. Then take D10A, D9, D10 and D105 towards Rue R\u00e9aumur at La Rochelle.<\/li>\n<li><strong>From Paris:<\/strong> 4h30 par l\u2019A10.<br \/>\nFollow the A10 highway: Paris &#8211; Orl\u00e9ans &#8211; Tours &#8211; Chatellerault \u2013 Poitiers. Exit to N11 towards Avenue du 8 Mai 1945\/D104 at Lagord. Exit N237 towards D104. Follow on D104. Take avenue du Lieutenant-Colonel Bernier towards rue R\u00e9aumur at La Rochelle.<\/li>\n<\/ul>\n<p><strong>From the South<\/strong><\/p>\n<ul>\n<li><strong>From Bordeaux:<\/strong> 2h by the A10 highway.<br \/>\nTake A10\/E5, A837\/E602 and D137 towards Avenue du 8 Mai 1945\/D104 at Lagord. Exit N237 towards D104.<br \/>\nFollow on D104. Take avenue du Lieutenant-Colonel Bernier towards Rue R\u00e9aumur at La Rochelle.<\/li>\n<\/ul>\n<p><strong>Residence car park<\/strong>: three spaces in covered, enclosed and secure parking, 5&#8242; walk from the Residence, is available for \u20ac15\/day. To be booked with the room.<\/p>\n<p><strong>Municipal car parks<\/strong> in order of proximity to the Residence:<\/p>\n<p>&#8211; The ramparts path along the Residence: Paid from 8 a.m. to 8 p.m. at \u20ac2\/h, except Sundays and public holidays.<\/p>\n<p>&#8211;\u00a0Verdun: 600 places from 6 a.m. to 1 a.m. Underground car park is guarded and paying.<\/p>\n<p>&#8211; The Old West Port (Esplanade St Jean d&#8217;Acre): 420 paid parking spaces. Open from 8 a.m. to 8 p.m.<\/p>\n<p>&#8211;\u00a0Square of la Pr\u00e9fecture: Paying from 8 a.m. to 8 p.m. at \u20ac2\/h, except Sundays and public holidays.<\/p>\n<p>&#8211; Casino near by streets: Paying from 8 a.m. to 8 p.m. at \u20ac2\/h, except Sundays and holidays.<\/p>\n<p>&#8211; Beach of la Concurrence: Paying from 8 a.m. to 8 p.m. at \u20ac2\/h, except Sundays and holidays.[\/vc_column_text][\/vc_tta_section][vc_tta_section i_icon_fontawesome=&#8221;fa fa-train&#8221; add_icon=&#8221;true&#8221; title=&#8221;BY TRAIN&#8221; tab_id=&#8221;1503415748341-40aba7cd-3e5a&#8221;][vc_column_text css=&#8221;&#8221;]<\/p>\n<ul>\n<li><strong>From Paris:<\/strong><br \/>\n&#8211; 2h30-3h05 from Paris-Montparnasse station by up to 11 direct high speed trains (TGV) per day.<\/li>\n<li><strong>From Bordeaux:<\/strong><br \/>\n&#8211; 2h05-32, by about 6 direct trains per day, Intercit\u00e9s or TER.<\/li>\n<li><strong>From Nantes:<\/strong><br \/>\n&#8211; 2h36, by about 4 direct trains per day, Intercit\u00e9s or TER.<\/li>\n<\/ul>\n<p><strong>Booking at:<\/strong> <a href=\"http:\/\/www.voyages-sncf.com\" target=\"_blank\" rel=\"noopener noreferrer\">http:\/\/www.voyages-sncf.com<\/a><\/p>\n<p>La Rochelle station is 1.4 km away from La R\u00e9sidence, an 18\u2019s walk or a 5\u2019s journey by:<\/p>\n<ul>\n<li><strong>Taxi:<\/strong> Station in front of the station. Cost of the ride: About 10 \u20ac.<\/li>\n<li><strong>Yellow cycle:<\/strong> Self-service, available on the forecourt at the following rate:\n<ul>\n<li>Mechanical bike: \u20ac1 for the first 30 minutes. Beyond that, usage will be charged \u20ac1.50 per additional half-hour.<\/li>\n<li>E-bike: \u20ac1.50 for the first 30 minutes. Beyond that, usage will be charged \u20ac2 per additional half hour.<\/li>\n<\/ul>\n<\/li>\n<li><strong>Bus:<\/strong> At the SNCF station stop, take line 41 &#8220;La Pallice \u2013 Aytr\u00e9-Grands Pr\u00e9s&#8221;, direction &#8220;Place des Grands Pr\u00e9s- Magasins G\u00e9n\u00e9rals&#8221; and get off at the &#8220;Banque de France&#8221; stop, rue R\u00e9aumur, then 1&#8242; walk. \u20ac1.50 per single ticket, available from the driver.<\/li>\n<\/ul>\n<p>[\/vc_column_text][\/vc_tta_section][vc_tta_section i_icon_fontawesome=&#8221;fa fa-plane&#8221; add_icon=&#8221;true&#8221; title=&#8221;BY PLANE&#8221; tab_id=&#8221;1503415855149-e4d4e758-ed6b&#8221;][vc_column_text css=&#8221;&#8221;]From Bristol, Brussels-Charleroi, Dublin, Cork, Geneva, London-Gatwick, London-Stansted, Lyon, Manchester, Marrakech, Marseille, Porto.<\/p>\n<p><strong>Booking at:<\/strong> <a href=\"http:\/\/www.larochelle.aeroport.fr\" target=\"_blank\" rel=\"noopener noreferrer\">http:\/\/www.larochelle.aeroport.fr<\/a><\/p>\n<p>The airport is 15\u2019 away from La R\u00e9sidence by car or bus.<\/p>\n<p><strong>By taxi<\/strong><\/p>\n<p>Taxis are available at the arrival hall exit. Due to the influx of passengers, best is to book a taxi of your choice before boarding the plane. References of all agencies are available from the airport website. The estimated fare is between 15 and 20 \u20ac from 7 AM to 7 PM and between 20 and 25 \u20ac after 7 PM.<\/p>\n<p><strong>By car on hire<\/strong><\/p>\n<p>Although cars for hire are available in numbers on the spot, it is advisable to book in advance by calling car-hiring agencies. Their staff will wait for you on arrival and hand over the keys. All their references are available from the airport website.<\/p>\n<p>Most airlines enjoy agreements with car-hiring companies that offer special rates with your plane ticket. For details, please contact your airline.<\/p>\n<p><strong>By bus<\/strong><\/p>\n<ul>\n<li>From Monday to Saturday every 30 minutes: line 7 towards &#8220;Rompsay\/ZI P\u00e9rigny&#8221;.<\/li>\n<li>Sundays: line 47 towards &#8220;Beaulieu&#8221;.<br \/>\nIn both cases, the terminus is &#8220;Place de Verdun&#8221;, a 3-minute walk from the Residence.<br \/>\n\u20ac1.50 per single ticket which is available from the driver.<br \/>\nPick-up from the train station or airport by private shuttle bus upon prior request at the time of booking<\/li>\n<\/ul>\n<p>[\/vc_column_text][\/vc_tta_section][\/vc_tta_accordion][vc_column_text css=&#8221;&#8221;]<\/p>\n<h4>LOCAL TRANSPORT<\/h4>\n<p><u>Forget the car and discover the city on foot or by bike!<\/u><\/p>\n<p>It is possible to rent a &#8220;Y\u00e9lo&#8221; bike in self-service on the square of Verdun or square of la Pr\u00e9fecture, very close, at the following rate:<\/p>\n<ul>\n<li>Mechanical bike: \u20ac1 for the first 30 minutes. Beyond that, usage will be charged \u20ac1.50 per additional half-hour.<\/li>\n<li>E-bike: \u20ac1.50 for the first 30 minutes. Beyond that, usage will be charged \u20ac2 per additional half hour.<\/li>\n<\/ul>\n<p>Several private agencies also offer bicycles for rent near the port, train station, beach, etc.<\/p>\n<p>You will be able to park your bike in the garden of the Residence safely and free of charge, with private access through the back door of the Residence.<\/p>\n<p><u>Discover La Rochelle and its neighbourhood by bike or bus!<\/u><\/p>\n<p>To travel by bus, take advantage of the &#8220;Tribu&#8221; pass valid for one or more, either for 2 days at the rate of \u20ac5 or for 3 days at the price of \u20ac12. If the single ticket costs \u20ac1.50, the 10-journey booklet costs \u20ac12.<\/p>\n<p>You can also rent an electric or petrol car in car-sharing as part of the integrated public transport system of the agglomeration called &#8220;Y\u00e9lo&#8221; which provides you with cars, accessible with or without reservation, from Y\u00e9lomobile stations at several locations in the city or simply by geolocating a vehicle nearby. For more information and reservations, visit the &#8220;Y\u00e9lo&#8221; website: <a href=\"https:\/\/yelo.agglo-larochelle.fr\" target=\"_blank\" rel=\"noopener\">https:\/\/yelo.agglo-larochelle.fr<\/a>[\/vc_column_text][\/vc_column][\/vc_row]<\/p>\n<\/div>","protected":false},"excerpt":{"rendered":"<p>[vc_row full_width=&#8221;stretch_row_content_no_spaces&#8221; css=&#8221;.vc_custom_1501086228617{margin-top: -70px !important;}&#8221;][vc_column][vc_column_text][\/vc_column_text][\/vc_column][\/vc_row][vc_row css=&#8221;.vc_custom_1581585651982{margin-bottom: -70px !important;}&#8221;][vc_column][vc_empty_space height=&#8221;28px&#8221;][vc_tta_accordion][vc_tta_section i_icon_fontawesome=&#8221;fa fa-car&#8221; add_icon=&#8221;true&#8221; title=&#8221;BY CAR&#8221; tab_id=&#8221;1503415748230-95b85712-43ba&#8221;][vc_column_text css=&#8221;&#8221;]GPS coordinates: Latitude: 46.14215 \/ Longitude: 1.134542 From the North From Nantes: 1h40 par l\u2019A83. Follow the A83 highway towards the D137\/E3 road. At Sainte-Hermine, take exit 7 and leave the A83. Follow the D137. Then take D10A, D9, D10&hellip;<\/p>\n","protected":false},"author":1,"featured_media":0,"parent":0,"menu_order":0,"comment_status":"closed","ping_status":"closed","template":"","meta":{"footnotes":""},"class_list":["post-2003","page","type-page","status-publish","hentry","description-off"],"yoast_head":"<!-- This site is optimized with the Yoast SEO plugin v24.8.1 - https:\/\/yoast.com\/wordpress\/plugins\/seo\/ -->\n<title>Access 1 - La r\u00e9sidence des Indes<\/title>\n<meta name=\"robots\" content=\"index, follow, max-snippet:-1, max-image-preview:large, max-video-preview:-1\" \/>\n<link rel=\"canonical\" href=\"https:\/\/laresidencedesindes.com\/en\/access-1\/\" \/>\n<meta property=\"og:locale\" content=\"en_US\" \/>\n<meta property=\"og:type\" content=\"article\" \/>\n<meta property=\"og:title\" content=\"Access 1 - La r\u00e9sidence des Indes\" \/>\n<meta property=\"og:description\" content=\"[vc_row full_width=&#8221;stretch_row_content_no_spaces&#8221; css=&#8221;.vc_custom_1501086228617{margin-top: -70px !important;}&#8221;][vc_column][vc_column_text][\/vc_column_text][\/vc_column][\/vc_row][vc_row css=&#8221;.vc_custom_1581585651982{margin-bottom: -70px !important;}&#8221;][vc_column][vc_empty_space height=&#8221;28px&#8221;][vc_tta_accordion][vc_tta_section i_icon_fontawesome=&#8221;fa fa-car&#8221; add_icon=&#8221;true&#8221; title=&#8221;BY CAR&#8221; tab_id=&#8221;1503415748230-95b85712-43ba&#8221;][vc_column_text css=&#8221;&#8221;]GPS coordinates: Latitude: 46.14215 \/ Longitude: 1.134542 From the North From Nantes: 1h40 par l\u2019A83. Follow the A83 highway towards the D137\/E3 road. At Sainte-Hermine, take exit 7 and leave the A83. Follow the D137. Then take D10A, D9, D10&hellip;\" \/>\n<meta property=\"og:url\" content=\"https:\/\/laresidencedesindes.com\/en\/access-1\/\" \/>\n<meta property=\"og:site_name\" content=\"La r\u00e9sidence des Indes\" \/>\n<meta property=\"article:modified_time\" content=\"2024-04-17T07:18:14+00:00\" \/>\n<meta name=\"twitter:card\" content=\"summary_large_image\" \/>\n<meta name=\"twitter:label1\" content=\"Est. reading time\" \/>\n\t<meta name=\"twitter:data1\" content=\"5 minutes\" \/>\n<script type=\"application\/ld+json\" class=\"yoast-schema-graph\">{\"@context\":\"https:\/\/schema.org\",\"@graph\":[{\"@type\":\"WebPage\",\"@id\":\"https:\/\/laresidencedesindes.com\/en\/access-1\/\",\"url\":\"https:\/\/laresidencedesindes.com\/en\/access-1\/\",\"name\":\"Access 1 - La r\u00e9sidence des Indes\",\"isPartOf\":{\"@id\":\"https:\/\/laresidencedesindes.com\/#website\"},\"datePublished\":\"2020-02-13T09:22:50+00:00\",\"dateModified\":\"2024-04-17T07:18:14+00:00\",\"breadcrumb\":{\"@id\":\"https:\/\/laresidencedesindes.com\/en\/access-1\/#breadcrumb\"},\"inLanguage\":\"en-US\",\"potentialAction\":[{\"@type\":\"ReadAction\",\"target\":[\"https:\/\/laresidencedesindes.com\/en\/access-1\/\"]}]},{\"@type\":\"BreadcrumbList\",\"@id\":\"https:\/\/laresidencedesindes.com\/en\/access-1\/#breadcrumb\",\"itemListElement\":[{\"@type\":\"ListItem\",\"position\":1,\"name\":\"Accueil\",\"item\":\"https:\/\/laresidencedesindes.com\/en\/\"},{\"@type\":\"ListItem\",\"position\":2,\"name\":\"Access 1\"}]},{\"@type\":\"WebSite\",\"@id\":\"https:\/\/laresidencedesindes.com\/#website\",\"url\":\"https:\/\/laresidencedesindes.com\/\",\"name\":\"La r\u00e9sidence des Indes\",\"description\":\"Chambres d&#039;h\u00f4tes \u00e0 la Rochelle\",\"potentialAction\":[{\"@type\":\"SearchAction\",\"target\":{\"@type\":\"EntryPoint\",\"urlTemplate\":\"https:\/\/laresidencedesindes.com\/?s={search_term_string}\"},\"query-input\":{\"@type\":\"PropertyValueSpecification\",\"valueRequired\":true,\"valueName\":\"search_term_string\"}}],\"inLanguage\":\"en-US\"}]}<\/script>\n<!-- \/ Yoast SEO plugin. -->","yoast_head_json":{"title":"Access 1 - La r\u00e9sidence des Indes","robots":{"index":"index","follow":"follow","max-snippet":"max-snippet:-1","max-image-preview":"max-image-preview:large","max-video-preview":"max-video-preview:-1"},"canonical":"https:\/\/laresidencedesindes.com\/en\/access-1\/","og_locale":"en_US","og_type":"article","og_title":"Access 1 - La r\u00e9sidence des Indes","og_description":"[vc_row full_width=&#8221;stretch_row_content_no_spaces&#8221; css=&#8221;.vc_custom_1501086228617{margin-top: -70px !important;}&#8221;][vc_column][vc_column_text][\/vc_column_text][\/vc_column][\/vc_row][vc_row css=&#8221;.vc_custom_1581585651982{margin-bottom: -70px !important;}&#8221;][vc_column][vc_empty_space height=&#8221;28px&#8221;][vc_tta_accordion][vc_tta_section i_icon_fontawesome=&#8221;fa fa-car&#8221; add_icon=&#8221;true&#8221; title=&#8221;BY CAR&#8221; tab_id=&#8221;1503415748230-95b85712-43ba&#8221;][vc_column_text css=&#8221;&#8221;]GPS coordinates: Latitude: 46.14215 \/ Longitude: 1.134542 From the North From Nantes: 1h40 par l\u2019A83. Follow the A83 highway towards the D137\/E3 road. At Sainte-Hermine, take exit 7 and leave the A83. Follow the D137. Then take D10A, D9, D10&hellip;","og_url":"https:\/\/laresidencedesindes.com\/en\/access-1\/","og_site_name":"La r\u00e9sidence des Indes","article_modified_time":"2024-04-17T07:18:14+00:00","twitter_card":"summary_large_image","twitter_misc":{"Est. reading time":"5 minutes"},"schema":{"@context":"https:\/\/schema.org","@graph":[{"@type":"WebPage","@id":"https:\/\/laresidencedesindes.com\/en\/access-1\/","url":"https:\/\/laresidencedesindes.com\/en\/access-1\/","name":"Access 1 - La r\u00e9sidence des Indes","isPartOf":{"@id":"https:\/\/laresidencedesindes.com\/#website"},"datePublished":"2020-02-13T09:22:50+00:00","dateModified":"2024-04-17T07:18:14+00:00","breadcrumb":{"@id":"https:\/\/laresidencedesindes.com\/en\/access-1\/#breadcrumb"},"inLanguage":"en-US","potentialAction":[{"@type":"ReadAction","target":["https:\/\/laresidencedesindes.com\/en\/access-1\/"]}]},{"@type":"BreadcrumbList","@id":"https:\/\/laresidencedesindes.com\/en\/access-1\/#breadcrumb","itemListElement":[{"@type":"ListItem","position":1,"name":"Accueil","item":"https:\/\/laresidencedesindes.com\/en\/"},{"@type":"ListItem","position":2,"name":"Access 1"}]},{"@type":"WebSite","@id":"https:\/\/laresidencedesindes.com\/#website","url":"https:\/\/laresidencedesindes.com\/","name":"La r\u00e9sidence des Indes","description":"Chambres d&#039;h\u00f4tes \u00e0 la Rochelle","potentialAction":[{"@type":"SearchAction","target":{"@type":"EntryPoint","urlTemplate":"https:\/\/laresidencedesindes.com\/?s={search_term_string}"},"query-input":{"@type":"PropertyValueSpecification","valueRequired":true,"valueName":"search_term_string"}}],"inLanguage":"en-US"}]}},"_links":{"self":[{"href":"https:\/\/laresidencedesindes.com\/en\/wp-json\/wp\/v2\/pages\/2003","targetHints":{"allow":["GET"]}}],"collection":[{"href":"https:\/\/laresidencedesindes.com\/en\/wp-json\/wp\/v2\/pages"}],"about":[{"href":"https:\/\/laresidencedesindes.com\/en\/wp-json\/wp\/v2\/types\/page"}],"author":[{"embeddable":true,"href":"https:\/\/laresidencedesindes.com\/en\/wp-json\/wp\/v2\/users\/1"}],"replies":[{"embeddable":true,"href":"https:\/\/laresidencedesindes.com\/en\/wp-json\/wp\/v2\/comments?post=2003"}],"version-history":[{"count":10,"href":"https:\/\/laresidencedesindes.com\/en\/wp-json\/wp\/v2\/pages\/2003\/revisions"}],"predecessor-version":[{"id":2817,"href":"https:\/\/laresidencedesindes.com\/en\/wp-json\/wp\/v2\/pages\/2003\/revisions\/2817"}],"wp:attachment":[{"href":"https:\/\/laresidencedesindes.com\/en\/wp-json\/wp\/v2\/media?parent=2003"}],"curies":[{"name":"wp","href":"https:\/\/api.w.org\/{rel}","templated":true}]}}