{"id":1947,"date":"2020-02-11T19:10:32","date_gmt":"2020-02-11T18:10:32","guid":{"rendered":"http:\/\/laresidencedesindes.com\/?page_id=1947"},"modified":"2024-04-17T10:42:26","modified_gmt":"2024-04-17T08:42:26","slug":"evenements","status":"publish","type":"page","link":"https:\/\/laresidencedesindes.com\/en\/evenements\/","title":{"rendered":"Ev\u00e9nements"},"content":{"rendered":"<div class=\"wpb-content-wrapper\"><p>[vc_row][vc_column][vc_column_text]La R\u00e9sidence des Indes is determined to keep its ancient heritage alive, notably thanks to regular programming of diverse cultural events that can get magnified by a chamber-like audience and a unique decor: concerts, recitals, conferences, tea testing sessions, writing workshops, guided visits, etc. They have in common their openess to the World and most seek inspiration in the oriental history of La Rochelle or the art objects of the museum. You are invited to email your email address to <a href=\"mailto:contact@laresidencedesindes.com\">contact@laresidencedesindes.com<\/a>, should you wish to receive instant notice of every update of the programme, when it is published on our Website and Facebook page.[\/vc_column_text][\/vc_column][\/vc_row][vc_row css=&#8221;.vc_custom_1580977256143{margin-top: -50px !important;margin-bottom: -75px !important;}&#8221;][vc_column][vc_raw_html css=&#8221;&#8221;]JTNDY2VudGVyJTNFJTNDaWZyYW1lJTIwc3JjJTNEJTIyaHR0cHMlM0ElMkYlMkZ3d3cuZmFjZWJvb2suY29tJTJGcGx1Z2lucyUyRnBhZ2UucGhwJTNGaHJlZiUzRGh0dHBzJTI1M0ElMjUyRiUyNTJGd3d3LmZhY2Vib29rLmNvbSUyNTJGbGFyZXNpZGVuY2VkZXNpbmRlcyUyNTJGJTI2dGFicyUzRHRpbWVsaW5lJTI1MkNldmVudHMlMjZ3aWR0aCUzRDM0MCUyNmhlaWdodCUzRDUwMCUyNnNtYWxsX2hlYWRlciUzRGZhbHNlJTI2YWRhcHRfY29udGFpbmVyX3dpZHRoJTNEdHJ1ZSUyNmhpZGVfY292ZXIlM0RmYWxzZSUyNnNob3dfZmFjZXBpbGUlM0R0cnVlJTI2YXBwSWQlM0QyOTgzMzYxMzM5MzM4NDAlMjIlMjB3aWR0aCUzRCUyMjM0MCUyMiUyMGhlaWdodCUzRCUyMjUwMCUyMiUyMHN0eWxlJTNEJTIyYm9yZGVyJTNBbm9uZSUzQm92ZXJmbG93JTNBaGlkZGVuJTIyJTIwc2Nyb2xsaW5nJTNEJTIybm8lMjIlMjBmcmFtZWJvcmRlciUzRCUyMjAlMjIlMjBhbGxvd2Z1bGxzY3JlZW4lM0QlMjJ0cnVlJTIyJTIwYWxsb3clM0QlMjJhdXRvcGxheSUzQiUyMGNsaXBib2FyZC13cml0ZSUzQiUyMGVuY3J5cHRlZC1tZWRpYSUzQiUyMHBpY3R1cmUtaW4tcGljdHVyZSUzQiUyMHdlYi1zaGFyZSUyMiUzRSUzQyUyRmlmcmFtZSUzRSUzQyUyRmNlbnRlciUzRQ==[\/vc_raw_html][\/vc_column][\/vc_row][vc_row disable_element=&#8221;yes&#8221; css=&#8221;.vc_custom_1713189972788{margin-top: -50px !important;margin-bottom: -75px !important;}&#8221;][vc_column][vc_raw_html]JTNDY2VudGVyJTNFJTNDaWZyYW1lJTIwc3JjJTNEJTIyaHR0cHMlM0ElMkYlMkZ3d3cuZmFjZWJvb2suY29tJTJGcGx1Z2lucyUyRnBhZ2UucGhwJTNGaHJlZiUzRGh0dHBzJTI1M0ElMjUyRiUyNTJGd3d3LmZhY2Vib29rLmNvbSUyNTJGbGFyZXNpZGVuY2VkZXNpbmRlcyUyNnRhYnMlM0R0aW1lbGluZSUyNndpZHRoJTNEMzQwJTI2aGVpZ2h0JTNENTAwJTI2c21hbGxfaGVhZGVyJTNEZmFsc2UlMjZhZGFwdF9jb250YWluZXJfd2lkdGglM0R0cnVlJTI2aGlkZV9jb3ZlciUzRGZhbHNlJTI2c2hvd19mYWNlcGlsZSUzRHRydWUlMjZhcHBJZCUzRDI5ODMzNjEzMzkzMzg0MCUyMiUyMHdpZHRoJTNEJTIyMzQwJTIyJTIwaGVpZ2h0JTNEJTIyNTAwJTIyJTIwc3R5bGUlM0QlMjJib3JkZXIlM0Fub25lJTNCb3ZlcmZsb3clM0FoaWRkZW4lMjIlMjBzY3JvbGxpbmclM0QlMjJubyUyMiUyMGZyYW1lYm9yZGVyJTNEJTIyMCUyMiUyMGFsbG93ZnVsbHNjcmVlbiUzRCUyMnRydWUlMjIlMjBhbGxvdyUzRCUyMmF1dG9wbGF5JTNCJTIwY2xpcGJvYXJkLXdyaXRlJTNCJTIwZW5jcnlwdGVkLW1lZGlhJTNCJTIwcGljdHVyZS1pbi1waWN0dXJlJTNCJTIwd2ViLXNoYXJlJTIyJTNFJTNDJTJGaWZyYW1lJTNFJTNDJTJGY2VudGVyJTNF[\/vc_raw_html][\/vc_column][\/vc_row]<\/p>\n<\/div>","protected":false},"excerpt":{"rendered":"<p>[vc_row][vc_column][vc_column_text]La R\u00e9sidence des Indes is determined to keep its ancient heritage alive, notably thanks to regular programming of diverse cultural events that can get magnified by a chamber-like audience and a unique decor: concerts, recitals, conferences, tea testing sessions, writing workshops, guided visits, etc. They have in common their openess to the World and most&hellip;<\/p>\n","protected":false},"author":1,"featured_media":0,"parent":0,"menu_order":0,"comment_status":"closed","ping_status":"closed","template":"","meta":{"footnotes":""},"class_list":["post-1947","page","type-page","status-publish","hentry","description-off"],"yoast_head":"<!-- This site is optimized with the Yoast SEO plugin v24.8.1 - https:\/\/yoast.com\/wordpress\/plugins\/seo\/ -->\n<title>Ev\u00e9nements - La r\u00e9sidence des Indes<\/title>\n<meta name=\"robots\" content=\"index, follow, max-snippet:-1, max-image-preview:large, max-video-preview:-1\" \/>\n<link rel=\"canonical\" href=\"https:\/\/laresidencedesindes.com\/en\/evenements\/\" \/>\n<meta property=\"og:locale\" content=\"en_US\" \/>\n<meta property=\"og:type\" content=\"article\" \/>\n<meta property=\"og:title\" content=\"Ev\u00e9nements - La r\u00e9sidence des Indes\" \/>\n<meta property=\"og:description\" content=\"[vc_row][vc_column][vc_column_text]La R\u00e9sidence des Indes is determined to keep its ancient heritage alive, notably thanks to regular programming of diverse cultural events that can get magnified by a chamber-like audience and a unique decor: concerts, recitals, conferences, tea testing sessions, writing workshops, guided visits, etc. They have in common their openess to the World and most&hellip;\" \/>\n<meta property=\"og:url\" content=\"https:\/\/laresidencedesindes.com\/en\/evenements\/\" \/>\n<meta property=\"og:site_name\" content=\"La r\u00e9sidence des Indes\" \/>\n<meta property=\"article:modified_time\" content=\"2024-04-17T08:42:26+00:00\" \/>\n<meta name=\"twitter:card\" content=\"summary_large_image\" \/>\n<meta name=\"twitter:label1\" content=\"Est. reading time\" \/>\n\t<meta name=\"twitter:data1\" content=\"1 minute\" \/>\n<script type=\"application\/ld+json\" class=\"yoast-schema-graph\">{\"@context\":\"https:\/\/schema.org\",\"@graph\":[{\"@type\":\"WebPage\",\"@id\":\"https:\/\/laresidencedesindes.com\/en\/evenements\/\",\"url\":\"https:\/\/laresidencedesindes.com\/en\/evenements\/\",\"name\":\"Ev\u00e9nements - La r\u00e9sidence des Indes\",\"isPartOf\":{\"@id\":\"https:\/\/laresidencedesindes.com\/#website\"},\"datePublished\":\"2020-02-11T18:10:32+00:00\",\"dateModified\":\"2024-04-17T08:42:26+00:00\",\"breadcrumb\":{\"@id\":\"https:\/\/laresidencedesindes.com\/en\/evenements\/#breadcrumb\"},\"inLanguage\":\"en-US\",\"potentialAction\":[{\"@type\":\"ReadAction\",\"target\":[\"https:\/\/laresidencedesindes.com\/en\/evenements\/\"]}]},{\"@type\":\"BreadcrumbList\",\"@id\":\"https:\/\/laresidencedesindes.com\/en\/evenements\/#breadcrumb\",\"itemListElement\":[{\"@type\":\"ListItem\",\"position\":1,\"name\":\"Accueil\",\"item\":\"https:\/\/laresidencedesindes.com\/en\/\"},{\"@type\":\"ListItem\",\"position\":2,\"name\":\"Ev\u00e9nements\"}]},{\"@type\":\"WebSite\",\"@id\":\"https:\/\/laresidencedesindes.com\/#website\",\"url\":\"https:\/\/laresidencedesindes.com\/\",\"name\":\"La r\u00e9sidence des Indes\",\"description\":\"Chambres d&#039;h\u00f4tes \u00e0 la Rochelle\",\"potentialAction\":[{\"@type\":\"SearchAction\",\"target\":{\"@type\":\"EntryPoint\",\"urlTemplate\":\"https:\/\/laresidencedesindes.com\/?s={search_term_string}\"},\"query-input\":{\"@type\":\"PropertyValueSpecification\",\"valueRequired\":true,\"valueName\":\"search_term_string\"}}],\"inLanguage\":\"en-US\"}]}<\/script>\n<!-- \/ Yoast SEO plugin. -->","yoast_head_json":{"title":"Ev\u00e9nements - La r\u00e9sidence des Indes","robots":{"index":"index","follow":"follow","max-snippet":"max-snippet:-1","max-image-preview":"max-image-preview:large","max-video-preview":"max-video-preview:-1"},"canonical":"https:\/\/laresidencedesindes.com\/en\/evenements\/","og_locale":"en_US","og_type":"article","og_title":"Ev\u00e9nements - La r\u00e9sidence des Indes","og_description":"[vc_row][vc_column][vc_column_text]La R\u00e9sidence des Indes is determined to keep its ancient heritage alive, notably thanks to regular programming of diverse cultural events that can get magnified by a chamber-like audience and a unique decor: concerts, recitals, conferences, tea testing sessions, writing workshops, guided visits, etc. They have in common their openess to the World and most&hellip;","og_url":"https:\/\/laresidencedesindes.com\/en\/evenements\/","og_site_name":"La r\u00e9sidence des Indes","article_modified_time":"2024-04-17T08:42:26+00:00","twitter_card":"summary_large_image","twitter_misc":{"Est. reading time":"1 minute"},"schema":{"@context":"https:\/\/schema.org","@graph":[{"@type":"WebPage","@id":"https:\/\/laresidencedesindes.com\/en\/evenements\/","url":"https:\/\/laresidencedesindes.com\/en\/evenements\/","name":"Ev\u00e9nements - La r\u00e9sidence des Indes","isPartOf":{"@id":"https:\/\/laresidencedesindes.com\/#website"},"datePublished":"2020-02-11T18:10:32+00:00","dateModified":"2024-04-17T08:42:26+00:00","breadcrumb":{"@id":"https:\/\/laresidencedesindes.com\/en\/evenements\/#breadcrumb"},"inLanguage":"en-US","potentialAction":[{"@type":"ReadAction","target":["https:\/\/laresidencedesindes.com\/en\/evenements\/"]}]},{"@type":"BreadcrumbList","@id":"https:\/\/laresidencedesindes.com\/en\/evenements\/#breadcrumb","itemListElement":[{"@type":"ListItem","position":1,"name":"Accueil","item":"https:\/\/laresidencedesindes.com\/en\/"},{"@type":"ListItem","position":2,"name":"Ev\u00e9nements"}]},{"@type":"WebSite","@id":"https:\/\/laresidencedesindes.com\/#website","url":"https:\/\/laresidencedesindes.com\/","name":"La r\u00e9sidence des Indes","description":"Chambres d&#039;h\u00f4tes \u00e0 la Rochelle","potentialAction":[{"@type":"SearchAction","target":{"@type":"EntryPoint","urlTemplate":"https:\/\/laresidencedesindes.com\/?s={search_term_string}"},"query-input":{"@type":"PropertyValueSpecification","valueRequired":true,"valueName":"search_term_string"}}],"inLanguage":"en-US"}]}},"_links":{"self":[{"href":"https:\/\/laresidencedesindes.com\/en\/wp-json\/wp\/v2\/pages\/1947","targetHints":{"allow":["GET"]}}],"collection":[{"href":"https:\/\/laresidencedesindes.com\/en\/wp-json\/wp\/v2\/pages"}],"about":[{"href":"https:\/\/laresidencedesindes.com\/en\/wp-json\/wp\/v2\/types\/page"}],"author":[{"embeddable":true,"href":"https:\/\/laresidencedesindes.com\/en\/wp-json\/wp\/v2\/users\/1"}],"replies":[{"embeddable":true,"href":"https:\/\/laresidencedesindes.com\/en\/wp-json\/wp\/v2\/comments?post=1947"}],"version-history":[{"count":10,"href":"https:\/\/laresidencedesindes.com\/en\/wp-json\/wp\/v2\/pages\/1947\/revisions"}],"predecessor-version":[{"id":2822,"href":"https:\/\/laresidencedesindes.com\/en\/wp-json\/wp\/v2\/pages\/1947\/revisions\/2822"}],"wp:attachment":[{"href":"https:\/\/laresidencedesindes.com\/en\/wp-json\/wp\/v2\/media?parent=1947"}],"curies":[{"name":"wp","href":"https:\/\/api.w.org\/{rel}","templated":true}]}}