{"id":1931,"date":"2020-02-11T18:53:18","date_gmt":"2020-02-11T17:53:18","guid":{"rendered":"http:\/\/laresidencedesindes.com\/?page_id=1931"},"modified":"2026-03-30T15:57:18","modified_gmt":"2026-03-30T13:57:18","slug":"grand-salon","status":"publish","type":"page","link":"https:\/\/laresidencedesindes.com\/en\/salons-de-reception\/grand-salon\/","title":{"rendered":"Grand salon"},"content":{"rendered":"<div class=\"wpb-content-wrapper\"><p>[vc_row css=&#8221;.vc_custom_1580726921414{margin-top: -50px !important;margin-bottom: -70px !important;}&#8221;][vc_column][vc_row_inner][vc_column_inner width=&#8221;1\/6&#8243;][\/vc_column_inner][vc_column_inner width=&#8221;2\/3&#8243;][vc_column_text css=&#8221;.vc_custom_1580727671549{margin-bottom: 10px !important;}&#8221;][\/vc_column_text][vc_btn title=&#8221;Book&#8221; color=&#8221;warning&#8221; align=&#8221;center&#8221; i_icon_fontawesome=&#8221;fa fa-calendar&#8221; add_icon=&#8221;true&#8221; link=&#8221;url:%2Fen%2Fcontactreservation-1%2F|||&#8221;][\/vc_column_inner][vc_column_inner width=&#8221;1\/6&#8243;][\/vc_column_inner][\/vc_row_inner][vc_row_inner][vc_column_inner][vc_empty_space height=&#8221;10px&#8221;][vc_column_text css=&#8221;.vc_custom_1774879035442{margin-top: -20px !important;}&#8221;]<span style=\"color: black; background: white;\">With an area of 64 m\u00b2, it can accommodate up to 50 persons standing. Its sofas, armchairs &amp; chairs can accommodate 40 seated persons.<\/span><\/p>\n<p>Its decor and furniture are genuinely 18th century. Chinese porcelain and lacquerware, an Indian printed cotton cloth with vivid colours recall the marked Oriental fashion of the period.<\/p>\n<p>It offers a quiet view over the garden and parks.[\/vc_column_text][\/vc_column_inner][\/vc_row_inner][vc_row_inner][vc_column_inner width=&#8221;1\/4&#8243;][vc_btn title=&#8221;Discover <i>The small reception hall<\/i>&#8221; color=&#8221;warning&#8221; align=&#8221;center&#8221; css=&#8221;&#8221; link=&#8221;url:%2Fen%2Fsalons-de-reception%2Fpetit-salon%2F&#8221;][\/vc_column_inner][vc_column_inner width=&#8221;1\/4&#8243;][vc_btn title=&#8221;Discover <i>The cabinet of curiosities<\/i>&#8221; color=&#8221;warning&#8221; align=&#8221;center&#8221; css=&#8221;&#8221; link=&#8221;url:%2Fen%2Fsalons-de-reception%2Fcabinet-de-curiosites%2F&#8221;][\/vc_column_inner][vc_column_inner width=&#8221;1\/4&#8243;][vc_btn title=&#8221;Discover <i>The patio<\/i>&#8221; color=&#8221;warning&#8221; align=&#8221;center&#8221; css=&#8221;&#8221; link=&#8221;url:%2Fen%2Fsalons-de-reception%2Fle-patio%2F&#8221;][\/vc_column_inner][vc_column_inner width=&#8221;1\/4&#8243;][vc_btn title=&#8221;Discover <i>The garden<\/i>&#8221; color=&#8221;warning&#8221; align=&#8221;center&#8221; css=&#8221;&#8221; link=&#8221;url:%2Fen%2Fsalons-de-reception%2Fle-jardin%2F|title:Le%20jardin&#8221;][\/vc_column_inner][\/vc_row_inner][vc_row_inner disable_element=&#8221;yes&#8221;][vc_column_inner width=&#8221;1\/4&#8243;][\/vc_column_inner][vc_column_inner width=&#8221;1\/4&#8243;][vc_btn title=&#8221;Discover <i>The small reception hall<\/i>&#8221; color=&#8221;warning&#8221; align=&#8221;center&#8221; link=&#8221;url:%2Fen%2Fpetit-salon%2F|||&#8221;][\/vc_column_inner][vc_column_inner width=&#8221;1\/4&#8243;][vc_btn title=&#8221;Discover <i>The tea room<\/i>&#8221; color=&#8221;warning&#8221; align=&#8221;center&#8221; link=&#8221;url:%2Fen%2Fsalon-de-the%2F|||&#8221;][\/vc_column_inner][vc_column_inner width=&#8221;1\/4&#8243;][\/vc_column_inner][\/vc_row_inner][\/vc_column][\/vc_row][vc_row disable_element=&#8221;yes&#8221;][vc_column][vc_video link=&#8221;https:\/\/youtu.be\/Vc-aKnUT6Mw&#8221; el_width=&#8221;70&#8243; align=&#8221;center&#8221;][\/vc_column][\/vc_row]<\/p>\n<\/div>","protected":false},"excerpt":{"rendered":"<p>[vc_row css=&#8221;.vc_custom_1580726921414{margin-top: -50px !important;margin-bottom: -70px !important;}&#8221;][vc_column][vc_row_inner][vc_column_inner width=&#8221;1\/6&#8243;][\/vc_column_inner][vc_column_inner width=&#8221;2\/3&#8243;][vc_column_text css=&#8221;.vc_custom_1580727671549{margin-bottom: 10px !important;}&#8221;][\/vc_column_text][vc_btn title=&#8221;Book&#8221; color=&#8221;warning&#8221; align=&#8221;center&#8221; i_icon_fontawesome=&#8221;fa fa-calendar&#8221; add_icon=&#8221;true&#8221; link=&#8221;url:%2Fen%2Fcontactreservation-1%2F|||&#8221;][\/vc_column_inner][vc_column_inner width=&#8221;1\/6&#8243;][\/vc_column_inner][\/vc_row_inner][vc_row_inner][vc_column_inner][vc_empty_space height=&#8221;10px&#8221;][vc_column_text css=&#8221;.vc_custom_1774879035442{margin-top: -20px !important;}&#8221;]With an area of 64 m\u00b2, it can accommodate up to 50 persons standing. Its sofas, armchairs &amp; chairs can accommodate 40 seated persons. Its decor and furniture are genuinely 18th century. Chinese&hellip;<\/p>\n","protected":false},"author":1,"featured_media":0,"parent":1927,"menu_order":0,"comment_status":"closed","ping_status":"closed","template":"","meta":{"footnotes":""},"class_list":["post-1931","page","type-page","status-publish","hentry","description-off"],"yoast_head":"<!-- This site is optimized with the Yoast SEO plugin v24.8.1 - https:\/\/yoast.com\/wordpress\/plugins\/seo\/ -->\n<title>Grand salon - La r\u00e9sidence des Indes<\/title>\n<meta name=\"robots\" content=\"index, follow, max-snippet:-1, max-image-preview:large, max-video-preview:-1\" \/>\n<link rel=\"canonical\" href=\"https:\/\/laresidencedesindes.com\/en\/salons-de-reception\/grand-salon\/\" \/>\n<meta property=\"og:locale\" content=\"en_US\" \/>\n<meta property=\"og:type\" content=\"article\" \/>\n<meta property=\"og:title\" content=\"Grand salon - La r\u00e9sidence des Indes\" \/>\n<meta property=\"og:description\" content=\"[vc_row css=&#8221;.vc_custom_1580726921414{margin-top: -50px !important;margin-bottom: -70px !important;}&#8221;][vc_column][vc_row_inner][vc_column_inner width=&#8221;1\/6&#8243;][\/vc_column_inner][vc_column_inner width=&#8221;2\/3&#8243;][vc_column_text css=&#8221;.vc_custom_1580727671549{margin-bottom: 10px !important;}&#8221;][\/vc_column_text][vc_btn title=&#8221;Book&#8221; color=&#8221;warning&#8221; align=&#8221;center&#8221; i_icon_fontawesome=&#8221;fa fa-calendar&#8221; add_icon=&#8221;true&#8221; link=&#8221;url:%2Fen%2Fcontactreservation-1%2F|||&#8221;][\/vc_column_inner][vc_column_inner width=&#8221;1\/6&#8243;][\/vc_column_inner][\/vc_row_inner][vc_row_inner][vc_column_inner][vc_empty_space height=&#8221;10px&#8221;][vc_column_text css=&#8221;.vc_custom_1774879035442{margin-top: -20px !important;}&#8221;]With an area of 64 m\u00b2, it can accommodate up to 50 persons standing. Its sofas, armchairs &amp; chairs can accommodate 40 seated persons. Its decor and furniture are genuinely 18th century. Chinese&hellip;\" \/>\n<meta property=\"og:url\" content=\"https:\/\/laresidencedesindes.com\/en\/salons-de-reception\/grand-salon\/\" \/>\n<meta property=\"og:site_name\" content=\"La r\u00e9sidence des Indes\" \/>\n<meta property=\"article:modified_time\" content=\"2026-03-30T13:57:18+00:00\" \/>\n<meta name=\"twitter:card\" content=\"summary_large_image\" \/>\n<meta name=\"twitter:label1\" content=\"Est. reading time\" \/>\n\t<meta name=\"twitter:data1\" content=\"1 minute\" \/>\n<script type=\"application\/ld+json\" class=\"yoast-schema-graph\">{\"@context\":\"https:\/\/schema.org\",\"@graph\":[{\"@type\":\"WebPage\",\"@id\":\"https:\/\/laresidencedesindes.com\/en\/salons-de-reception\/grand-salon\/\",\"url\":\"https:\/\/laresidencedesindes.com\/en\/salons-de-reception\/grand-salon\/\",\"name\":\"Grand salon - La r\u00e9sidence des Indes\",\"isPartOf\":{\"@id\":\"https:\/\/laresidencedesindes.com\/#website\"},\"datePublished\":\"2020-02-11T17:53:18+00:00\",\"dateModified\":\"2026-03-30T13:57:18+00:00\",\"breadcrumb\":{\"@id\":\"https:\/\/laresidencedesindes.com\/en\/salons-de-reception\/grand-salon\/#breadcrumb\"},\"inLanguage\":\"en-US\",\"potentialAction\":[{\"@type\":\"ReadAction\",\"target\":[\"https:\/\/laresidencedesindes.com\/en\/salons-de-reception\/grand-salon\/\"]}]},{\"@type\":\"BreadcrumbList\",\"@id\":\"https:\/\/laresidencedesindes.com\/en\/salons-de-reception\/grand-salon\/#breadcrumb\",\"itemListElement\":[{\"@type\":\"ListItem\",\"position\":1,\"name\":\"Accueil\",\"item\":\"https:\/\/laresidencedesindes.com\/en\/\"},{\"@type\":\"ListItem\",\"position\":2,\"name\":\"Salons de r\u00e9ception\",\"item\":\"https:\/\/laresidencedesindes.com\/en\/salons-de-reception\/\"},{\"@type\":\"ListItem\",\"position\":3,\"name\":\"Grand salon\"}]},{\"@type\":\"WebSite\",\"@id\":\"https:\/\/laresidencedesindes.com\/#website\",\"url\":\"https:\/\/laresidencedesindes.com\/\",\"name\":\"La r\u00e9sidence des Indes\",\"description\":\"Chambres d&#039;h\u00f4tes \u00e0 la Rochelle\",\"potentialAction\":[{\"@type\":\"SearchAction\",\"target\":{\"@type\":\"EntryPoint\",\"urlTemplate\":\"https:\/\/laresidencedesindes.com\/?s={search_term_string}\"},\"query-input\":{\"@type\":\"PropertyValueSpecification\",\"valueRequired\":true,\"valueName\":\"search_term_string\"}}],\"inLanguage\":\"en-US\"}]}<\/script>\n<!-- \/ Yoast SEO plugin. -->","yoast_head_json":{"title":"Grand salon - La r\u00e9sidence des Indes","robots":{"index":"index","follow":"follow","max-snippet":"max-snippet:-1","max-image-preview":"max-image-preview:large","max-video-preview":"max-video-preview:-1"},"canonical":"https:\/\/laresidencedesindes.com\/en\/salons-de-reception\/grand-salon\/","og_locale":"en_US","og_type":"article","og_title":"Grand salon - La r\u00e9sidence des Indes","og_description":"[vc_row css=&#8221;.vc_custom_1580726921414{margin-top: -50px !important;margin-bottom: -70px !important;}&#8221;][vc_column][vc_row_inner][vc_column_inner width=&#8221;1\/6&#8243;][\/vc_column_inner][vc_column_inner width=&#8221;2\/3&#8243;][vc_column_text css=&#8221;.vc_custom_1580727671549{margin-bottom: 10px !important;}&#8221;][\/vc_column_text][vc_btn title=&#8221;Book&#8221; color=&#8221;warning&#8221; align=&#8221;center&#8221; i_icon_fontawesome=&#8221;fa fa-calendar&#8221; add_icon=&#8221;true&#8221; link=&#8221;url:%2Fen%2Fcontactreservation-1%2F|||&#8221;][\/vc_column_inner][vc_column_inner width=&#8221;1\/6&#8243;][\/vc_column_inner][\/vc_row_inner][vc_row_inner][vc_column_inner][vc_empty_space height=&#8221;10px&#8221;][vc_column_text css=&#8221;.vc_custom_1774879035442{margin-top: -20px !important;}&#8221;]With an area of 64 m\u00b2, it can accommodate up to 50 persons standing. Its sofas, armchairs &amp; chairs can accommodate 40 seated persons. Its decor and furniture are genuinely 18th century. Chinese&hellip;","og_url":"https:\/\/laresidencedesindes.com\/en\/salons-de-reception\/grand-salon\/","og_site_name":"La r\u00e9sidence des Indes","article_modified_time":"2026-03-30T13:57:18+00:00","twitter_card":"summary_large_image","twitter_misc":{"Est. reading time":"1 minute"},"schema":{"@context":"https:\/\/schema.org","@graph":[{"@type":"WebPage","@id":"https:\/\/laresidencedesindes.com\/en\/salons-de-reception\/grand-salon\/","url":"https:\/\/laresidencedesindes.com\/en\/salons-de-reception\/grand-salon\/","name":"Grand salon - La r\u00e9sidence des Indes","isPartOf":{"@id":"https:\/\/laresidencedesindes.com\/#website"},"datePublished":"2020-02-11T17:53:18+00:00","dateModified":"2026-03-30T13:57:18+00:00","breadcrumb":{"@id":"https:\/\/laresidencedesindes.com\/en\/salons-de-reception\/grand-salon\/#breadcrumb"},"inLanguage":"en-US","potentialAction":[{"@type":"ReadAction","target":["https:\/\/laresidencedesindes.com\/en\/salons-de-reception\/grand-salon\/"]}]},{"@type":"BreadcrumbList","@id":"https:\/\/laresidencedesindes.com\/en\/salons-de-reception\/grand-salon\/#breadcrumb","itemListElement":[{"@type":"ListItem","position":1,"name":"Accueil","item":"https:\/\/laresidencedesindes.com\/en\/"},{"@type":"ListItem","position":2,"name":"Salons de r\u00e9ception","item":"https:\/\/laresidencedesindes.com\/en\/salons-de-reception\/"},{"@type":"ListItem","position":3,"name":"Grand salon"}]},{"@type":"WebSite","@id":"https:\/\/laresidencedesindes.com\/#website","url":"https:\/\/laresidencedesindes.com\/","name":"La r\u00e9sidence des Indes","description":"Chambres d&#039;h\u00f4tes \u00e0 la Rochelle","potentialAction":[{"@type":"SearchAction","target":{"@type":"EntryPoint","urlTemplate":"https:\/\/laresidencedesindes.com\/?s={search_term_string}"},"query-input":{"@type":"PropertyValueSpecification","valueRequired":true,"valueName":"search_term_string"}}],"inLanguage":"en-US"}]}},"_links":{"self":[{"href":"https:\/\/laresidencedesindes.com\/en\/wp-json\/wp\/v2\/pages\/1931","targetHints":{"allow":["GET"]}}],"collection":[{"href":"https:\/\/laresidencedesindes.com\/en\/wp-json\/wp\/v2\/pages"}],"about":[{"href":"https:\/\/laresidencedesindes.com\/en\/wp-json\/wp\/v2\/types\/page"}],"author":[{"embeddable":true,"href":"https:\/\/laresidencedesindes.com\/en\/wp-json\/wp\/v2\/users\/1"}],"replies":[{"embeddable":true,"href":"https:\/\/laresidencedesindes.com\/en\/wp-json\/wp\/v2\/comments?post=1931"}],"version-history":[{"count":12,"href":"https:\/\/laresidencedesindes.com\/en\/wp-json\/wp\/v2\/pages\/1931\/revisions"}],"predecessor-version":[{"id":3185,"href":"https:\/\/laresidencedesindes.com\/en\/wp-json\/wp\/v2\/pages\/1931\/revisions\/3185"}],"up":[{"embeddable":true,"href":"https:\/\/laresidencedesindes.com\/en\/wp-json\/wp\/v2\/pages\/1927"}],"wp:attachment":[{"href":"https:\/\/laresidencedesindes.com\/en\/wp-json\/wp\/v2\/media?parent=1931"}],"curies":[{"name":"wp","href":"https:\/\/api.w.org\/{rel}","templated":true}]}}