{"id":1927,"date":"2020-02-11T18:38:30","date_gmt":"2020-02-11T17:38:30","guid":{"rendered":"http:\/\/laresidencedesindes.com\/?page_id=1927"},"modified":"2026-03-30T15:56:47","modified_gmt":"2026-03-30T13:56:47","slug":"salons-de-reception","status":"publish","type":"page","link":"https:\/\/laresidencedesindes.com\/en\/salons-de-reception\/","title":{"rendered":"Salons de r\u00e9ception"},"content":{"rendered":"<div class=\"wpb-content-wrapper\"><p>[vc_row bg_type=&#8221;bg_color&#8221; bg_override=&#8221;full&#8221; css=&#8221;.vc_custom_1579259055093{margin-top: -70px !important;margin-bottom: -70px !important;}&#8221;][vc_column][vc_row_inner][vc_column_inner width=&#8221;1\/5&#8243;]<div class=\"ult-new-ib ult-ib-effect-style14  ult-ib-resp ult-ib2-min-height \" data-min-width=\"768\" data-max-width=\"900\" style=\"background:#dd9933; opacity:0; \" data-opacity=\"0.8\" data-hover-opacity=\"0.3\"  data-min-height=\"200\" ><img decoding=\"async\" class=\"ult-new-ib-img\" style=\"opacity:0.8;\" alt=\"null\" src=\"https:\/\/laresidencedesindes.com\/wp-content\/uploads\/2020\/02\/ski23414-2.jpg\"  data-min-height=\"200\"   \/><div id=\"interactive-banner-wrap-1919\" class=\"ult-new-ib-desc\" style=\"\"><h2 class=\"ult-new-ib-title ult-responsive\"  data-ultimate-target='#interactive-banner-wrap-1919 .ult-new-ib-title'  data-responsive-json-new='{\"font-size\":\"\",\"line-height\":\"desktop:35px;\"}'  style=\"font-weight:normal;\">Large reception hall<\/h2><\/div><a class=\"ult-new-ib-link\" href=\"http:\/\/laresidencedesindes.com\/en\/espaces-de-reception\/grand-salon\/\"  ><\/a><\/div>[\/vc_column_inner][vc_column_inner width=&#8221;1\/5&#8243;]<div class=\"ult-new-ib ult-ib-effect-style14  ult-ib-resp ult-ib2-min-height \" data-min-width=\"768\" data-max-width=\"900\" style=\"background:#dd9933; opacity:0; \" data-opacity=\"0.8\" data-hover-opacity=\"0.3\"  data-min-height=\"200\" ><img decoding=\"async\" class=\"ult-new-ib-img\" style=\"opacity:0.8;\" alt=\"null\" src=\"https:\/\/laresidencedesindes.com\/wp-content\/uploads\/2020\/02\/ski12903-M-1.jpg\"  data-min-height=\"200\"   \/><div id=\"interactive-banner-wrap-5491\" class=\"ult-new-ib-desc\" style=\"\"><h2 class=\"ult-new-ib-title ult-responsive\"  data-ultimate-target='#interactive-banner-wrap-5491 .ult-new-ib-title'  data-responsive-json-new='{\"font-size\":\"\",\"line-height\":\"desktop:35px;\"}'  style=\"font-weight:normal;\">Small reception hall<\/h2><\/div><a class=\"ult-new-ib-link\" href=\"http:\/\/laresidencedesindes.com\/en\/espaces-de-reception\/petit-salon\/\"  ><\/a><\/div>[\/vc_column_inner][vc_column_inner width=&#8221;1\/5&#8243;]<div class=\"ult-new-ib ult-ib-effect-style14  ult-ib-resp ult-ib2-min-height \" data-min-width=\"768\" data-max-width=\"900\" style=\"background:#dd9933; opacity:0; \" data-opacity=\"0.8\" data-hover-opacity=\"0.3\"  data-min-height=\"200\" ><img decoding=\"async\" class=\"ult-new-ib-img\" style=\"opacity:0.8;\" alt=\"null\" src=\"https:\/\/laresidencedesindes.com\/wp-content\/uploads\/2020\/02\/ski15032-2.jpg\"  data-min-height=\"200\"   \/><div id=\"interactive-banner-wrap-7915\" class=\"ult-new-ib-desc\" style=\"\"><h2 class=\"ult-new-ib-title ult-responsive\"  data-ultimate-target='#interactive-banner-wrap-7915 .ult-new-ib-title'  data-responsive-json-new='{\"font-size\":\"\",\"line-height\":\"desktop:35px;\"}'  style=\"font-weight:normal;\">Cabinet of curiosities<\/h2><\/div><a class=\"ult-new-ib-link\" href=\"http:\/\/laresidencedesindes.com\/en\/cabinet-de-curiosites\/\" title=\"Cabinet de curiosit\u00e9s\"  ><\/a><\/div>[\/vc_column_inner][vc_column_inner width=&#8221;1\/5&#8243;]<div class=\"ult-new-ib ult-ib-effect-style14  ult-ib-resp ult-ib2-min-height \" data-min-width=\"768\" data-max-width=\"900\" style=\"background:#dd9933; opacity:0; \" data-opacity=\"0.8\" data-hover-opacity=\"0.3\"  data-min-height=\"200\" ><img decoding=\"async\" class=\"ult-new-ib-img\" style=\"opacity:0.8;\" alt=\"null\" src=\"https:\/\/laresidencedesindes.com\/wp-content\/uploads\/2022\/03\/patio.jpg\"  data-min-height=\"200\"   \/><div id=\"interactive-banner-wrap-2926\" class=\"ult-new-ib-desc\" style=\"\"><h2 class=\"ult-new-ib-title ult-responsive\"  data-ultimate-target='#interactive-banner-wrap-2926 .ult-new-ib-title'  data-responsive-json-new='{\"font-size\":\"\",\"line-height\":\"desktop:35px;\"}'  style=\"font-weight:normal;\">Patio<\/h2><\/div><a class=\"ult-new-ib-link\" href=\"\/en\/salons-de-reception\/le-patio\/\" title=\"Le patio\"  ><\/a><\/div>[\/vc_column_inner][vc_column_inner width=&#8221;1\/5&#8243;]<div class=\"ult-new-ib ult-ib-effect-style14  ult-ib-resp ult-ib2-min-height \" data-min-width=\"768\" data-max-width=\"900\" style=\"background:#dd9933; opacity:0; \" data-opacity=\"0.8\" data-hover-opacity=\"0.3\"  data-min-height=\"200\" ><img decoding=\"async\" class=\"ult-new-ib-img\" style=\"opacity:0.8;\" alt=\"null\" src=\"https:\/\/laresidencedesindes.com\/wp-content\/uploads\/2022\/03\/jardin.jpg\"  data-min-height=\"200\"   \/><div id=\"interactive-banner-wrap-7817\" class=\"ult-new-ib-desc\" style=\"\"><h2 class=\"ult-new-ib-title ult-responsive\"  data-ultimate-target='#interactive-banner-wrap-7817 .ult-new-ib-title'  data-responsive-json-new='{\"font-size\":\"\",\"line-height\":\"desktop:35px;\"}'  style=\"font-weight:normal;\">Garden<\/h2><\/div><a class=\"ult-new-ib-link\" href=\"\/en\/salons-de-reception\/le-jardin\/\" title=\"Le jardin\"  ><\/a><\/div>[\/vc_column_inner][\/vc_row_inner][vc_column_text css=&#8221;&#8221;]In the prestigious setting of a fully restored 18th century merchant mansion, situated in the heart of the historical city and listed in the official Additional Register of the Historical Monuments of la Rochelle, two magnificent halls are available for private hire, with furniture and art objects of the period, French, as well as Indian, Chinese and Japanese, with independent access from the 74 Chemin du rempart (rampart lane) through a garden and a grand staircase.<br \/>\nLa R\u00e9sidence des Indes also offers the unique setting of a cabinet of tribal curiosities, in the spirit of the 18th century, a green and cosy patio of 30m\u00b2 and a large gardenof 120m\u00b2.<\/p>\n<p>The small and large halls have a combined area of 82m\u00b2 that can accommodate up to fifty persons standing or fourty persons sitting, with the additional capacity of 16 seats in the 35 m\u00b2 of the adjacent cabinet of curiosities.<\/p>\n<p>These three spaces can be combined in a modular way to suit all types of meetings\/receptions over breakfast, lunch, tea time or dinner, and events, be they conferences, performances, workshops, etc.<\/p>\n<p>You may hire your own caterer or one of those we are used to work with.<\/p>\n<p>For a tailor-made offer, you may please visit us and get acquainted with our peculiar premises, before we can discuss the best possible arrangement to suit your specific requirements.[\/vc_column_text][vc_video link=&#8221;https:\/\/youtu.be\/C_eMWHSdfY4&#8243; el_width=&#8221;70&#8243; align=&#8221;center&#8221;][\/vc_column][\/vc_row][vc_row disable_element=&#8221;yes&#8221;][vc_column]<div class=\"ult-new-ib ult-ib-effect-style14  ult-ib-resp ult-ib2-min-height \" data-min-width=\"768\" data-max-width=\"900\" style=\"background:#dd9933; opacity:0; \" data-opacity=\"0.8\" data-hover-opacity=\"0.3\"  data-min-height=\"300\" ><img decoding=\"async\" class=\"ult-new-ib-img\" style=\"opacity:0.8;\" alt=\"null\" src=\"https:\/\/laresidencedesindes.com\/wp-content\/uploads\/2019\/04\/jardins2.jpg\"  data-min-height=\"300\"   \/><div id=\"interactive-banner-wrap-8146\" class=\"ult-new-ib-desc\" style=\"\"><h2 class=\"ult-new-ib-title ult-responsive\"  data-ultimate-target='#interactive-banner-wrap-8146 .ult-new-ib-title'  data-responsive-json-new='{\"font-size\":\"desktop:28px;\",\"line-height\":\"\"}'  style=\"font-weight:normal;\">Le jardin<\/h2><div class=\"ult-new-ib-content ult-responsive\"  data-ultimate-target='#interactive-banner-wrap-8146 .ult-new-ib-content'  data-responsive-json-new='{\"font-size\":\"\",\"line-height\":\"\"}'  style=\"font-weight:normal;\"><p>Il offre une surface paysag\u00e9e de 75 m\u00b2 pouvant accueillir une soixantaine de personnes debout.<\/p><\/div><\/div><a class=\"ult-new-ib-link\" href=\"http:\/\/laresidencedesindes.com\/espaces-de-reception\/le-jardin\/\"  ><\/a><\/div>[\/vc_column][\/vc_row]<\/p>\n<\/div>","protected":false},"excerpt":{"rendered":"<p>[vc_row bg_type=&#8221;bg_color&#8221; bg_override=&#8221;full&#8221; css=&#8221;.vc_custom_1579259055093{margin-top: -70px !important;margin-bottom: -70px !important;}&#8221;][vc_column][vc_row_inner][vc_column_inner width=&#8221;1\/5&#8243;][\/vc_column_inner][vc_column_inner width=&#8221;1\/5&#8243;][\/vc_column_inner][vc_column_inner width=&#8221;1\/5&#8243;][\/vc_column_inner][vc_column_inner width=&#8221;1\/5&#8243;][\/vc_column_inner][vc_column_inner width=&#8221;1\/5&#8243;][\/vc_column_inner][\/vc_row_inner][vc_column_text css=&#8221;&#8221;]In the prestigious setting of a fully restored 18th century merchant mansion, situated in the heart of the historical city and listed in the official Additional Register of the Historical Monuments of la Rochelle, two magnificent halls are available for private hire,&hellip;<\/p>\n","protected":false},"author":1,"featured_media":0,"parent":0,"menu_order":0,"comment_status":"closed","ping_status":"closed","template":"","meta":{"footnotes":""},"class_list":["post-1927","page","type-page","status-publish","hentry","description-off"],"yoast_head":"<!-- This site is optimized with the Yoast SEO plugin v24.8.1 - https:\/\/yoast.com\/wordpress\/plugins\/seo\/ -->\n<title>Salons de r\u00e9ception - La r\u00e9sidence des Indes<\/title>\n<meta name=\"robots\" content=\"index, follow, max-snippet:-1, max-image-preview:large, max-video-preview:-1\" \/>\n<link rel=\"canonical\" href=\"https:\/\/laresidencedesindes.com\/en\/salons-de-reception\/\" \/>\n<meta property=\"og:locale\" content=\"en_US\" \/>\n<meta property=\"og:type\" content=\"article\" \/>\n<meta property=\"og:title\" content=\"Salons de r\u00e9ception - La r\u00e9sidence des Indes\" \/>\n<meta property=\"og:description\" content=\"[vc_row bg_type=&#8221;bg_color&#8221; bg_override=&#8221;full&#8221; css=&#8221;.vc_custom_1579259055093{margin-top: -70px !important;margin-bottom: -70px !important;}&#8221;][vc_column][vc_row_inner][vc_column_inner width=&#8221;1\/5&#8243;][\/vc_column_inner][vc_column_inner width=&#8221;1\/5&#8243;][\/vc_column_inner][vc_column_inner width=&#8221;1\/5&#8243;][\/vc_column_inner][vc_column_inner width=&#8221;1\/5&#8243;][\/vc_column_inner][vc_column_inner width=&#8221;1\/5&#8243;][\/vc_column_inner][\/vc_row_inner][vc_column_text css=&#8221;&#8221;]In the prestigious setting of a fully restored 18th century merchant mansion, situated in the heart of the historical city and listed in the official Additional Register of the Historical Monuments of la Rochelle, two magnificent halls are available for private hire,&hellip;\" \/>\n<meta property=\"og:url\" content=\"https:\/\/laresidencedesindes.com\/en\/salons-de-reception\/\" \/>\n<meta property=\"og:site_name\" content=\"La r\u00e9sidence des Indes\" \/>\n<meta property=\"article:modified_time\" content=\"2026-03-30T13:56:47+00:00\" \/>\n<meta name=\"twitter:card\" content=\"summary_large_image\" \/>\n<meta name=\"twitter:label1\" content=\"Est. reading time\" \/>\n\t<meta name=\"twitter:data1\" content=\"2 minutes\" \/>\n<script type=\"application\/ld+json\" class=\"yoast-schema-graph\">{\"@context\":\"https:\/\/schema.org\",\"@graph\":[{\"@type\":\"WebPage\",\"@id\":\"https:\/\/laresidencedesindes.com\/en\/salons-de-reception\/\",\"url\":\"https:\/\/laresidencedesindes.com\/en\/salons-de-reception\/\",\"name\":\"Salons de r\u00e9ception - La r\u00e9sidence des Indes\",\"isPartOf\":{\"@id\":\"https:\/\/laresidencedesindes.com\/#website\"},\"datePublished\":\"2020-02-11T17:38:30+00:00\",\"dateModified\":\"2026-03-30T13:56:47+00:00\",\"breadcrumb\":{\"@id\":\"https:\/\/laresidencedesindes.com\/en\/salons-de-reception\/#breadcrumb\"},\"inLanguage\":\"en-US\",\"potentialAction\":[{\"@type\":\"ReadAction\",\"target\":[\"https:\/\/laresidencedesindes.com\/en\/salons-de-reception\/\"]}]},{\"@type\":\"BreadcrumbList\",\"@id\":\"https:\/\/laresidencedesindes.com\/en\/salons-de-reception\/#breadcrumb\",\"itemListElement\":[{\"@type\":\"ListItem\",\"position\":1,\"name\":\"Accueil\",\"item\":\"https:\/\/laresidencedesindes.com\/en\/\"},{\"@type\":\"ListItem\",\"position\":2,\"name\":\"Salons de r\u00e9ception\"}]},{\"@type\":\"WebSite\",\"@id\":\"https:\/\/laresidencedesindes.com\/#website\",\"url\":\"https:\/\/laresidencedesindes.com\/\",\"name\":\"La r\u00e9sidence des Indes\",\"description\":\"Chambres d&#039;h\u00f4tes \u00e0 la Rochelle\",\"potentialAction\":[{\"@type\":\"SearchAction\",\"target\":{\"@type\":\"EntryPoint\",\"urlTemplate\":\"https:\/\/laresidencedesindes.com\/?s={search_term_string}\"},\"query-input\":{\"@type\":\"PropertyValueSpecification\",\"valueRequired\":true,\"valueName\":\"search_term_string\"}}],\"inLanguage\":\"en-US\"}]}<\/script>\n<!-- \/ Yoast SEO plugin. -->","yoast_head_json":{"title":"Salons de r\u00e9ception - La r\u00e9sidence des Indes","robots":{"index":"index","follow":"follow","max-snippet":"max-snippet:-1","max-image-preview":"max-image-preview:large","max-video-preview":"max-video-preview:-1"},"canonical":"https:\/\/laresidencedesindes.com\/en\/salons-de-reception\/","og_locale":"en_US","og_type":"article","og_title":"Salons de r\u00e9ception - La r\u00e9sidence des Indes","og_description":"[vc_row bg_type=&#8221;bg_color&#8221; bg_override=&#8221;full&#8221; css=&#8221;.vc_custom_1579259055093{margin-top: -70px !important;margin-bottom: -70px !important;}&#8221;][vc_column][vc_row_inner][vc_column_inner width=&#8221;1\/5&#8243;][\/vc_column_inner][vc_column_inner width=&#8221;1\/5&#8243;][\/vc_column_inner][vc_column_inner width=&#8221;1\/5&#8243;][\/vc_column_inner][vc_column_inner width=&#8221;1\/5&#8243;][\/vc_column_inner][vc_column_inner width=&#8221;1\/5&#8243;][\/vc_column_inner][\/vc_row_inner][vc_column_text css=&#8221;&#8221;]In the prestigious setting of a fully restored 18th century merchant mansion, situated in the heart of the historical city and listed in the official Additional Register of the Historical Monuments of la Rochelle, two magnificent halls are available for private hire,&hellip;","og_url":"https:\/\/laresidencedesindes.com\/en\/salons-de-reception\/","og_site_name":"La r\u00e9sidence des Indes","article_modified_time":"2026-03-30T13:56:47+00:00","twitter_card":"summary_large_image","twitter_misc":{"Est. reading time":"2 minutes"},"schema":{"@context":"https:\/\/schema.org","@graph":[{"@type":"WebPage","@id":"https:\/\/laresidencedesindes.com\/en\/salons-de-reception\/","url":"https:\/\/laresidencedesindes.com\/en\/salons-de-reception\/","name":"Salons de r\u00e9ception - La r\u00e9sidence des Indes","isPartOf":{"@id":"https:\/\/laresidencedesindes.com\/#website"},"datePublished":"2020-02-11T17:38:30+00:00","dateModified":"2026-03-30T13:56:47+00:00","breadcrumb":{"@id":"https:\/\/laresidencedesindes.com\/en\/salons-de-reception\/#breadcrumb"},"inLanguage":"en-US","potentialAction":[{"@type":"ReadAction","target":["https:\/\/laresidencedesindes.com\/en\/salons-de-reception\/"]}]},{"@type":"BreadcrumbList","@id":"https:\/\/laresidencedesindes.com\/en\/salons-de-reception\/#breadcrumb","itemListElement":[{"@type":"ListItem","position":1,"name":"Accueil","item":"https:\/\/laresidencedesindes.com\/en\/"},{"@type":"ListItem","position":2,"name":"Salons de r\u00e9ception"}]},{"@type":"WebSite","@id":"https:\/\/laresidencedesindes.com\/#website","url":"https:\/\/laresidencedesindes.com\/","name":"La r\u00e9sidence des Indes","description":"Chambres d&#039;h\u00f4tes \u00e0 la Rochelle","potentialAction":[{"@type":"SearchAction","target":{"@type":"EntryPoint","urlTemplate":"https:\/\/laresidencedesindes.com\/?s={search_term_string}"},"query-input":{"@type":"PropertyValueSpecification","valueRequired":true,"valueName":"search_term_string"}}],"inLanguage":"en-US"}]}},"_links":{"self":[{"href":"https:\/\/laresidencedesindes.com\/en\/wp-json\/wp\/v2\/pages\/1927","targetHints":{"allow":["GET"]}}],"collection":[{"href":"https:\/\/laresidencedesindes.com\/en\/wp-json\/wp\/v2\/pages"}],"about":[{"href":"https:\/\/laresidencedesindes.com\/en\/wp-json\/wp\/v2\/types\/page"}],"author":[{"embeddable":true,"href":"https:\/\/laresidencedesindes.com\/en\/wp-json\/wp\/v2\/users\/1"}],"replies":[{"embeddable":true,"href":"https:\/\/laresidencedesindes.com\/en\/wp-json\/wp\/v2\/comments?post=1927"}],"version-history":[{"count":26,"href":"https:\/\/laresidencedesindes.com\/en\/wp-json\/wp\/v2\/pages\/1927\/revisions"}],"predecessor-version":[{"id":3184,"href":"https:\/\/laresidencedesindes.com\/en\/wp-json\/wp\/v2\/pages\/1927\/revisions\/3184"}],"wp:attachment":[{"href":"https:\/\/laresidencedesindes.com\/en\/wp-json\/wp\/v2\/media?parent=1927"}],"curies":[{"name":"wp","href":"https:\/\/api.w.org\/{rel}","templated":true}]}}