{"id":1921,"date":"2020-02-11T18:22:39","date_gmt":"2020-02-11T17:22:39","guid":{"rendered":"http:\/\/laresidencedesindes.com\/?page_id=1921"},"modified":"2026-03-30T15:53:08","modified_gmt":"2026-03-30T13:53:08","slug":"la-residence-1","status":"publish","type":"page","link":"https:\/\/laresidencedesindes.com\/en\/la-residence-1\/","title":{"rendered":"La R\u00e9sidence 1"},"content":{"rendered":"<div class=\"wpb-content-wrapper\"><p>[vc_row css=&#8221;.vc_custom_1579884059988{margin-top: -30px !important;margin-bottom: -70px !important;}&#8221;][vc_column][vc_row_inner][vc_column_inner width=&#8221;1\/6&#8243;][\/vc_column_inner][vc_column_inner width=&#8221;2\/3&#8243;][vc_video link=&#8221;https:\/\/youtu.be\/sUqq8yyheQs&#8221; align=&#8221;center&#8221; css=&#8221;.vc_custom_1706882072679{margin-bottom: 0px !important;padding-bottom: 0px !important;}&#8221;]<div id=\"ultimate-heading-681169d2842e4817f\" class=\"uvc-heading ult-adjust-bottom-margin ultimate-heading-681169d2842e4817f uvc-8248  uvc-heading-default-font-sizes\" data-hspacer=\"no_spacer\"  data-halign=\"center\" style=\"text-align:center\"><div class=\"uvc-heading-spacer no_spacer\" style=\"top\"><\/div><div class=\"uvc-sub-heading ult-responsive\"  data-ultimate-target='.uvc-heading.ultimate-heading-681169d2842e4817f .uvc-sub-heading '  data-responsive-json-new='{\"font-size\":\"desktop:10px;\",\"line-height\":\"desktop:20px;\"}'  style=\"font-weight:normal;color:#777777;margin-top:0px;margin-bottom:20px;\">Rochelle &amp; Fabulous ; @rochelleandfabulous (Instagram) ; <a href=\"http:\/\/rochelleandfabulous.fr\">rochelleandfabulous.fr<\/a><\/div><\/div>[\/vc_column_inner][vc_column_inner width=&#8221;1\/6&#8243;][\/vc_column_inner][\/vc_row_inner][vc_row_inner disable_element=&#8221;yes&#8221;][vc_column_inner width=&#8221;1\/6&#8243;][\/vc_column_inner][vc_column_inner width=&#8221;2\/3&#8243;][vc_column_text][\/vc_column_text][\/vc_column_inner][vc_column_inner width=&#8221;1\/6&#8243;][\/vc_column_inner][\/vc_row_inner][vc_row_inner][vc_column_inner][vc_column_text css=&#8221;&#8221;]<span style=\"color: black; background: white;\">Relive the oriental history of La Rochelle in the 18th century and discover the vast World fared by La Rochelle sailors then, in the fully restored, furnished and decorated mansion of merchant Weiss. It is an official museum with oriental artefacts that used to be in fashion then: chinaware, chinese lacquers, indian printed cotton cloth<br \/>\n<\/span>Guided visits are available for groups of 8 persons minimum at 15\u20ac\/p on appointment.\u00a0For enquiries, send an email at <a href=\"mailto:contact@laresidencedesindes.com\">contact@laresidencedesindes.com<\/a> or call at +33 (0)5 46 41 94 21[\/vc_column_text][vc_btn title=&#8221;Discover <i>Museum<\/i>&#8221; color=&#8221;warning&#8221; align=&#8221;left&#8221; css=&#8221;.vc_custom_1598891581165{margin-top: -30px !important;margin-bottom: 2px !important;}&#8221; link=&#8221;url:%2Fen%2Fmuseum%2F|||&#8221;][vc_column_text css=&#8221;&#8221;]- Spend an unforgettable night in one of the B&amp;B rooms of utmost comfort situated on the ground floor with oriental themes : \u00ab Orient \u00bb, \u00ab Les Indes \u00bb, \u00ab Bombay \u00bb or the &#8220;Kama&#8221; suite on the 2nd floor, with a large 18th century bedroom, a cosy sitting corner, a writing desk, an Indian drawing room, with TV and a convertible sofa, and a large bathroom.[\/vc_column_text][vc_btn title=&#8221;Discover <i>The B&amp;B rooms<\/i>&#8221; color=&#8221;warning&#8221; align=&#8221;left&#8221; css=&#8221;.vc_custom_1581609223529{margin-top: -30px !important;margin-bottom: 2px !important;}&#8221; link=&#8221;url:%2Fen%2Fles-chambres-1%2F|||&#8221;][vc_column_text css=&#8221;&#8221;]<\/p>\n<p style=\"text-align: left;\">&#8211; To host your distinguished guests at your parties and events, on the first floor, two reception halls furnished and decorated in genuine 18th century style and a cabinet of tribal curiosities and on the ground floor, the patio and the garden.<\/p>\n<p>[\/vc_column_text][vc_btn title=&#8221;Discover <i>The reception halls<\/i>&#8221; color=&#8221;warning&#8221; align=&#8221;left&#8221; css=&#8221;.vc_custom_1581609233825{margin-top: -30px !important;margin-bottom: 2px !important;}&#8221; link=&#8221;url:%2Fen%2Fsalons-de-reception%2F|||&#8221;][vc_column_text css=&#8221;&#8221;]The Weiss mansion is one of the 29 merchant mansions in La Rochelle to be registered under the Additional Registry of Historical Monuments. You may find more information and pictures from <a href=\"http:\/\/www.culture.gouv.fr\" target=\"_blank\" rel=\"noopener\">http:\/\/www.culture.gouv.fr<\/a>.<br \/>\nOnly a few minutes\u2019 walk from the city centre, it offers the quiet environment of a private courtyard and garden. its unique 18th century staircase leads to wood-panelled halls and its grand fresco representing the Eastern Indies in the 18th century. The rear garden gate opens on to lush public parks leading to the beach.<br \/>\nWalk around the mansion and ask your hosts about the exotic and artistic artefacts on display, which are catalogued and documented in freely available notes in each space and through a QR code .[\/vc_column_text][\/vc_column_inner][\/vc_row_inner][vc_row_inner disable_element=&#8221;yes&#8221;][vc_column_inner][vc_column_text css=&#8221;&#8221;]- A tea room with 15 tables in four different spaces, each with a specific decor and atmosphere: a wood-pannelled cabinet of tribal curiosities from the entire World, a small and a large drawing rooms decorated and furnished in genuine 18th century style and a green and cosy patio.[\/vc_column_text][vc_btn title=&#8221;Discover <i>The tea room<\/i>&#8221; color=&#8221;warning&#8221; align=&#8221;left&#8221; css=&#8221;.vc_custom_1581609209737{margin-top: -30px !important;margin-bottom: 2px !important;}&#8221; link=&#8221;url:%2Fen%2Fsalon-de-the%2F|||&#8221;][vc_column_text]Relive the oriental history of La Rochelle in the 18th century and discover the vast World fared by La Rochelle sailors then, in the fully restored, furnished and decorated mansion of merchant Weiss. It is an official museum that you can make your own, night and day, in various ways\u00a0:<br \/>\n&#8211; The can be visited on previous appointment at 05 46 41 94 21. Entrance fee: 5\u20ac (free for minors).[\/vc_column_text][vc_btn title=&#8221;Discover <i>Museum<\/i>&#8221; color=&#8221;warning&#8221; align=&#8221;left&#8221; css=&#8221;.vc_custom_1598891581165{margin-top: -30px !important;margin-bottom: 2px !important;}&#8221; link=&#8221;url:%2Fen%2Fmuseum%2F|||&#8221;][vc_column_text]- An unforgettable night in one of the B&amp;B rooms of utmost comfort situated on the ground floor with oriental themes : \u00ab Orient \u00bb, \u00ab Les Indes \u00bb, \u00ab Bombay \u00bb.[\/vc_column_text][vc_btn title=&#8221;Discover <i>The B&amp;B rooms<\/i>&#8221; color=&#8221;warning&#8221; align=&#8221;left&#8221; css=&#8221;.vc_custom_1581609223529{margin-top: -30px !important;margin-bottom: 2px !important;}&#8221; link=&#8221;url:%2Fen%2Fles-chambres-1%2F|||&#8221;][vc_column_text]<\/p>\n<p style=\"text-align: left;\">&#8211; Two reception halls\u00a0furnished and decorated in genuine 18th century style and a cabinet of tribal curiosities to host your distinguished guests.<\/p>\n<p>[\/vc_column_text][vc_btn title=&#8221;Discover <i>The reception halls<\/i>&#8221; color=&#8221;warning&#8221; align=&#8221;left&#8221; css=&#8221;.vc_custom_1581609233825{margin-top: -30px !important;margin-bottom: 2px !important;}&#8221; link=&#8221;url:%2Fen%2Fsalons-de-reception%2F|||&#8221;][vc_column_text]The Weiss mansion is one of the 29 merchant mansions in La Rochelle to be registered under the Additional Registry of Historical Monuments. You may find more information and pictures from <a href=\"http:\/\/www.culture.gouv.fr\/culture\/inventai\/itiinv\/larochelle\/LaRochelle\/Dossiers\/HTML\/IA17000157\/Notice.html\" target=\"_blank\" rel=\"noopener noreferrer\">http:\/\/www.culture.gouv.fr<\/a>.<br \/>\nOnly a few minutes\u2019 walk from the city centre, it offers the quiet environment of a private courtyard and garden. its unique 18th century staircase leads to wood-panelled halls furnished and decorated in the same style. The rear garden gate opens on to lush public parks leading to the beach.<br \/>\n<span style=\"color: black; background: white;\">Walk around the mansion and ask your hosts about the exotic and artistic artefacts on display, which are catalogued and documented in freely available notes.<\/span>[\/vc_column_text][\/vc_column_inner][\/vc_row_inner][\/vc_column][\/vc_row]<\/p>\n<\/div>","protected":false},"excerpt":{"rendered":"<p>[vc_row css=&#8221;.vc_custom_1579884059988{margin-top: -30px !important;margin-bottom: -70px !important;}&#8221;][vc_column][vc_row_inner][vc_column_inner width=&#8221;1\/6&#8243;][\/vc_column_inner][vc_column_inner width=&#8221;2\/3&#8243;][vc_video link=&#8221;https:\/\/youtu.be\/sUqq8yyheQs&#8221; align=&#8221;center&#8221; css=&#8221;.vc_custom_1706882072679{margin-bottom: 0px !important;padding-bottom: 0px !important;}&#8221;][\/vc_column_inner][vc_column_inner width=&#8221;1\/6&#8243;][\/vc_column_inner][\/vc_row_inner][vc_row_inner disable_element=&#8221;yes&#8221;][vc_column_inner width=&#8221;1\/6&#8243;][\/vc_column_inner][vc_column_inner width=&#8221;2\/3&#8243;][vc_column_text][\/vc_column_text][\/vc_column_inner][vc_column_inner width=&#8221;1\/6&#8243;][\/vc_column_inner][\/vc_row_inner][vc_row_inner][vc_column_inner][vc_column_text css=&#8221;&#8221;]Relive the oriental history of La Rochelle in the 18th century and discover the vast World fared by La Rochelle sailors then, in the fully restored, furnished and decorated mansion of merchant Weiss. It is&hellip;<\/p>\n","protected":false},"author":1,"featured_media":0,"parent":0,"menu_order":0,"comment_status":"closed","ping_status":"closed","template":"","meta":{"footnotes":""},"class_list":["post-1921","page","type-page","status-publish","hentry","description-off"],"yoast_head":"<!-- This site is optimized with the Yoast SEO plugin v24.8.1 - https:\/\/yoast.com\/wordpress\/plugins\/seo\/ -->\n<title>La R\u00e9sidence 1 - La r\u00e9sidence des Indes<\/title>\n<meta name=\"robots\" content=\"index, follow, max-snippet:-1, max-image-preview:large, max-video-preview:-1\" \/>\n<link rel=\"canonical\" href=\"https:\/\/laresidencedesindes.com\/en\/la-residence-1\/\" \/>\n<meta property=\"og:locale\" content=\"en_US\" \/>\n<meta property=\"og:type\" content=\"article\" \/>\n<meta property=\"og:title\" content=\"La R\u00e9sidence 1 - La r\u00e9sidence des Indes\" \/>\n<meta property=\"og:description\" content=\"[vc_row css=&#8221;.vc_custom_1579884059988{margin-top: -30px !important;margin-bottom: -70px !important;}&#8221;][vc_column][vc_row_inner][vc_column_inner width=&#8221;1\/6&#8243;][\/vc_column_inner][vc_column_inner width=&#8221;2\/3&#8243;][vc_video link=&#8221;https:\/\/youtu.be\/sUqq8yyheQs&#8221; align=&#8221;center&#8221; css=&#8221;.vc_custom_1706882072679{margin-bottom: 0px !important;padding-bottom: 0px !important;}&#8221;][\/vc_column_inner][vc_column_inner width=&#8221;1\/6&#8243;][\/vc_column_inner][\/vc_row_inner][vc_row_inner disable_element=&#8221;yes&#8221;][vc_column_inner width=&#8221;1\/6&#8243;][\/vc_column_inner][vc_column_inner width=&#8221;2\/3&#8243;][vc_column_text][\/vc_column_text][\/vc_column_inner][vc_column_inner width=&#8221;1\/6&#8243;][\/vc_column_inner][\/vc_row_inner][vc_row_inner][vc_column_inner][vc_column_text css=&#8221;&#8221;]Relive the oriental history of La Rochelle in the 18th century and discover the vast World fared by La Rochelle sailors then, in the fully restored, furnished and decorated mansion of merchant Weiss. It is&hellip;\" \/>\n<meta property=\"og:url\" content=\"https:\/\/laresidencedesindes.com\/en\/la-residence-1\/\" \/>\n<meta property=\"og:site_name\" content=\"La r\u00e9sidence des Indes\" \/>\n<meta property=\"article:modified_time\" content=\"2026-03-30T13:53:08+00:00\" \/>\n<meta name=\"twitter:card\" content=\"summary_large_image\" \/>\n<meta name=\"twitter:label1\" content=\"Est. reading time\" \/>\n\t<meta name=\"twitter:data1\" content=\"4 minutes\" \/>\n<script type=\"application\/ld+json\" class=\"yoast-schema-graph\">{\"@context\":\"https:\/\/schema.org\",\"@graph\":[{\"@type\":\"WebPage\",\"@id\":\"https:\/\/laresidencedesindes.com\/en\/la-residence-1\/\",\"url\":\"https:\/\/laresidencedesindes.com\/en\/la-residence-1\/\",\"name\":\"La R\u00e9sidence 1 - La r\u00e9sidence des Indes\",\"isPartOf\":{\"@id\":\"https:\/\/laresidencedesindes.com\/#website\"},\"datePublished\":\"2020-02-11T17:22:39+00:00\",\"dateModified\":\"2026-03-30T13:53:08+00:00\",\"breadcrumb\":{\"@id\":\"https:\/\/laresidencedesindes.com\/en\/la-residence-1\/#breadcrumb\"},\"inLanguage\":\"en-US\",\"potentialAction\":[{\"@type\":\"ReadAction\",\"target\":[\"https:\/\/laresidencedesindes.com\/en\/la-residence-1\/\"]}]},{\"@type\":\"BreadcrumbList\",\"@id\":\"https:\/\/laresidencedesindes.com\/en\/la-residence-1\/#breadcrumb\",\"itemListElement\":[{\"@type\":\"ListItem\",\"position\":1,\"name\":\"Accueil\",\"item\":\"https:\/\/laresidencedesindes.com\/en\/\"},{\"@type\":\"ListItem\",\"position\":2,\"name\":\"La R\u00e9sidence 1\"}]},{\"@type\":\"WebSite\",\"@id\":\"https:\/\/laresidencedesindes.com\/#website\",\"url\":\"https:\/\/laresidencedesindes.com\/\",\"name\":\"La r\u00e9sidence des Indes\",\"description\":\"Chambres d&#039;h\u00f4tes \u00e0 la Rochelle\",\"potentialAction\":[{\"@type\":\"SearchAction\",\"target\":{\"@type\":\"EntryPoint\",\"urlTemplate\":\"https:\/\/laresidencedesindes.com\/?s={search_term_string}\"},\"query-input\":{\"@type\":\"PropertyValueSpecification\",\"valueRequired\":true,\"valueName\":\"search_term_string\"}}],\"inLanguage\":\"en-US\"}]}<\/script>\n<!-- \/ Yoast SEO plugin. -->","yoast_head_json":{"title":"La R\u00e9sidence 1 - La r\u00e9sidence des Indes","robots":{"index":"index","follow":"follow","max-snippet":"max-snippet:-1","max-image-preview":"max-image-preview:large","max-video-preview":"max-video-preview:-1"},"canonical":"https:\/\/laresidencedesindes.com\/en\/la-residence-1\/","og_locale":"en_US","og_type":"article","og_title":"La R\u00e9sidence 1 - La r\u00e9sidence des Indes","og_description":"[vc_row css=&#8221;.vc_custom_1579884059988{margin-top: -30px !important;margin-bottom: -70px !important;}&#8221;][vc_column][vc_row_inner][vc_column_inner width=&#8221;1\/6&#8243;][\/vc_column_inner][vc_column_inner width=&#8221;2\/3&#8243;][vc_video link=&#8221;https:\/\/youtu.be\/sUqq8yyheQs&#8221; align=&#8221;center&#8221; css=&#8221;.vc_custom_1706882072679{margin-bottom: 0px !important;padding-bottom: 0px !important;}&#8221;][\/vc_column_inner][vc_column_inner width=&#8221;1\/6&#8243;][\/vc_column_inner][\/vc_row_inner][vc_row_inner disable_element=&#8221;yes&#8221;][vc_column_inner width=&#8221;1\/6&#8243;][\/vc_column_inner][vc_column_inner width=&#8221;2\/3&#8243;][vc_column_text][\/vc_column_text][\/vc_column_inner][vc_column_inner width=&#8221;1\/6&#8243;][\/vc_column_inner][\/vc_row_inner][vc_row_inner][vc_column_inner][vc_column_text css=&#8221;&#8221;]Relive the oriental history of La Rochelle in the 18th century and discover the vast World fared by La Rochelle sailors then, in the fully restored, furnished and decorated mansion of merchant Weiss. It is&hellip;","og_url":"https:\/\/laresidencedesindes.com\/en\/la-residence-1\/","og_site_name":"La r\u00e9sidence des Indes","article_modified_time":"2026-03-30T13:53:08+00:00","twitter_card":"summary_large_image","twitter_misc":{"Est. reading time":"4 minutes"},"schema":{"@context":"https:\/\/schema.org","@graph":[{"@type":"WebPage","@id":"https:\/\/laresidencedesindes.com\/en\/la-residence-1\/","url":"https:\/\/laresidencedesindes.com\/en\/la-residence-1\/","name":"La R\u00e9sidence 1 - La r\u00e9sidence des Indes","isPartOf":{"@id":"https:\/\/laresidencedesindes.com\/#website"},"datePublished":"2020-02-11T17:22:39+00:00","dateModified":"2026-03-30T13:53:08+00:00","breadcrumb":{"@id":"https:\/\/laresidencedesindes.com\/en\/la-residence-1\/#breadcrumb"},"inLanguage":"en-US","potentialAction":[{"@type":"ReadAction","target":["https:\/\/laresidencedesindes.com\/en\/la-residence-1\/"]}]},{"@type":"BreadcrumbList","@id":"https:\/\/laresidencedesindes.com\/en\/la-residence-1\/#breadcrumb","itemListElement":[{"@type":"ListItem","position":1,"name":"Accueil","item":"https:\/\/laresidencedesindes.com\/en\/"},{"@type":"ListItem","position":2,"name":"La R\u00e9sidence 1"}]},{"@type":"WebSite","@id":"https:\/\/laresidencedesindes.com\/#website","url":"https:\/\/laresidencedesindes.com\/","name":"La r\u00e9sidence des Indes","description":"Chambres d&#039;h\u00f4tes \u00e0 la Rochelle","potentialAction":[{"@type":"SearchAction","target":{"@type":"EntryPoint","urlTemplate":"https:\/\/laresidencedesindes.com\/?s={search_term_string}"},"query-input":{"@type":"PropertyValueSpecification","valueRequired":true,"valueName":"search_term_string"}}],"inLanguage":"en-US"}]}},"_links":{"self":[{"href":"https:\/\/laresidencedesindes.com\/en\/wp-json\/wp\/v2\/pages\/1921","targetHints":{"allow":["GET"]}}],"collection":[{"href":"https:\/\/laresidencedesindes.com\/en\/wp-json\/wp\/v2\/pages"}],"about":[{"href":"https:\/\/laresidencedesindes.com\/en\/wp-json\/wp\/v2\/types\/page"}],"author":[{"embeddable":true,"href":"https:\/\/laresidencedesindes.com\/en\/wp-json\/wp\/v2\/users\/1"}],"replies":[{"embeddable":true,"href":"https:\/\/laresidencedesindes.com\/en\/wp-json\/wp\/v2\/comments?post=1921"}],"version-history":[{"count":17,"href":"https:\/\/laresidencedesindes.com\/en\/wp-json\/wp\/v2\/pages\/1921\/revisions"}],"predecessor-version":[{"id":3182,"href":"https:\/\/laresidencedesindes.com\/en\/wp-json\/wp\/v2\/pages\/1921\/revisions\/3182"}],"wp:attachment":[{"href":"https:\/\/laresidencedesindes.com\/en\/wp-json\/wp\/v2\/media?parent=1921"}],"curies":[{"name":"wp","href":"https:\/\/api.w.org\/{rel}","templated":true}]}}