{"id":1903,"date":"2020-02-11T17:54:09","date_gmt":"2020-02-11T16:54:09","guid":{"rendered":"http:\/\/laresidencedesindes.com\/?page_id=1903"},"modified":"2026-03-30T16:02:19","modified_gmt":"2026-03-30T14:02:19","slug":"les-chambres-1","status":"publish","type":"page","link":"https:\/\/laresidencedesindes.com\/en\/les-chambres-1\/","title":{"rendered":"Les chambres 1"},"content":{"rendered":"<div class=\"wpb-content-wrapper\"><p>[vc_row full_height=&#8221;yes&#8221; el_class=&#8221;txtblanc&#8221;][vc_column width=&#8221;1\/2&#8243;]<div class=\"ult-new-ib ult-ib-effect-style14  ult-ib-resp  \" data-min-width=\"768\" data-max-width=\"900\" style=\"background:#dd9933;\" data-opacity=\"0.8\" data-hover-opacity=\"0.3\" ><img decoding=\"async\" class=\"ult-new-ib-img\" style=\"opacity:0.8;\" alt=\"null\" src=\"https:\/\/laresidencedesindes.com\/wp-content\/uploads\/2025\/08\/20250806_122459-scaled.jpg\"   \/><div id=\"interactive-banner-wrap-9142\" class=\"ult-new-ib-desc\" style=\"\"><h2 class=\"ult-new-ib-title ult-responsive\"  data-ultimate-target='#interactive-banner-wrap-9142 .ult-new-ib-title'  data-responsive-json-new='{\"font-size\":\"\",\"line-height\":\"\"}'  style=\"font-weight:normal;\">Orient<\/h2><div class=\"ult-new-ib-content ult-responsive\"  data-ultimate-target='#interactive-banner-wrap-9142 .ult-new-ib-content'  data-responsive-json-new='{\"font-size\":\"desktop:11px;\",\"line-height\":\"desktop:15px;\"}'  style=\"font-weight:normal;\"><p>A bedroom of 20 sqm for two people, with a Far-Eastern decor, overlooking the garden.<\/p><\/div><\/div><a class=\"ult-new-ib-link\" href=\"\/en\/les-chambres-1\/orient-1\/\"  ><\/a><\/div>[vc_empty_space height=&#8221;10px&#8221;]<div class=\"ult-new-ib ult-ib-effect-style14  ult-ib-resp  \" data-min-width=\"768\" data-max-width=\"900\" style=\"background:#dd9933;\" data-opacity=\"0.8\" data-hover-opacity=\"0.3\" ><img decoding=\"async\" class=\"ult-new-ib-img\" style=\"opacity:0.8;\" alt=\"null\" src=\"https:\/\/laresidencedesindes.com\/wp-content\/uploads\/2025\/08\/20250804_160301-scaled.jpg\"   \/><div id=\"interactive-banner-wrap-3855\" class=\"ult-new-ib-desc\" style=\"\"><h2 class=\"ult-new-ib-title ult-responsive\"  data-ultimate-target='#interactive-banner-wrap-3855 .ult-new-ib-title'  data-responsive-json-new='{\"font-size\":\"\",\"line-height\":\"\"}'  style=\"font-weight:normal;\">Bombay<\/h2><div class=\"ult-new-ib-content ult-responsive\"  data-ultimate-target='#interactive-banner-wrap-3855 .ult-new-ib-content'  data-responsive-json-new='{\"font-size\":\"desktop:11px;\",\"line-height\":\"desktop:15px;\"}'  style=\"font-weight:normal;\"><p>A large \u00ab Indian \u00bb room of 24 sqm. for two people<\/p><\/div><\/div><a class=\"ult-new-ib-link\" href=\"\/en\/les-chambres-1\/bombay-1\/\"  ><\/a><\/div>[vc_empty_space height=&#8221;10px&#8221;]<div class=\"ult-new-ib ult-ib-effect-style14  ult-ib-resp  \" data-min-width=\"768\" data-max-width=\"900\" style=\"background:#dd9933;\" data-opacity=\"0.8\" data-hover-opacity=\"0.3\" ><img decoding=\"async\" class=\"ult-new-ib-img\" style=\"opacity:0.8;\" alt=\"null\" src=\"https:\/\/laresidencedesindes.com\/wp-content\/uploads\/2025\/10\/20251026_112052.jpg\"   \/><div id=\"interactive-banner-wrap-4743\" class=\"ult-new-ib-desc\" style=\"\"><h2 class=\"ult-new-ib-title ult-responsive\"  data-ultimate-target='#interactive-banner-wrap-4743 .ult-new-ib-title'  data-responsive-json-new='{\"font-size\":\"\",\"line-height\":\"\"}'  style=\"font-weight:normal;\">Warli<\/h2><div class=\"ult-new-ib-content ult-responsive\"  data-ultimate-target='#interactive-banner-wrap-4743 .ult-new-ib-content'  data-responsive-json-new='{\"font-size\":\"desktop:11px;\",\"line-height\":\"desktop:15px;\"}'  style=\"font-weight:normal;\"><p>A 32\u202fm\u00b2 suite located in the attic on the 3rd floor, featuring two independent bedrooms \u2014 one with a double bed and the other with two single beds \u2014 as well as a shared bathroom. Please note: some areas have a ceiling height of less than 1.8\u202fm.<\/p><\/div><\/div><a class=\"ult-new-ib-link\" href=\"\/en\/les-chambres-1\/warli\/\"  ><\/a><\/div>[vc_empty_space height=&#8221;10px&#8221;][\/vc_column][vc_column width=&#8221;1\/2&#8243;]<div class=\"ult-new-ib ult-ib-effect-style14  ult-ib-resp  \" data-min-width=\"768\" data-max-width=\"900\" style=\"background:#dd9933;\" data-opacity=\"0.8\" data-hover-opacity=\"0.3\" ><img decoding=\"async\" class=\"ult-new-ib-img\" style=\"opacity:0.8;\" alt=\"null\" src=\"https:\/\/laresidencedesindes.com\/wp-content\/uploads\/2025\/08\/20250806_124414.jpg\"   \/><div id=\"interactive-banner-wrap-9897\" class=\"ult-new-ib-desc\" style=\"\"><h2 class=\"ult-new-ib-title ult-responsive\"  data-ultimate-target='#interactive-banner-wrap-9897 .ult-new-ib-title'  data-responsive-json-new='{\"font-size\":\"\",\"line-height\":\"\"}'  style=\"font-weight:normal;\">Les Indes<\/h2><div class=\"ult-new-ib-content ult-responsive\"  data-ultimate-target='#interactive-banner-wrap-9897 .ult-new-ib-content'  data-responsive-json-new='{\"font-size\":\"desktop:11px;\",\"line-height\":\"desktop:15px;\"}'  style=\"font-weight:normal;\"><p>A very large \u00ab Indian \u00bb room of 34 sqm. for two people, overlooking the garden.<\/p><\/div><\/div><a class=\"ult-new-ib-link\" href=\"\/en\/les-chambres-1\/les-indes-1\/\"  ><\/a><\/div>[vc_empty_space height=&#8221;10px&#8221;]<div class=\"ult-new-ib ult-ib-effect-style14  ult-ib-resp  \" data-min-width=\"768\" data-max-width=\"900\" style=\"background:#dd9933;\" data-opacity=\"0.8\" data-hover-opacity=\"0.3\" ><img decoding=\"async\" class=\"ult-new-ib-img\" style=\"opacity:0.8;\" alt=\"null\" src=\"https:\/\/laresidencedesindes.com\/wp-content\/uploads\/2025\/08\/20250801_125928.jpg\"   \/><div id=\"interactive-banner-wrap-5051\" class=\"ult-new-ib-desc\" style=\"\"><h2 class=\"ult-new-ib-title ult-responsive\"  data-ultimate-target='#interactive-banner-wrap-5051 .ult-new-ib-title'  data-responsive-json-new='{\"font-size\":\"\",\"line-height\":\"\"}'  style=\"font-weight:normal;\">Kama<\/h2><div class=\"ult-new-ib-content ult-responsive\"  data-ultimate-target='#interactive-banner-wrap-5051 .ult-new-ib-content'  data-responsive-json-new='{\"font-size\":\"desktop:11px;\",\"line-height\":\"desktop:15px;\"}'  style=\"font-weight:normal;\"><p>A 40 m\u00b2 suite on a libertine and sensuous theme, comprising of 1) a bedroom with genuine 18th century furniture and decor, a 180 cms bed, a desk and a seating corner, 2) an Indian style drawing room with a 140 cms convertible sofa, cable and flat screen TV and 3) a large bathroom with Italian style shower and toilets.<\/p><\/div><\/div><a class=\"ult-new-ib-link\" href=\"\/en\/les-chambres-1\/kama\/\"  ><\/a><\/div>[vc_empty_space height=&#8221;10px&#8221;][\/vc_column][\/vc_row][vc_row][vc_column][vc_btn title=&#8221;Discover breakfast&#8221; color=&#8221;warning&#8221; align=&#8221;center&#8221; link=&#8221;url:http%3A%2F%2Flaresidencedesindes.com%2Fen%2Fbreakfast%2F|title:Breakfast||&#8221;][\/vc_column][\/vc_row]<\/p>\n<\/div>","protected":false},"excerpt":{"rendered":"<p>[vc_row full_height=&#8221;yes&#8221; el_class=&#8221;txtblanc&#8221;][vc_column width=&#8221;1\/2&#8243;][vc_empty_space height=&#8221;10px&#8221;][vc_empty_space height=&#8221;10px&#8221;][vc_empty_space height=&#8221;10px&#8221;][\/vc_column][vc_column width=&#8221;1\/2&#8243;][vc_empty_space height=&#8221;10px&#8221;][vc_empty_space height=&#8221;10px&#8221;][\/vc_column][\/vc_row][vc_row][vc_column][vc_btn title=&#8221;Discover breakfast&#8221; color=&#8221;warning&#8221; align=&#8221;center&#8221; link=&#8221;url:http%3A%2F%2Flaresidencedesindes.com%2Fen%2Fbreakfast%2F|title:Breakfast||&#8221;][\/vc_column][\/vc_row]<\/p>\n","protected":false},"author":1,"featured_media":0,"parent":0,"menu_order":0,"comment_status":"closed","ping_status":"closed","template":"","meta":{"footnotes":""},"class_list":["post-1903","page","type-page","status-publish","hentry","description-off"],"yoast_head":"<!-- This site is optimized with the Yoast SEO plugin v24.8.1 - https:\/\/yoast.com\/wordpress\/plugins\/seo\/ -->\n<title>Les chambres 1 - La r\u00e9sidence des Indes<\/title>\n<meta name=\"robots\" content=\"index, follow, max-snippet:-1, max-image-preview:large, max-video-preview:-1\" \/>\n<link rel=\"canonical\" href=\"https:\/\/laresidencedesindes.com\/en\/les-chambres-1\/\" \/>\n<meta property=\"og:locale\" content=\"en_US\" \/>\n<meta property=\"og:type\" content=\"article\" \/>\n<meta property=\"og:title\" content=\"Les chambres 1 - La r\u00e9sidence des Indes\" \/>\n<meta property=\"og:description\" content=\"[vc_row full_height=&#8221;yes&#8221; el_class=&#8221;txtblanc&#8221;][vc_column width=&#8221;1\/2&#8243;][vc_empty_space height=&#8221;10px&#8221;][vc_empty_space height=&#8221;10px&#8221;][vc_empty_space height=&#8221;10px&#8221;][\/vc_column][vc_column width=&#8221;1\/2&#8243;][vc_empty_space height=&#8221;10px&#8221;][vc_empty_space height=&#8221;10px&#8221;][\/vc_column][\/vc_row][vc_row][vc_column][vc_btn title=&#8221;Discover breakfast&#8221; color=&#8221;warning&#8221; align=&#8221;center&#8221; link=&#8221;url:http%3A%2F%2Flaresidencedesindes.com%2Fen%2Fbreakfast%2F|title:Breakfast||&#8221;][\/vc_column][\/vc_row]\" \/>\n<meta property=\"og:url\" content=\"https:\/\/laresidencedesindes.com\/en\/les-chambres-1\/\" \/>\n<meta property=\"og:site_name\" content=\"La r\u00e9sidence des Indes\" \/>\n<meta property=\"article:modified_time\" content=\"2026-03-30T14:02:19+00:00\" \/>\n<meta name=\"twitter:card\" content=\"summary_large_image\" \/>\n<meta name=\"twitter:label1\" content=\"Est. reading time\" \/>\n\t<meta name=\"twitter:data1\" content=\"2 minutes\" \/>\n<script type=\"application\/ld+json\" class=\"yoast-schema-graph\">{\"@context\":\"https:\/\/schema.org\",\"@graph\":[{\"@type\":\"WebPage\",\"@id\":\"https:\/\/laresidencedesindes.com\/en\/les-chambres-1\/\",\"url\":\"https:\/\/laresidencedesindes.com\/en\/les-chambres-1\/\",\"name\":\"Les chambres 1 - La r\u00e9sidence des Indes\",\"isPartOf\":{\"@id\":\"https:\/\/laresidencedesindes.com\/#website\"},\"datePublished\":\"2020-02-11T16:54:09+00:00\",\"dateModified\":\"2026-03-30T14:02:19+00:00\",\"breadcrumb\":{\"@id\":\"https:\/\/laresidencedesindes.com\/en\/les-chambres-1\/#breadcrumb\"},\"inLanguage\":\"en-US\",\"potentialAction\":[{\"@type\":\"ReadAction\",\"target\":[\"https:\/\/laresidencedesindes.com\/en\/les-chambres-1\/\"]}]},{\"@type\":\"BreadcrumbList\",\"@id\":\"https:\/\/laresidencedesindes.com\/en\/les-chambres-1\/#breadcrumb\",\"itemListElement\":[{\"@type\":\"ListItem\",\"position\":1,\"name\":\"Accueil\",\"item\":\"https:\/\/laresidencedesindes.com\/en\/\"},{\"@type\":\"ListItem\",\"position\":2,\"name\":\"Les chambres 1\"}]},{\"@type\":\"WebSite\",\"@id\":\"https:\/\/laresidencedesindes.com\/#website\",\"url\":\"https:\/\/laresidencedesindes.com\/\",\"name\":\"La r\u00e9sidence des Indes\",\"description\":\"Chambres d&#039;h\u00f4tes \u00e0 la Rochelle\",\"potentialAction\":[{\"@type\":\"SearchAction\",\"target\":{\"@type\":\"EntryPoint\",\"urlTemplate\":\"https:\/\/laresidencedesindes.com\/?s={search_term_string}\"},\"query-input\":{\"@type\":\"PropertyValueSpecification\",\"valueRequired\":true,\"valueName\":\"search_term_string\"}}],\"inLanguage\":\"en-US\"}]}<\/script>\n<!-- \/ Yoast SEO plugin. -->","yoast_head_json":{"title":"Les chambres 1 - La r\u00e9sidence des Indes","robots":{"index":"index","follow":"follow","max-snippet":"max-snippet:-1","max-image-preview":"max-image-preview:large","max-video-preview":"max-video-preview:-1"},"canonical":"https:\/\/laresidencedesindes.com\/en\/les-chambres-1\/","og_locale":"en_US","og_type":"article","og_title":"Les chambres 1 - La r\u00e9sidence des Indes","og_description":"[vc_row full_height=&#8221;yes&#8221; el_class=&#8221;txtblanc&#8221;][vc_column width=&#8221;1\/2&#8243;][vc_empty_space height=&#8221;10px&#8221;][vc_empty_space height=&#8221;10px&#8221;][vc_empty_space height=&#8221;10px&#8221;][\/vc_column][vc_column width=&#8221;1\/2&#8243;][vc_empty_space height=&#8221;10px&#8221;][vc_empty_space height=&#8221;10px&#8221;][\/vc_column][\/vc_row][vc_row][vc_column][vc_btn title=&#8221;Discover breakfast&#8221; color=&#8221;warning&#8221; align=&#8221;center&#8221; link=&#8221;url:http%3A%2F%2Flaresidencedesindes.com%2Fen%2Fbreakfast%2F|title:Breakfast||&#8221;][\/vc_column][\/vc_row]","og_url":"https:\/\/laresidencedesindes.com\/en\/les-chambres-1\/","og_site_name":"La r\u00e9sidence des Indes","article_modified_time":"2026-03-30T14:02:19+00:00","twitter_card":"summary_large_image","twitter_misc":{"Est. reading time":"2 minutes"},"schema":{"@context":"https:\/\/schema.org","@graph":[{"@type":"WebPage","@id":"https:\/\/laresidencedesindes.com\/en\/les-chambres-1\/","url":"https:\/\/laresidencedesindes.com\/en\/les-chambres-1\/","name":"Les chambres 1 - La r\u00e9sidence des Indes","isPartOf":{"@id":"https:\/\/laresidencedesindes.com\/#website"},"datePublished":"2020-02-11T16:54:09+00:00","dateModified":"2026-03-30T14:02:19+00:00","breadcrumb":{"@id":"https:\/\/laresidencedesindes.com\/en\/les-chambres-1\/#breadcrumb"},"inLanguage":"en-US","potentialAction":[{"@type":"ReadAction","target":["https:\/\/laresidencedesindes.com\/en\/les-chambres-1\/"]}]},{"@type":"BreadcrumbList","@id":"https:\/\/laresidencedesindes.com\/en\/les-chambres-1\/#breadcrumb","itemListElement":[{"@type":"ListItem","position":1,"name":"Accueil","item":"https:\/\/laresidencedesindes.com\/en\/"},{"@type":"ListItem","position":2,"name":"Les chambres 1"}]},{"@type":"WebSite","@id":"https:\/\/laresidencedesindes.com\/#website","url":"https:\/\/laresidencedesindes.com\/","name":"La r\u00e9sidence des Indes","description":"Chambres d&#039;h\u00f4tes \u00e0 la Rochelle","potentialAction":[{"@type":"SearchAction","target":{"@type":"EntryPoint","urlTemplate":"https:\/\/laresidencedesindes.com\/?s={search_term_string}"},"query-input":{"@type":"PropertyValueSpecification","valueRequired":true,"valueName":"search_term_string"}}],"inLanguage":"en-US"}]}},"_links":{"self":[{"href":"https:\/\/laresidencedesindes.com\/en\/wp-json\/wp\/v2\/pages\/1903","targetHints":{"allow":["GET"]}}],"collection":[{"href":"https:\/\/laresidencedesindes.com\/en\/wp-json\/wp\/v2\/pages"}],"about":[{"href":"https:\/\/laresidencedesindes.com\/en\/wp-json\/wp\/v2\/types\/page"}],"author":[{"embeddable":true,"href":"https:\/\/laresidencedesindes.com\/en\/wp-json\/wp\/v2\/users\/1"}],"replies":[{"embeddable":true,"href":"https:\/\/laresidencedesindes.com\/en\/wp-json\/wp\/v2\/comments?post=1903"}],"version-history":[{"count":10,"href":"https:\/\/laresidencedesindes.com\/en\/wp-json\/wp\/v2\/pages\/1903\/revisions"}],"predecessor-version":[{"id":3188,"href":"https:\/\/laresidencedesindes.com\/en\/wp-json\/wp\/v2\/pages\/1903\/revisions\/3188"}],"wp:attachment":[{"href":"https:\/\/laresidencedesindes.com\/en\/wp-json\/wp\/v2\/media?parent=1903"}],"curies":[{"name":"wp","href":"https:\/\/api.w.org\/{rel}","templated":true}]}}