{"id":1900,"date":"2020-02-11T17:52:47","date_gmt":"2020-02-11T16:52:47","guid":{"rendered":"http:\/\/laresidencedesindes.com\/?page_id=1900"},"modified":"2026-02-04T11:03:01","modified_gmt":"2026-02-04T10:03:01","slug":"orient-1","status":"publish","type":"page","link":"https:\/\/laresidencedesindes.com\/en\/les-chambres-1\/orient-1\/","title":{"rendered":"Orient 1"},"content":{"rendered":"<div class=\"wpb-content-wrapper\"><p>[vc_row css=&#8221;.vc_custom_1580828990061{margin-top: -60px !important;margin-bottom: -70px !important;}&#8221;][vc_column][vc_row_inner][vc_column_inner width=&#8221;1\/6&#8243;][\/vc_column_inner][vc_column_inner width=&#8221;2\/3&#8243;][vc_column_text][\/vc_column_text][vc_btn title=&#8221;Availability and tariff&#8221; color=&#8221;warning&#8221; align=&#8221;center&#8221; i_icon_fontawesome=&#8221;fas fa-calendar&#8221; css=&#8221;.vc_custom_1675347065644{margin-top: -30px !important;margin-bottom: 5px !important;}&#8221; add_icon=&#8221;true&#8221; link=&#8221;url:https%3A%2F%2Fvia.eviivo.com%2FResidencedesIndes||target:%20_blank|&#8221;][\/vc_column_inner][vc_column_inner width=&#8221;1\/6&#8243;][\/vc_column_inner][\/vc_row_inner][vc_column_text css=&#8221;&#8221;]A bedroom of 20 sqm for two people, with a Far-Eastern decor, overlooking the garden.<br \/>\nA 140 cm double bed, a private bathroom with a spacious shower, WC and a Zen ambience, a hair dryer, a double paned window, a high speed internet connection (Wi-Fi and wall socket).<br \/>\nDecorated with genuine old Meiji-period Japanese lacquered panels and Ming-period vases in red Peking lacquer, from the hosts\u2019 collection.[\/vc_column_text][vc_row_inner][vc_column_inner width=&#8221;1\/4&#8243;][vc_btn title=&#8221;Discover the room <i> Les Indes <\/i>&#8221; color=&#8221;warning&#8221; align=&#8221;center&#8221; link=&#8221;url:%2Fen%2Fles-chambres-1%2Fles-indes-1%2F|||&#8221;][\/vc_column_inner][vc_column_inner width=&#8221;1\/4&#8243;][vc_btn title=&#8221;Discover the room <i> Bombay <\/i>&#8221; color=&#8221;warning&#8221; align=&#8221;center&#8221; link=&#8221;url:%2Fen%2Fles-chambres-1%2Fbombay-1%2F|||&#8221;][\/vc_column_inner][vc_column_inner width=&#8221;1\/4&#8243;][vc_btn title=&#8221;Discover the suite <i> Kama <\/i>&#8221; color=&#8221;warning&#8221; align=&#8221;center&#8221; link=&#8221;url:%2Fen%2Fles-chambres-1%2Fkama%2F&#8221;][\/vc_column_inner][vc_column_inner width=&#8221;1\/4&#8243;][vc_btn title=&#8221;Discover the suite <i> Warli <\/i>&#8221; color=&#8221;warning&#8221; align=&#8221;center&#8221; css=&#8221;&#8221; link=&#8221;url:%2Fen%2Fles-chambres-1%2Fwarli%2F&#8221;][\/vc_column_inner][\/vc_row_inner][\/vc_column][\/vc_row]<\/p>\n<\/div>","protected":false},"excerpt":{"rendered":"<p>[vc_row css=&#8221;.vc_custom_1580828990061{margin-top: -60px !important;margin-bottom: -70px !important;}&#8221;][vc_column][vc_row_inner][vc_column_inner width=&#8221;1\/6&#8243;][\/vc_column_inner][vc_column_inner width=&#8221;2\/3&#8243;][vc_column_text][\/vc_column_text][vc_btn title=&#8221;Availability and tariff&#8221; color=&#8221;warning&#8221; align=&#8221;center&#8221; i_icon_fontawesome=&#8221;fas fa-calendar&#8221; css=&#8221;.vc_custom_1675347065644{margin-top: -30px !important;margin-bottom: 5px !important;}&#8221; add_icon=&#8221;true&#8221; link=&#8221;url:https%3A%2F%2Fvia.eviivo.com%2FResidencedesIndes||target:%20_blank|&#8221;][\/vc_column_inner][vc_column_inner width=&#8221;1\/6&#8243;][\/vc_column_inner][\/vc_row_inner][vc_column_text css=&#8221;&#8221;]A bedroom of 20 sqm for two people, with a Far-Eastern decor, overlooking the garden. A 140 cm double bed, a private bathroom with a spacious shower, WC and a Zen ambience,&hellip;<\/p>\n","protected":false},"author":1,"featured_media":0,"parent":1903,"menu_order":0,"comment_status":"closed","ping_status":"closed","template":"","meta":{"footnotes":""},"class_list":["post-1900","page","type-page","status-publish","hentry","description-off"],"yoast_head":"<!-- This site is optimized with the Yoast SEO plugin v24.8.1 - https:\/\/yoast.com\/wordpress\/plugins\/seo\/ -->\n<title>Orient 1 - La r\u00e9sidence des Indes<\/title>\n<meta name=\"robots\" content=\"index, follow, max-snippet:-1, max-image-preview:large, max-video-preview:-1\" \/>\n<link rel=\"canonical\" href=\"https:\/\/laresidencedesindes.com\/en\/les-chambres-1\/orient-1\/\" \/>\n<meta property=\"og:locale\" content=\"en_US\" \/>\n<meta property=\"og:type\" content=\"article\" \/>\n<meta property=\"og:title\" content=\"Orient 1 - La r\u00e9sidence des Indes\" \/>\n<meta property=\"og:description\" content=\"[vc_row css=&#8221;.vc_custom_1580828990061{margin-top: -60px !important;margin-bottom: -70px !important;}&#8221;][vc_column][vc_row_inner][vc_column_inner width=&#8221;1\/6&#8243;][\/vc_column_inner][vc_column_inner width=&#8221;2\/3&#8243;][vc_column_text][\/vc_column_text][vc_btn title=&#8221;Availability and tariff&#8221; color=&#8221;warning&#8221; align=&#8221;center&#8221; i_icon_fontawesome=&#8221;fas fa-calendar&#8221; css=&#8221;.vc_custom_1675347065644{margin-top: -30px !important;margin-bottom: 5px !important;}&#8221; add_icon=&#8221;true&#8221; link=&#8221;url:https%3A%2F%2Fvia.eviivo.com%2FResidencedesIndes||target:%20_blank|&#8221;][\/vc_column_inner][vc_column_inner width=&#8221;1\/6&#8243;][\/vc_column_inner][\/vc_row_inner][vc_column_text css=&#8221;&#8221;]A bedroom of 20 sqm for two people, with a Far-Eastern decor, overlooking the garden. A 140 cm double bed, a private bathroom with a spacious shower, WC and a Zen ambience,&hellip;\" \/>\n<meta property=\"og:url\" content=\"https:\/\/laresidencedesindes.com\/en\/les-chambres-1\/orient-1\/\" \/>\n<meta property=\"og:site_name\" content=\"La r\u00e9sidence des Indes\" \/>\n<meta property=\"article:modified_time\" content=\"2026-02-04T10:03:01+00:00\" \/>\n<meta name=\"twitter:card\" content=\"summary_large_image\" \/>\n<meta name=\"twitter:label1\" content=\"Est. reading time\" \/>\n\t<meta name=\"twitter:data1\" content=\"1 minute\" \/>\n<script type=\"application\/ld+json\" class=\"yoast-schema-graph\">{\"@context\":\"https:\/\/schema.org\",\"@graph\":[{\"@type\":\"WebPage\",\"@id\":\"https:\/\/laresidencedesindes.com\/en\/les-chambres-1\/orient-1\/\",\"url\":\"https:\/\/laresidencedesindes.com\/en\/les-chambres-1\/orient-1\/\",\"name\":\"Orient 1 - La r\u00e9sidence des Indes\",\"isPartOf\":{\"@id\":\"https:\/\/laresidencedesindes.com\/#website\"},\"datePublished\":\"2020-02-11T16:52:47+00:00\",\"dateModified\":\"2026-02-04T10:03:01+00:00\",\"breadcrumb\":{\"@id\":\"https:\/\/laresidencedesindes.com\/en\/les-chambres-1\/orient-1\/#breadcrumb\"},\"inLanguage\":\"en-US\",\"potentialAction\":[{\"@type\":\"ReadAction\",\"target\":[\"https:\/\/laresidencedesindes.com\/en\/les-chambres-1\/orient-1\/\"]}]},{\"@type\":\"BreadcrumbList\",\"@id\":\"https:\/\/laresidencedesindes.com\/en\/les-chambres-1\/orient-1\/#breadcrumb\",\"itemListElement\":[{\"@type\":\"ListItem\",\"position\":1,\"name\":\"Accueil\",\"item\":\"https:\/\/laresidencedesindes.com\/en\/\"},{\"@type\":\"ListItem\",\"position\":2,\"name\":\"Les chambres 1\",\"item\":\"https:\/\/laresidencedesindes.com\/en\/les-chambres-1\/\"},{\"@type\":\"ListItem\",\"position\":3,\"name\":\"Orient 1\"}]},{\"@type\":\"WebSite\",\"@id\":\"https:\/\/laresidencedesindes.com\/#website\",\"url\":\"https:\/\/laresidencedesindes.com\/\",\"name\":\"La r\u00e9sidence des Indes\",\"description\":\"Chambres d&#039;h\u00f4tes \u00e0 la Rochelle\",\"potentialAction\":[{\"@type\":\"SearchAction\",\"target\":{\"@type\":\"EntryPoint\",\"urlTemplate\":\"https:\/\/laresidencedesindes.com\/?s={search_term_string}\"},\"query-input\":{\"@type\":\"PropertyValueSpecification\",\"valueRequired\":true,\"valueName\":\"search_term_string\"}}],\"inLanguage\":\"en-US\"}]}<\/script>\n<!-- \/ Yoast SEO plugin. -->","yoast_head_json":{"title":"Orient 1 - La r\u00e9sidence des Indes","robots":{"index":"index","follow":"follow","max-snippet":"max-snippet:-1","max-image-preview":"max-image-preview:large","max-video-preview":"max-video-preview:-1"},"canonical":"https:\/\/laresidencedesindes.com\/en\/les-chambres-1\/orient-1\/","og_locale":"en_US","og_type":"article","og_title":"Orient 1 - La r\u00e9sidence des Indes","og_description":"[vc_row css=&#8221;.vc_custom_1580828990061{margin-top: -60px !important;margin-bottom: -70px !important;}&#8221;][vc_column][vc_row_inner][vc_column_inner width=&#8221;1\/6&#8243;][\/vc_column_inner][vc_column_inner width=&#8221;2\/3&#8243;][vc_column_text][\/vc_column_text][vc_btn title=&#8221;Availability and tariff&#8221; color=&#8221;warning&#8221; align=&#8221;center&#8221; i_icon_fontawesome=&#8221;fas fa-calendar&#8221; css=&#8221;.vc_custom_1675347065644{margin-top: -30px !important;margin-bottom: 5px !important;}&#8221; add_icon=&#8221;true&#8221; link=&#8221;url:https%3A%2F%2Fvia.eviivo.com%2FResidencedesIndes||target:%20_blank|&#8221;][\/vc_column_inner][vc_column_inner width=&#8221;1\/6&#8243;][\/vc_column_inner][\/vc_row_inner][vc_column_text css=&#8221;&#8221;]A bedroom of 20 sqm for two people, with a Far-Eastern decor, overlooking the garden. A 140 cm double bed, a private bathroom with a spacious shower, WC and a Zen ambience,&hellip;","og_url":"https:\/\/laresidencedesindes.com\/en\/les-chambres-1\/orient-1\/","og_site_name":"La r\u00e9sidence des Indes","article_modified_time":"2026-02-04T10:03:01+00:00","twitter_card":"summary_large_image","twitter_misc":{"Est. reading time":"1 minute"},"schema":{"@context":"https:\/\/schema.org","@graph":[{"@type":"WebPage","@id":"https:\/\/laresidencedesindes.com\/en\/les-chambres-1\/orient-1\/","url":"https:\/\/laresidencedesindes.com\/en\/les-chambres-1\/orient-1\/","name":"Orient 1 - La r\u00e9sidence des Indes","isPartOf":{"@id":"https:\/\/laresidencedesindes.com\/#website"},"datePublished":"2020-02-11T16:52:47+00:00","dateModified":"2026-02-04T10:03:01+00:00","breadcrumb":{"@id":"https:\/\/laresidencedesindes.com\/en\/les-chambres-1\/orient-1\/#breadcrumb"},"inLanguage":"en-US","potentialAction":[{"@type":"ReadAction","target":["https:\/\/laresidencedesindes.com\/en\/les-chambres-1\/orient-1\/"]}]},{"@type":"BreadcrumbList","@id":"https:\/\/laresidencedesindes.com\/en\/les-chambres-1\/orient-1\/#breadcrumb","itemListElement":[{"@type":"ListItem","position":1,"name":"Accueil","item":"https:\/\/laresidencedesindes.com\/en\/"},{"@type":"ListItem","position":2,"name":"Les chambres 1","item":"https:\/\/laresidencedesindes.com\/en\/les-chambres-1\/"},{"@type":"ListItem","position":3,"name":"Orient 1"}]},{"@type":"WebSite","@id":"https:\/\/laresidencedesindes.com\/#website","url":"https:\/\/laresidencedesindes.com\/","name":"La r\u00e9sidence des Indes","description":"Chambres d&#039;h\u00f4tes \u00e0 la Rochelle","potentialAction":[{"@type":"SearchAction","target":{"@type":"EntryPoint","urlTemplate":"https:\/\/laresidencedesindes.com\/?s={search_term_string}"},"query-input":{"@type":"PropertyValueSpecification","valueRequired":true,"valueName":"search_term_string"}}],"inLanguage":"en-US"}]}},"_links":{"self":[{"href":"https:\/\/laresidencedesindes.com\/en\/wp-json\/wp\/v2\/pages\/1900","targetHints":{"allow":["GET"]}}],"collection":[{"href":"https:\/\/laresidencedesindes.com\/en\/wp-json\/wp\/v2\/pages"}],"about":[{"href":"https:\/\/laresidencedesindes.com\/en\/wp-json\/wp\/v2\/types\/page"}],"author":[{"embeddable":true,"href":"https:\/\/laresidencedesindes.com\/en\/wp-json\/wp\/v2\/users\/1"}],"replies":[{"embeddable":true,"href":"https:\/\/laresidencedesindes.com\/en\/wp-json\/wp\/v2\/comments?post=1900"}],"version-history":[{"count":13,"href":"https:\/\/laresidencedesindes.com\/en\/wp-json\/wp\/v2\/pages\/1900\/revisions"}],"predecessor-version":[{"id":3149,"href":"https:\/\/laresidencedesindes.com\/en\/wp-json\/wp\/v2\/pages\/1900\/revisions\/3149"}],"up":[{"embeddable":true,"href":"https:\/\/laresidencedesindes.com\/en\/wp-json\/wp\/v2\/pages\/1903"}],"wp:attachment":[{"href":"https:\/\/laresidencedesindes.com\/en\/wp-json\/wp\/v2\/media?parent=1900"}],"curies":[{"name":"wp","href":"https:\/\/api.w.org\/{rel}","templated":true}]}}